{"id":15136,"date":"2020-04-27T20:36:56","date_gmt":"2020-04-27T19:36:56","guid":{"rendered":"https:\/\/www.ateti.pt\/loja\/?post_type=product&#038;p=15136"},"modified":"2025-10-10T16:16:38","modified_gmt":"2025-10-10T15:16:38","slug":"soro-fisiologico-246-corine-de-farme","status":"publish","type":"product","link":"https:\/\/www.ateti.pt\/loja\/produto\/soro-fisiologico-246-corine-de-farme\/","title":{"rendered":"Soro Fisiol\u00f3gico (24+6) Corine de Farme"},"content":{"rendered":"<h5>Soro Fisiol\u00f3gico Corine de Farme<\/h5>\n<h5>Descri\u00e7\u00e3o:<\/h5>\n<p>A sua apresenta\u00e7\u00e3o em unidoses est\u00e9reis permite ao Soro Fisiol\u00f3gico Corine de Farme uma utiliza\u00e7\u00e3o pr\u00e1tica e segura&#8230;<br \/>\nUtilizar para a limpeza das fossas nasais do beb\u00e9 e para fazer a higiene dos seus olhos.<br \/>\nHumidifica as mucosas nasais, facilita as secre\u00e7\u00f5es e a respira\u00e7\u00e3o.<br \/>\nLimpa as p\u00e1lpebras e elimina as impurezas do olho.<\/p>\n<h5>Composi\u00e7\u00e3o:<\/h5>\n<p>Solu\u00e7\u00e3o de cloreto de s\u00f3dio 0,9%. Hipoalerg\u00e9nico*<\/p>\n<p>* Formulado para minimizar os riscos de alergia<\/p>\n<h5>Como utilizar:<\/h5>\n<p>Separe uma dose e rode a parte destac\u00e1vel.<br \/>\nPara a limpeza das fossas nasais: Deite o beb\u00e9 de costas e com a cabe\u00e7a de lado.<br \/>\nIntroduza a parte superior da dose na narina e aperte levemente at\u00e9 \u00e0 sa\u00edda do soro. Limpe o soro excedente junto ao nariz.<br \/>\nPara a limpeza dos olhos: Deite algumas gotas de soro num algod\u00e3o e limpe suavemente a p\u00e1lpebra do seu beb\u00e9 no sentido do nariz para a orelha. Repita a mesma opera\u00e7\u00e3o para a outra p\u00e1lpebra, utilizando outro algod\u00e3o.<\/p>\n<h5>Precau\u00e7\u00f5es na utiliza\u00e7\u00e3o:<\/h5>\n<ul>\n<li>Utilizar uma \u00fanica vez cada dose.<\/li>\n<li>Utiliza\u00e7\u00e3o externa.<\/li>\n<li>N\u00e3o injet\u00e1vel.<\/li>\n<li>Manter fora do alcance das crian\u00e7as.<\/li>\n<li>N\u00e3o utilizar a mesma dose na higiene nasal e ocular.<\/li>\n<li>N\u00e3o utilizar uma dose danificada.<\/li>\n<li>N\u00e3o utilizar ap\u00f3s a data de validade indicada na embalagem.<\/li>\n<li>Conservar a uma temperatura ambiente (entre 15 et 25\u00b0C).<\/li>\n<\/ul>\n<p>Quantidade: 24+6<\/p>\n<p>Encontre aqui mais produtos para a <a href=\"https:\/\/www.ateti.pt\/loja\/categoria\/bebe-crianca\/higiene-bebe-crianca\/\">Higiene do seu beb\u00e9<\/a>.<\/p>\n","protected":false},"excerpt":{"rendered":"<p>0.13\u20ac\/un<\/p>\n","protected":false},"featured_media":60978,"comment_status":"closed","ping_status":"closed","template":"","meta":{"_themeisle_gutenberg_block_has_review":false},"product_brand":[],"product_cat":[214,203,212,227],"product_tag":[],"woo-feed-brand":[],"class_list":{"0":"post-15136","1":"product","2":"type-product","3":"status-publish","4":"has-post-thumbnail","6":"product_cat-bebe-crianca","7":"product_cat-beleza-e-higiene","8":"product_cat-corpo","9":"product_cat-higiene-bebe-crianca","10":"ts_product_brand-corine-de-farme","12":"first","13":"instock","14":"taxable","15":"shipping-taxable","16":"purchasable","17":"product-type-simple"},"_links":{"self":[{"href":"https:\/\/www.ateti.pt\/loja\/wp-json\/wp\/v2\/product\/15136","targetHints":{"allow":["GET"]}}],"collection":[{"href":"https:\/\/www.ateti.pt\/loja\/wp-json\/wp\/v2\/product"}],"about":[{"href":"https:\/\/www.ateti.pt\/loja\/wp-json\/wp\/v2\/types\/product"}],"replies":[{"embeddable":true,"href":"https:\/\/www.ateti.pt\/loja\/wp-json\/wp\/v2\/comments?post=15136"}],"wp:featuredmedia":[{"embeddable":true,"href":"https:\/\/www.ateti.pt\/loja\/wp-json\/wp\/v2\/media\/60978"}],"wp:attachment":[{"href":"https:\/\/www.ateti.pt\/loja\/wp-json\/wp\/v2\/media?parent=15136"}],"wp:term":[{"taxonomy":"product_brand","embeddable":true,"href":"https:\/\/www.ateti.pt\/loja\/wp-json\/wp\/v2\/product_brand?post=15136"},{"taxonomy":"product_cat","embeddable":true,"href":"https:\/\/www.ateti.pt\/loja\/wp-json\/wp\/v2\/product_cat?post=15136"},{"taxonomy":"product_tag","embeddable":true,"href":"https:\/\/www.ateti.pt\/loja\/wp-json\/wp\/v2\/product_tag?post=15136"},{"taxonomy":"woo-feed-brand","embeddable":true,"href":"https:\/\/www.ateti.pt\/loja\/wp-json\/wp\/v2\/woo-feed-brand?post=15136"}],"curies":[{"name":"wp","href":"https:\/\/api.w.org\/{rel}","templated":true}]}}