{"id":15129,"date":"2020-04-27T20:24:45","date_gmt":"2020-04-27T19:24:45","guid":{"rendered":"https:\/\/www.ateti.pt\/loja\/?post_type=product&#038;p=15129"},"modified":"2025-05-08T17:29:51","modified_gmt":"2025-05-08T16:29:51","slug":"sal-para-maquina-da-loica-finish-1-kg","status":"publish","type":"product","link":"https:\/\/www.ateti.pt\/loja\/produto\/sal-para-maquina-da-loica-finish-1-kg\/","title":{"rendered":"Sal para M\u00e1quina da Loi\u00e7a Finish 1kg"},"content":{"rendered":"<p><strong>Sal para M\u00e1quina da Loi\u00e7a Finish<\/strong><\/p>\n<p><strong>Quantidade:<\/strong> 1kg<\/p>\n<ul>\n<li>Reduz a dureza da \u00e1gua.<\/li>\n<li>Ajuda a prevenir o calc\u00e1rio.<\/li>\n<li>Ajuda a prevenir as manchas de \u00e1gua.<\/li>\n<\/ul>\n<div class=\"sk-product-enhanced-detail\">\n<div id=\"product-accordion\" class=\"panel-group sk-accordion\">\n<section class=\"panel panel-default sk-product-accordion\">\n<div id=\"product-description\" class=\"panel-collapse collapse in\">\n<div class=\"panel-body\">Os res\u00edduos\/dep\u00f3sitos de \u00e1gua com calc\u00e1rio podem rapidamente reduzir a efici\u00eancia da sua M\u00e1quina de Lavar Loi\u00e7a.<\/div>\n<div><\/div>\n<div class=\"panel-body\">Finish Sal Especial \u00e9 99,9% puro, especialmente granulado para ser utilizado em M\u00e1quinas de Lavar loi\u00e7a.<\/div>\n<div><\/div>\n<div class=\"panel-body\">O seu elevado grau de pureza garante que a unidade anticalc\u00e1ria embutida na sua m\u00e1quina de lavar loi\u00e7a funcione eficazmente para proteg\u00ea-la do calc\u00e1rio e prevenir a forma\u00e7\u00e3o de manchas de \u00e1gua nos seus pratos e copos.<\/div>\n<div><\/div>\n<div>Importante: outros sais podem conter impurezas como ferro e carbonatos que podem danificar a unidade Anti-Calc\u00e1ria da sua M\u00e1quina de Lavar Loi\u00e7a.<\/div>\n<\/div>\n<\/section>\n<\/div>\n<\/div>\n<div><\/div>\n<div>Veja mais em <a href=\"https:\/\/www.ateti.pt\/loja\/categoria\/higiene-e-limpeza\/limpeza\/cozinha\/\">Cozinha<\/a><\/div>\n","protected":false},"excerpt":{"rendered":"<p>1.94\u20ac\/kg<\/p>\n","protected":false},"featured_media":57396,"comment_status":"closed","ping_status":"closed","template":"","meta":{"_themeisle_gutenberg_block_has_review":false},"product_brand":[],"product_cat":[209,190,204],"product_tag":[],"woo-feed-brand":[],"class_list":{"0":"post-15129","1":"product","2":"type-product","3":"status-publish","4":"has-post-thumbnail","6":"product_cat-cozinha","7":"product_cat-desinfetantes-e-limpeza","8":"product_cat-limpeza","9":"ts_product_brand-finish","11":"first","12":"instock","13":"taxable","14":"shipping-taxable","15":"purchasable","16":"product-type-simple"},"_links":{"self":[{"href":"https:\/\/www.ateti.pt\/loja\/wp-json\/wp\/v2\/product\/15129","targetHints":{"allow":["GET"]}}],"collection":[{"href":"https:\/\/www.ateti.pt\/loja\/wp-json\/wp\/v2\/product"}],"about":[{"href":"https:\/\/www.ateti.pt\/loja\/wp-json\/wp\/v2\/types\/product"}],"replies":[{"embeddable":true,"href":"https:\/\/www.ateti.pt\/loja\/wp-json\/wp\/v2\/comments?post=15129"}],"wp:featuredmedia":[{"embeddable":true,"href":"https:\/\/www.ateti.pt\/loja\/wp-json\/wp\/v2\/media\/57396"}],"wp:attachment":[{"href":"https:\/\/www.ateti.pt\/loja\/wp-json\/wp\/v2\/media?parent=15129"}],"wp:term":[{"taxonomy":"product_brand","embeddable":true,"href":"https:\/\/www.ateti.pt\/loja\/wp-json\/wp\/v2\/product_brand?post=15129"},{"taxonomy":"product_cat","embeddable":true,"href":"https:\/\/www.ateti.pt\/loja\/wp-json\/wp\/v2\/product_cat?post=15129"},{"taxonomy":"product_tag","embeddable":true,"href":"https:\/\/www.ateti.pt\/loja\/wp-json\/wp\/v2\/product_tag?post=15129"},{"taxonomy":"woo-feed-brand","embeddable":true,"href":"https:\/\/www.ateti.pt\/loja\/wp-json\/wp\/v2\/woo-feed-brand?post=15129"}],"curies":[{"name":"wp","href":"https:\/\/api.w.org\/{rel}","templated":true}]}}