{"id":15116,"date":"2020-04-27T19:17:56","date_gmt":"2020-04-27T19:17:56","guid":{"rendered":"https:\/\/www.ateti.pt\/loja\/?post_type=product&#038;p=15116"},"modified":"2026-02-24T10:41:56","modified_gmt":"2026-02-24T10:41:56","slug":"condicionador-gotas-de-brilho-johnsonss-500ml","status":"publish","type":"product","link":"https:\/\/www.ateti.pt\/loja\/produto\/condicionador-gotas-de-brilho-johnsonss-500ml\/","title":{"rendered":"Condicionador Gotas de Brilho Johnsons\u00b4s 500mL"},"content":{"rendered":"<p><strong>Condicionador Gotas de Brilho Johnsons\u00b4s<\/strong><\/p>\n<h5>Resumo do Produto<\/h5>\n<ul>\n<li>Hipoalerg\u00e9nico* e com pH equilibrado<\/li>\n<li>Testado por pediatras e dermatologistas<\/li>\n<li>Sem corantes, ftalatos, sulfatos e sab\u00e3o.<\/li>\n<li>A nossa f\u00f3rmula N\u00e3o Causa L\u00e1grimas<sup>\u00ae<\/sup>\u00a0permite uma experi\u00eancia sem l\u00e1grimas e \u00e9 t\u00e3o suave para os olhos como \u00e1gua pura.<\/li>\n<li>Enriquecido com uma gota de \u00f3leo de arg\u00e3o e um toque de prote\u00ednas de seda<\/li>\n<li>Deixa o cabelo com uma suavidade de seda, macio e com aspeto saud\u00e1vel<\/li>\n<\/ul>\n<p>\u00c0 medida que as crian\u00e7as crescem, as necessidades capilares v\u00e3o mudando. Como a pele e o couro cabeludo continuam a desenvolver-se at\u00e9 aos 12 anos de idade, a nossa gama de cuidados capilares foi especialmente concebida para ser suave comparativamente com produtos normais para adultos, oferecendo simultaneamente benef\u00edcios superiores. O\u00a0<strong>Condicionador Gotas de Brilho Johnsons\u00b4s <\/strong>Crian\u00e7as \u00e9 enriquecido com \u00f3leo de arg\u00e3o e foi especialmente concebido para intensificar o brilho natural do cabelo, deixando-o com uma suavidade de seda e um aspeto saud\u00e1vel.<\/p>\n<p>S\u00f3 utilizamos ingredientes de elevada qualidade e delicados para o beb\u00e9. Motivo pelo qual rejeit\u00e1mos mais de 400 ingredientes que n\u00e3o cumprem os nossos padr\u00f5es O melhor para o seu beb\u00e9.<\/p>\n<p>*\u00a0formulado para minimizar o risco de alergias.<\/p>\n<h5>Como Usar<\/h5>\n<p>Depois de lavar o cabelo, deitar uma pequena quantidade de condicionador na m\u00e3o, aplicar suavemente no cabelo e enxaguar abundantemente. Para obter os melhores resultados, use-o com o\u00a0JOHNSON\u2019S<sup>\u00ae<\/sup>\u00a0Gotas de Brilho Champ\u00f4 para Crian\u00e7as\u00a0e o\u00a0JOHNSON\u2019S<sup>\u00ae<\/sup>\u00a0Gotas de Brilho Spray Condicionador para Crian\u00e7as.<\/p>\n<h5>Ingredientes<\/h5>\n<p>Aqua, Cetearyl Alcohol, Glycerin, Silk Amino Acids, Behentrimonium Chloride, Cetrimonium Chloride,\u00a0<strong>Argania Spinosa (Argan Oil) Kernel Oil<\/strong>,\u00a0<strong>Cetyl Esters<\/strong>,\u00a0<strong>Hydroxyethylcellulose<\/strong>,\u00a0<strong>Isopropyl Alcohol<\/strong>, Polysorbate 60, Sodium Chloride,\u00a0<strong>Citric Acid<\/strong>, Disodium Phosphate, Sodium Phosphate, Sodium Benzoate, Parfum<\/p>\n<p>Veja mais em <a href=\"https:\/\/www.ateti.pt\/loja\/categoria\/bebe-crianca\/higiene-bebe-crianca\/\">Beb\u00e9 e Crian\u00e7a<\/a><\/p>\n","protected":false},"excerpt":{"rendered":"<p>10.78\u20ac\/lt<\/p>\n","protected":false},"featured_media":42275,"comment_status":"closed","ping_status":"closed","template":"","meta":{"_themeisle_gutenberg_block_has_review":false},"product_brand":[],"product_cat":[214,203,211,190,227],"product_tag":[],"woo-feed-brand":[],"class_list":{"0":"post-15116","1":"product","2":"type-product","3":"status-publish","4":"has-post-thumbnail","6":"product_cat-bebe-crianca","7":"product_cat-beleza-e-higiene","8":"product_cat-cabelo","9":"product_cat-desinfetantes-e-limpeza","10":"product_cat-higiene-bebe-crianca","11":"ts_product_brand-johnsons","13":"first","14":"instock","15":"sale","16":"taxable","17":"shipping-taxable","18":"purchasable","19":"product-type-simple"},"_links":{"self":[{"href":"https:\/\/www.ateti.pt\/loja\/wp-json\/wp\/v2\/product\/15116","targetHints":{"allow":["GET"]}}],"collection":[{"href":"https:\/\/www.ateti.pt\/loja\/wp-json\/wp\/v2\/product"}],"about":[{"href":"https:\/\/www.ateti.pt\/loja\/wp-json\/wp\/v2\/types\/product"}],"replies":[{"embeddable":true,"href":"https:\/\/www.ateti.pt\/loja\/wp-json\/wp\/v2\/comments?post=15116"}],"wp:featuredmedia":[{"embeddable":true,"href":"https:\/\/www.ateti.pt\/loja\/wp-json\/wp\/v2\/media\/42275"}],"wp:attachment":[{"href":"https:\/\/www.ateti.pt\/loja\/wp-json\/wp\/v2\/media?parent=15116"}],"wp:term":[{"taxonomy":"product_brand","embeddable":true,"href":"https:\/\/www.ateti.pt\/loja\/wp-json\/wp\/v2\/product_brand?post=15116"},{"taxonomy":"product_cat","embeddable":true,"href":"https:\/\/www.ateti.pt\/loja\/wp-json\/wp\/v2\/product_cat?post=15116"},{"taxonomy":"product_tag","embeddable":true,"href":"https:\/\/www.ateti.pt\/loja\/wp-json\/wp\/v2\/product_tag?post=15116"},{"taxonomy":"woo-feed-brand","embeddable":true,"href":"https:\/\/www.ateti.pt\/loja\/wp-json\/wp\/v2\/woo-feed-brand?post=15116"}],"curies":[{"name":"wp","href":"https:\/\/api.w.org\/{rel}","templated":true}]}}