{"id":15113,"date":"2020-04-27T19:08:02","date_gmt":"2020-04-27T19:08:02","guid":{"rendered":"https:\/\/www.ateti.pt\/loja\/?post_type=product&#038;p=15113"},"modified":"2025-11-13T22:26:29","modified_gmt":"2025-11-13T22:26:29","slug":"pasta-dentrifica-couto-60g","status":"publish","type":"product","link":"https:\/\/www.ateti.pt\/loja\/produto\/pasta-dentrifica-couto-60g\/","title":{"rendered":"Pasta Dentr\u00edfica Couto 60g"},"content":{"rendered":"<p><strong>Pasta Dentr\u00edfica Couto<\/strong><\/p>\n<p>Quantidade: 60g<\/p>\n<p>A primeira f\u00f3rmula da Pasta Dent\u00edfrica Couto foi registada na cidade do Porto aos 13 de junho de 1932, com a designa\u00e7\u00e3o de Pasta Medicinal Couto, pela m\u00e3o de Alberto Ferreira do Couto, gerente de farm\u00e1cia.<br \/>\nO mesmo, com a ajuda de um m\u00e9dico estomatologista, criou esta pasta dent\u00edfrica com o objetivo de limitar o fen\u00f3meno crescente da retrac\u00e7\u00e3o das gengivas. A qualidade do produto determinou um sucesso tal que, ainda hoje, para as pessoas idosas, em Portugal, dizer Pasta Couto \u00e9 sin\u00f3nimo de pasta dent\u00edfrica. A pequena produ\u00e7\u00e3o ainda est\u00e1 nas m\u00e3os do \u00faltimo herdeiro da fam\u00edlia Couto.<\/p>\n<p>A Pasta Dent\u00edfrica Couto est\u00e1 indicada na higiene di\u00e1ria da boca e dentes. Gra\u00e7as \u00e0s suas propriedades, ajuda a prevenir a c\u00e1rie e dist\u00farbios gengivais.<\/p>\n<p><strong>Modo de utiliza\u00e7\u00e3o<\/strong><br \/>\nColoque uma por\u00e7\u00e3o de pasta dent\u00edfrica sobre as cerdas de uma escova de boa qualidade, friccione bem os dentes e gengivas, fazendo penetrar a Pasta Dent\u00edfrica Couto no espa\u00e7o interdental, deixar em contacto com as gengivas por alguns minutos, antes de bochechar.<\/p>\n<p>Escovar os dentes duas vezes por dia (de manh\u00e3 e \u00e1 noite) e sempre que poss\u00edvel depois das refei\u00e7\u00f5es, durante pelo menos 2 minutos.<\/p>\n<p>Nos casos graves, quando o estado das gengivas n\u00e3o tolere o uso de escova, a Pasta Dent\u00edfrica Couto pode ser aplicada com a ponta do dedo indicador, massajando delicadamente e deixando-a em contacto com as gengivas alguns minutos.<\/p>\n<p>N\u00e3o Ingerir<br \/>\nManter fora do alcance das crian\u00e7as.<\/p>\n<p><strong>Ingredients:<\/strong><br \/>\nAqua, Hydroxyapatite, Glycerin, Potassium Chlorate, Hydroxyethylcellulose, Sodium C12-18 Alkyl Sulfate, Mentha Piperita, Menthol, Paraffinum L\u00edquidum, Anethol, Sodium Saccharin, Thymol, Eugenol and Limonene.<\/p>\n<p>Veja mais em <a href=\"https:\/\/www.ateti.pt\/loja\/categoria\/higiene-e-limpeza\/higiene\/oral\/\">Higiene Oral<\/a><\/p>\n","protected":false},"excerpt":{"rendered":"<p>54.17\u20ac\/kg<\/p>\n","protected":false},"featured_media":57394,"comment_status":"closed","ping_status":"closed","template":"","meta":{"_themeisle_gutenberg_block_has_review":false},"product_brand":[],"product_cat":[203,190,213],"product_tag":[],"woo-feed-brand":[],"class_list":{"0":"post-15113","1":"product","2":"type-product","3":"status-publish","4":"has-post-thumbnail","6":"product_cat-beleza-e-higiene","7":"product_cat-desinfetantes-e-limpeza","8":"product_cat-oral","9":"ts_product_brand-couto","11":"first","12":"instock","13":"taxable","14":"shipping-taxable","15":"purchasable","16":"product-type-simple"},"_links":{"self":[{"href":"https:\/\/www.ateti.pt\/loja\/wp-json\/wp\/v2\/product\/15113","targetHints":{"allow":["GET"]}}],"collection":[{"href":"https:\/\/www.ateti.pt\/loja\/wp-json\/wp\/v2\/product"}],"about":[{"href":"https:\/\/www.ateti.pt\/loja\/wp-json\/wp\/v2\/types\/product"}],"replies":[{"embeddable":true,"href":"https:\/\/www.ateti.pt\/loja\/wp-json\/wp\/v2\/comments?post=15113"}],"wp:featuredmedia":[{"embeddable":true,"href":"https:\/\/www.ateti.pt\/loja\/wp-json\/wp\/v2\/media\/57394"}],"wp:attachment":[{"href":"https:\/\/www.ateti.pt\/loja\/wp-json\/wp\/v2\/media?parent=15113"}],"wp:term":[{"taxonomy":"product_brand","embeddable":true,"href":"https:\/\/www.ateti.pt\/loja\/wp-json\/wp\/v2\/product_brand?post=15113"},{"taxonomy":"product_cat","embeddable":true,"href":"https:\/\/www.ateti.pt\/loja\/wp-json\/wp\/v2\/product_cat?post=15113"},{"taxonomy":"product_tag","embeddable":true,"href":"https:\/\/www.ateti.pt\/loja\/wp-json\/wp\/v2\/product_tag?post=15113"},{"taxonomy":"woo-feed-brand","embeddable":true,"href":"https:\/\/www.ateti.pt\/loja\/wp-json\/wp\/v2\/woo-feed-brand?post=15113"}],"curies":[{"name":"wp","href":"https:\/\/api.w.org\/{rel}","templated":true}]}}