{"id":15063,"date":"2020-04-27T17:03:36","date_gmt":"2020-04-27T17:03:36","guid":{"rendered":"https:\/\/www.ateti.pt\/loja\/?post_type=product&#038;p=15063"},"modified":"2026-03-04T15:44:31","modified_gmt":"2026-03-04T15:44:31","slug":"pasta-de-dentes-max-white-one-colgate-75ml","status":"publish","type":"product","link":"https:\/\/www.ateti.pt\/loja\/produto\/pasta-de-dentes-max-white-one-colgate-75ml\/","title":{"rendered":"Pasta de Dentes Max White One Colgate 75mL"},"content":{"rendered":"<p><strong>Pasta de Dentes Max White One Colgate<\/strong><\/p>\n<p>Quantidade: 75mL<\/p>\n<p>Com a Pasta de Dentes Max White One Colgate consegue um tom de dentes mais branco em apenas uma semana! A sua f\u00f3rmula \u00fanica com aceleradores de branqueamento elimina suavemente as manchas e previne o aparecimento de t\u00e1rtaro.<\/p>\n<p><strong>Ingredientes:<\/strong><\/p>\n<ul>\n<li>Aqua. Dissolve subst\u00e2ncias ou ingredientes.<\/li>\n<li>Hydrated Silica. Ajuda a limpar e conferir brilho aos dentes.<\/li>\n<li>Glycerin. Ajuda a dissolver os ingredientes e a prevenir a secagem ou o endurecimento, mantendo a carater\u00edstica macia do produto.<\/li>\n<li>Sorbitol. Ajuda a dissolver os ingredientes e a prevenir a secagem ou o endurecimento, mantendo a carater\u00edstica macia do produto.<\/li>\n<li>PEG-12. Previne a separa\u00e7\u00e3o de l\u00edquidos.<\/li>\n<li>Pentasodium triphosphate. Ajuda a proteger contra o aparecimento de manchas.<\/li>\n<li>Tetrapotassium pyrophosphate. Ajuda a proteger contra o aparecimento de manchas.<\/li>\n<li>Sodium lauryl sulfate. Agente espumante para ajudar a remover os res\u00edduos alimentares.<\/li>\n<li>Aroma*. Refresca o h\u00e1lito e melhora o sabor de um produto.<\/li>\n<li>Cellulose gum. Agente espessante ou estabilizador que proporciona consist\u00eancia \u00e0 pasta.<\/li>\n<li>Cocamidopropyl betaine. Agente espumante para ajudar a remover os res\u00edduos alimentares.<\/li>\n<li>Sodium fluoride. Ingrediente ativo que ajuda a prevenir as c\u00e1ries<\/li>\n<li>Sodium saccharin. Um edulcorante sem a\u00e7\u00facar que melhora a perce\u00e7\u00e3o gustativa do produto.<\/li>\n<li>Xanthan gum. Agente espessante ou estabilizador que proporciona consist\u00eancia ao produto.<\/li>\n<li>sodium hydroxide. Ajusta o pH do produto.<\/li>\n<li>sodium hydroxide. Ajusta o pH do produto.<\/li>\n<li>Limonene. Componente de aroma \/ \u00d3leo essencial que proporciona carater\u00edsticas espec\u00edficas de aroma.<\/li>\n<li>CI 74160. Fornece corantes a um produto.<\/li>\n<\/ul>\n<p>Veja mais em <a href=\"https:\/\/www.ateti.pt\/loja\/categoria\/higiene-e-limpeza\/higiene\/oral\/\">Higiene Oral<\/a><\/p>\n","protected":false},"excerpt":{"rendered":"<p>34.53\u20ac\/l<\/p>\n","protected":false},"featured_media":61205,"comment_status":"closed","ping_status":"closed","template":"","meta":{"_themeisle_gutenberg_block_has_review":false},"product_brand":[],"product_cat":[203,190,213],"product_tag":[],"woo-feed-brand":[],"class_list":{"0":"post-15063","1":"product","2":"type-product","3":"status-publish","4":"has-post-thumbnail","6":"product_cat-beleza-e-higiene","7":"product_cat-desinfetantes-e-limpeza","8":"product_cat-oral","9":"ts_product_brand-colgate","11":"first","12":"instock","13":"taxable","14":"shipping-taxable","15":"purchasable","16":"product-type-simple"},"_links":{"self":[{"href":"https:\/\/www.ateti.pt\/loja\/wp-json\/wp\/v2\/product\/15063","targetHints":{"allow":["GET"]}}],"collection":[{"href":"https:\/\/www.ateti.pt\/loja\/wp-json\/wp\/v2\/product"}],"about":[{"href":"https:\/\/www.ateti.pt\/loja\/wp-json\/wp\/v2\/types\/product"}],"replies":[{"embeddable":true,"href":"https:\/\/www.ateti.pt\/loja\/wp-json\/wp\/v2\/comments?post=15063"}],"wp:featuredmedia":[{"embeddable":true,"href":"https:\/\/www.ateti.pt\/loja\/wp-json\/wp\/v2\/media\/61205"}],"wp:attachment":[{"href":"https:\/\/www.ateti.pt\/loja\/wp-json\/wp\/v2\/media?parent=15063"}],"wp:term":[{"taxonomy":"product_brand","embeddable":true,"href":"https:\/\/www.ateti.pt\/loja\/wp-json\/wp\/v2\/product_brand?post=15063"},{"taxonomy":"product_cat","embeddable":true,"href":"https:\/\/www.ateti.pt\/loja\/wp-json\/wp\/v2\/product_cat?post=15063"},{"taxonomy":"product_tag","embeddable":true,"href":"https:\/\/www.ateti.pt\/loja\/wp-json\/wp\/v2\/product_tag?post=15063"},{"taxonomy":"woo-feed-brand","embeddable":true,"href":"https:\/\/www.ateti.pt\/loja\/wp-json\/wp\/v2\/woo-feed-brand?post=15063"}],"curies":[{"name":"wp","href":"https:\/\/api.w.org\/{rel}","templated":true}]}}