{"id":15036,"date":"2020-04-27T16:16:57","date_gmt":"2020-04-27T16:16:57","guid":{"rendered":"https:\/\/www.ateti.pt\/loja\/?post_type=product&#038;p=15036"},"modified":"2026-04-15T16:13:17","modified_gmt":"2026-04-15T15:13:17","slug":"champo-para-homem-anticaspa-eficacia-ativa-linic-250ml","status":"publish","type":"product","link":"https:\/\/www.ateti.pt\/loja\/produto\/champo-para-homem-anticaspa-eficacia-ativa-linic-250ml\/","title":{"rendered":"Champ\u00f4 Anticaspa Efic\u00e1cia Ativa 225ml Linic"},"content":{"rendered":"<p><strong>Champ\u00f4 Anticaspa Efic\u00e1cia Ativa Linic<\/strong><\/p>\n<p>Quantidade: 250mL<\/p>\n<p>Remove a caspa e \u00e0s bact\u00e9rias enquanto mant\u00e9m o couro cabeludo saud\u00e1vel. Zero caspa e nada a esconder.<\/p>\n<p>Os nossos cabelos enfrentam diariamente fatores ambientais, como a sujidade e a polui\u00e7\u00e3o, que depositam res\u00edduos no couro cabeludo que podem ajudar a causar caspa. Al\u00e9m disto, transferimos oleosidade, sujidade e bact\u00e9rias para o couro cabeludo cada vez que passamos a m\u00e3o no cabelo. Quem tem cabelo oleoso deve evitar tocar nele, pois estimula a produ\u00e7\u00e3o de oleosidade e um couro cabeludo oleoso \u00e9 mais propenso \u00e0 caspa. Para remover estas impuridades, \u00e9 preciso de um champ\u00f4 di\u00e1rio para uma limpeza profunda. Linic Men, champ\u00f4 n\u00ba1 do mundo para homem, limpa profundamente e acaba de vez com a caspa.<\/p>\n<p>Performance imbat\u00edvel, para o homem imbat\u00edvel.<\/p>\n<p>Sem caspa vis\u00edvel com uso regular.<\/p>\n<p><strong>Modo de utiliza\u00e7\u00e3o:\u00a0<\/strong><\/p>\n<p>1. Aplique no cabelo molhado<\/p>\n<p>2. Massaje o couro cabeludo<\/p>\n<p>3. Enxague<\/p>\n<p>Uso di\u00e1rio para melhores resultados. Pode fazer duas aplica\u00e7\u00f5es por lavagem.<\/p>\n<p>O champ\u00f4 Efic\u00e1cia Ativa para homem, com extratos de ginseng e menta refrescante, combate eficazmente a caspa, para uma prote\u00e7\u00e3o mais duradoura e um cabelo mais limpo. Remove a caspa e \u00e0s bact\u00e9rias enquanto mant\u00e9m o couro cabeludo saud\u00e1vel. Use diariamente.<\/p>\n<p>Veja mais em <a href=\"https:\/\/www.ateti.pt\/loja\/categoria\/higiene-e-limpeza\/higiene\/cabelo\/\">Cabelo<\/a><\/p>\n","protected":false},"excerpt":{"rendered":"<p>15.95\u20ac\/lt<\/p>\n","protected":false},"featured_media":61281,"comment_status":"closed","ping_status":"closed","template":"","meta":{"_themeisle_gutenberg_block_has_review":false},"product_brand":[],"product_cat":[203,211,190,231],"product_tag":[],"woo-feed-brand":[],"class_list":{"0":"post-15036","1":"product","2":"type-product","3":"status-publish","4":"has-post-thumbnail","6":"product_cat-beleza-e-higiene","7":"product_cat-cabelo","8":"product_cat-desinfetantes-e-limpeza","9":"product_cat-higiene-masculina","10":"ts_product_brand-linic","12":"first","13":"instock","14":"taxable","15":"shipping-taxable","16":"purchasable","17":"product-type-simple"},"_links":{"self":[{"href":"https:\/\/www.ateti.pt\/loja\/wp-json\/wp\/v2\/product\/15036","targetHints":{"allow":["GET"]}}],"collection":[{"href":"https:\/\/www.ateti.pt\/loja\/wp-json\/wp\/v2\/product"}],"about":[{"href":"https:\/\/www.ateti.pt\/loja\/wp-json\/wp\/v2\/types\/product"}],"replies":[{"embeddable":true,"href":"https:\/\/www.ateti.pt\/loja\/wp-json\/wp\/v2\/comments?post=15036"}],"wp:featuredmedia":[{"embeddable":true,"href":"https:\/\/www.ateti.pt\/loja\/wp-json\/wp\/v2\/media\/61281"}],"wp:attachment":[{"href":"https:\/\/www.ateti.pt\/loja\/wp-json\/wp\/v2\/media?parent=15036"}],"wp:term":[{"taxonomy":"product_brand","embeddable":true,"href":"https:\/\/www.ateti.pt\/loja\/wp-json\/wp\/v2\/product_brand?post=15036"},{"taxonomy":"product_cat","embeddable":true,"href":"https:\/\/www.ateti.pt\/loja\/wp-json\/wp\/v2\/product_cat?post=15036"},{"taxonomy":"product_tag","embeddable":true,"href":"https:\/\/www.ateti.pt\/loja\/wp-json\/wp\/v2\/product_tag?post=15036"},{"taxonomy":"woo-feed-brand","embeddable":true,"href":"https:\/\/www.ateti.pt\/loja\/wp-json\/wp\/v2\/woo-feed-brand?post=15036"}],"curies":[{"name":"wp","href":"https:\/\/api.w.org\/{rel}","templated":true}]}}