{"id":15014,"date":"2020-04-27T15:37:30","date_gmt":"2020-04-27T14:37:30","guid":{"rendered":"https:\/\/www.ateti.pt\/loja\/?post_type=product&#038;p=15014"},"modified":"2024-02-15T09:54:03","modified_gmt":"2024-02-15T09:54:03","slug":"gel-higiene-intimo-flor-de-calendula-freshclean-250ml","status":"publish","type":"product","link":"https:\/\/www.ateti.pt\/loja\/produto\/gel-higiene-intimo-flor-de-calendula-freshclean-250ml\/","title":{"rendered":"Gel Higiene \u00cdntimo Flor de Cal\u00eandula Fresh&#038;Clean 250mL"},"content":{"rendered":"<h5>Gel Higiene \u00cdntimo Flor de Cal\u00eandula Fresh&amp;Clean<\/h5>\n<p>Com a sua fo\u0301rmula suave, limpa, protege e refresca de forma prolongada a a\u0301rea i\u0301ntima da mulher respeitando o seu equili\u0301brio natural. Dete\u0301m em conjunto com um aroma suave, uma fo\u0301rmula especi\u0301fica de controlo de odor para proporcionar uma maior seguranc\u0327a. Disponi\u0301vel na variedade de Flor de Cale\u0302ndula, reconhecida pelos seus poderes calmantes e regeneradores.<\/p>\n<p>Quantidade: 250mL<\/p>\n","protected":false},"excerpt":{"rendered":"<p>13.96\u20ac\/L<\/p>\n","protected":false},"featured_media":61207,"comment_status":"closed","ping_status":"closed","template":"","meta":{"_themeisle_gutenberg_block_has_review":false},"product_brand":[],"product_cat":[203,212,190,230],"product_tag":[],"woo-feed-brand":[],"class_list":{"0":"post-15014","1":"product","2":"type-product","3":"status-publish","4":"has-post-thumbnail","6":"product_cat-beleza-e-higiene","7":"product_cat-corpo","8":"product_cat-desinfetantes-e-limpeza","9":"product_cat-higiene-feminina","10":"ts_product_brand-freshclean","12":"first","13":"instock","14":"taxable","15":"shipping-taxable","16":"purchasable","17":"product-type-simple"},"_links":{"self":[{"href":"https:\/\/www.ateti.pt\/loja\/wp-json\/wp\/v2\/product\/15014","targetHints":{"allow":["GET"]}}],"collection":[{"href":"https:\/\/www.ateti.pt\/loja\/wp-json\/wp\/v2\/product"}],"about":[{"href":"https:\/\/www.ateti.pt\/loja\/wp-json\/wp\/v2\/types\/product"}],"replies":[{"embeddable":true,"href":"https:\/\/www.ateti.pt\/loja\/wp-json\/wp\/v2\/comments?post=15014"}],"wp:featuredmedia":[{"embeddable":true,"href":"https:\/\/www.ateti.pt\/loja\/wp-json\/wp\/v2\/media\/61207"}],"wp:attachment":[{"href":"https:\/\/www.ateti.pt\/loja\/wp-json\/wp\/v2\/media?parent=15014"}],"wp:term":[{"taxonomy":"product_brand","embeddable":true,"href":"https:\/\/www.ateti.pt\/loja\/wp-json\/wp\/v2\/product_brand?post=15014"},{"taxonomy":"product_cat","embeddable":true,"href":"https:\/\/www.ateti.pt\/loja\/wp-json\/wp\/v2\/product_cat?post=15014"},{"taxonomy":"product_tag","embeddable":true,"href":"https:\/\/www.ateti.pt\/loja\/wp-json\/wp\/v2\/product_tag?post=15014"},{"taxonomy":"woo-feed-brand","embeddable":true,"href":"https:\/\/www.ateti.pt\/loja\/wp-json\/wp\/v2\/woo-feed-brand?post=15014"}],"curies":[{"name":"wp","href":"https:\/\/api.w.org\/{rel}","templated":true}]}}