{"id":15012,"date":"2020-04-27T15:32:19","date_gmt":"2020-04-27T14:32:19","guid":{"rendered":"https:\/\/www.ateti.pt\/loja\/?post_type=product&#038;p=15012"},"modified":"2024-05-29T12:28:10","modified_gmt":"2024-05-29T11:28:10","slug":"sabonete-liquido-lavanda-dettol-250-ml","status":"publish","type":"product","link":"https:\/\/www.ateti.pt\/loja\/produto\/sabonete-liquido-lavanda-dettol-250-ml\/","title":{"rendered":"Sabonete L\u00edquido Lavanda 250ml Dettol"},"content":{"rendered":"<p><strong>Sabonete L\u00edquido Lavanda Dettol<\/strong><\/p>\n<p><strong>Quantidade:<\/strong> 250ml<\/p>\n<p>Sabonete Liquido Suave com as m\u00e3os, eficaz contra a sujidade. Mant\u00e9m a pele suave e perfumada. Dermatologicamente testado.<\/p>\n<p><strong>Armazenamento:<\/strong><\/p>\n<p>Armazenar a temperatura ambiente.<\/p>\n<p><strong>Modo de utiliza\u00e7\u00e3o:<\/strong><\/p>\n<p>1. Confirme que a tampa est\u00e1 apertada e rode o doseador no sentido dos ponteiros do rel\u00f3gio at\u00e9 o mesmo se soltar.<br \/>\n2. Pressione duas vezes o doseador para obter sabonete.<br \/>\n3. Esfregue as m\u00e3os durante pelo menos 30 segundos at\u00e9 garantir que as mesmas est\u00e3o cobertas por espuma, n\u00e3o esquecendo as unhas e os polegares.<br \/>\n4. Passe abundantemente por \u00e1gua. N\u00c3O utilizar a recarga sem lavar a embalagem original.<\/p>\n<p><strong>Precau\u00e7\u00f5es:<\/strong> Para uso externo apenas. Manter fora do alcance das crian\u00e7as, exceto sob supervis\u00e3o de um adulto. Evitar o contacto com os olhos. No caso de entrar em contacto com os olhos, lavar imediata e abundantemente com \u00e1gua. No caso de sentir irrita\u00e7\u00e3o persistente, consulte um m\u00e9dico especialista.<\/p>\n<p>Veja mais em <a href=\"https:\/\/www.ateti.pt\/loja\/categoria\/higiene-e-limpeza\/higiene\/corpo\/\">Corpo<\/a><\/p>\n<p>&nbsp;<\/p>\n","protected":false},"excerpt":{"rendered":"<p>13.16\u20ac\/lt<\/p>\n","protected":false},"featured_media":64308,"comment_status":"closed","ping_status":"closed","template":"","meta":{"_themeisle_gutenberg_block_has_review":false},"product_brand":[],"product_cat":[203,212,190],"product_tag":[],"woo-feed-brand":[],"class_list":{"0":"post-15012","1":"product","2":"type-product","3":"status-publish","4":"has-post-thumbnail","6":"product_cat-beleza-e-higiene","7":"product_cat-corpo","8":"product_cat-desinfetantes-e-limpeza","9":"ts_product_brand-dettol","11":"first","12":"instock","13":"taxable","14":"shipping-taxable","15":"purchasable","16":"product-type-simple"},"_links":{"self":[{"href":"https:\/\/www.ateti.pt\/loja\/wp-json\/wp\/v2\/product\/15012","targetHints":{"allow":["GET"]}}],"collection":[{"href":"https:\/\/www.ateti.pt\/loja\/wp-json\/wp\/v2\/product"}],"about":[{"href":"https:\/\/www.ateti.pt\/loja\/wp-json\/wp\/v2\/types\/product"}],"replies":[{"embeddable":true,"href":"https:\/\/www.ateti.pt\/loja\/wp-json\/wp\/v2\/comments?post=15012"}],"wp:featuredmedia":[{"embeddable":true,"href":"https:\/\/www.ateti.pt\/loja\/wp-json\/wp\/v2\/media\/64308"}],"wp:attachment":[{"href":"https:\/\/www.ateti.pt\/loja\/wp-json\/wp\/v2\/media?parent=15012"}],"wp:term":[{"taxonomy":"product_brand","embeddable":true,"href":"https:\/\/www.ateti.pt\/loja\/wp-json\/wp\/v2\/product_brand?post=15012"},{"taxonomy":"product_cat","embeddable":true,"href":"https:\/\/www.ateti.pt\/loja\/wp-json\/wp\/v2\/product_cat?post=15012"},{"taxonomy":"product_tag","embeddable":true,"href":"https:\/\/www.ateti.pt\/loja\/wp-json\/wp\/v2\/product_tag?post=15012"},{"taxonomy":"woo-feed-brand","embeddable":true,"href":"https:\/\/www.ateti.pt\/loja\/wp-json\/wp\/v2\/woo-feed-brand?post=15012"}],"curies":[{"name":"wp","href":"https:\/\/api.w.org\/{rel}","templated":true}]}}