{"id":15000,"date":"2020-04-27T15:15:42","date_gmt":"2020-04-27T14:15:42","guid":{"rendered":"https:\/\/www.ateti.pt\/loja\/?post_type=product&#038;p=15000"},"modified":"2024-02-09T16:28:36","modified_gmt":"2024-02-09T16:28:36","slug":"vaselina-original-vasenol-100ml","status":"publish","type":"product","link":"https:\/\/www.ateti.pt\/loja\/produto\/vaselina-original-vasenol-100ml\/","title":{"rendered":"Vaselina Original 100ml Vasenol"},"content":{"rendered":"<h5>Vaselina Original Vasenol<\/h5>\n<p>Quantidade: 100mL<\/p>\n<p>Vasenol agora \u00e9 Vaseline. O nome mudou, mas o cuidado e prote\u00e7\u00e3o da pele continuam os mesmos. Poder\u00e1 continuar a encontrar os seus produtos de sempre, agora Vaseline\u2026 e mais algumas inova\u00e7\u00f5es! Esta mudan\u00e7a de nome permite que a marca passe a estar alinhada com a marca global e, deste modo, poder\u00e1 encontr\u00e1-la facilmente quando viaja.<\/p>\n<p>Para que a sua pele esteja sempre protegida visto que \u00e9 uma marca especialista no cuidado da pele, apresentando os melhores produtos espec\u00edficos para v\u00e1rios tipos de pele.<\/p>\n<p><strong>Vaselina Original Vasenol, <\/strong>o produto mais hidratante e vers\u00e1til do mercado para a sua pele: Vaselina 100% pura de Vaseline, um agente oclusivo que forma uma barreira protetora contra os efeitos do clima, retardando a perda de hidrata\u00e7\u00e3o natural da pele.<\/p>\n<p>\u00c9 o mais recente produto da marca Vasenol e promete grandes mudan\u00e7as na nossa rotina.<\/p>\n<p>A vaselina j\u00e1 \u00e9 conhecida por todos. Faz parte de muitos tratamentos de pele e de hidrata\u00e7\u00e3o e \u00e9 o principal constituinte da gama de produtos Vasenol.<\/p>\n<p>Podemos procurar imensos produtos para a pele seca das m\u00e3os e p\u00e9s e at\u00e9 batons para hidratar os l\u00e1bios mas nada \u00e9 t\u00e3o eficaz como a vaselina.<\/p>\n<p>Vaseline. \u00c9 incr\u00edvel o que uma pele protegida pode fazer.<\/p>\n<p>Veja mais em <a href=\"https:\/\/www.ateti.pt\/loja\/categoria\/higiene-e-limpeza\/higiene\/corpo\/\">Corpo<\/a><\/p>\n","protected":false},"excerpt":{"rendered":"<p>27.90\u20ac\/l<\/p>\n","protected":false},"featured_media":60768,"comment_status":"closed","ping_status":"closed","template":"","meta":{"_themeisle_gutenberg_block_has_review":false},"product_brand":[],"product_cat":[203,212,190],"product_tag":[],"woo-feed-brand":[],"class_list":{"0":"post-15000","1":"product","2":"type-product","3":"status-publish","4":"has-post-thumbnail","6":"product_cat-beleza-e-higiene","7":"product_cat-corpo","8":"product_cat-desinfetantes-e-limpeza","9":"ts_product_brand-vasenol","11":"first","12":"instock","13":"taxable","14":"shipping-taxable","15":"purchasable","16":"product-type-simple"},"_links":{"self":[{"href":"https:\/\/www.ateti.pt\/loja\/wp-json\/wp\/v2\/product\/15000","targetHints":{"allow":["GET"]}}],"collection":[{"href":"https:\/\/www.ateti.pt\/loja\/wp-json\/wp\/v2\/product"}],"about":[{"href":"https:\/\/www.ateti.pt\/loja\/wp-json\/wp\/v2\/types\/product"}],"replies":[{"embeddable":true,"href":"https:\/\/www.ateti.pt\/loja\/wp-json\/wp\/v2\/comments?post=15000"}],"wp:featuredmedia":[{"embeddable":true,"href":"https:\/\/www.ateti.pt\/loja\/wp-json\/wp\/v2\/media\/60768"}],"wp:attachment":[{"href":"https:\/\/www.ateti.pt\/loja\/wp-json\/wp\/v2\/media?parent=15000"}],"wp:term":[{"taxonomy":"product_brand","embeddable":true,"href":"https:\/\/www.ateti.pt\/loja\/wp-json\/wp\/v2\/product_brand?post=15000"},{"taxonomy":"product_cat","embeddable":true,"href":"https:\/\/www.ateti.pt\/loja\/wp-json\/wp\/v2\/product_cat?post=15000"},{"taxonomy":"product_tag","embeddable":true,"href":"https:\/\/www.ateti.pt\/loja\/wp-json\/wp\/v2\/product_tag?post=15000"},{"taxonomy":"woo-feed-brand","embeddable":true,"href":"https:\/\/www.ateti.pt\/loja\/wp-json\/wp\/v2\/woo-feed-brand?post=15000"}],"curies":[{"name":"wp","href":"https:\/\/api.w.org\/{rel}","templated":true}]}}