{"id":14999,"date":"2020-04-27T15:14:19","date_gmt":"2020-04-27T15:14:19","guid":{"rendered":"https:\/\/www.ateti.pt\/loja\/?post_type=product&#038;p=14999"},"modified":"2024-12-02T17:07:17","modified_gmt":"2024-12-02T17:07:17","slug":"sabonete-em-barra-dove-original-cremoso2x90g","status":"publish","type":"product","link":"https:\/\/www.ateti.pt\/loja\/produto\/sabonete-em-barra-dove-original-cremoso2x90g\/","title":{"rendered":"Sabonete em Barra Dove Original Cremoso 2x90g"},"content":{"rendered":"<p class=\"name\"><strong>Sabonete em Barra Dove Original Cremoso<\/strong><\/p>\n<p class=\"c-product-overview__description o-text__body\">Esta f\u00f3rmula de limpeza suave cont\u00e9m \u00bc de creme hidratante para uma pele bem cuidada e com uma apar\u00eancia mais saud\u00e1vel.<\/p>\n<p>Quantidade: 2x100g<\/p>\n<p><strong>Descri\u00e7\u00e3o:<\/strong><\/p>\n<div class=\"c-expandcollapse__desc\">\n<p>\u2022 F\u00f3rmula hidratante cl\u00e1ssica<\/p>\n<p>\u2022 N\u00e3o seca a pele seca<\/p>\n<p>\u2022 \u00bc de creme hidratante e agentes de limpeza suaves que ajudam a pele a manter a pele hidratada<\/p>\n<p>\u2022 Deixa a pele mais macia, bem cuidada e com uma apar\u00eancia saud\u00e1vel<\/p>\n<p>\u2022 Pode ser usado diariamente no rosto, m\u00e3os e corpo<\/p>\n<p>\u2022 N\u00e3o \u00e9 um sabonete comum &#8211; \u00c9 um sabonete de beleza<\/p>\n<\/div>\n<p>Com os produtos certos, a sua pele pode estar macia e bem cuidada todos os dias. Dove Sabonete Original combina uma f\u00f3rmula de limpeza suave com a nossa tradicional combina\u00e7\u00e3o de \u00bc de creme hidratante, para lhe dar uma pele mais macia, bem cuidada e com a apar\u00eancia mais saud\u00e1vel. Os agentes de limpeza de Dove Sabonete Original ajudam a manter a hidrata\u00e7\u00e3o natural da pele.<br \/>\nEste sabonete Dove tamb\u00e9m ajuda a rep\u00f4r os nutrientes que s\u00e3o perdidos durante o banho. Ao contr\u00e1rio dos sabonetes comuns, este sabonete n\u00e3o deixa a sua pele \u00e1spera nem seca. Ao inv\u00e9s disso, o sabonete Dove deixa a sua pele mais macia e bem cuidada. Experimente adicionar este produto \u00e0 sua rotina de limpeza da pele &#8211; pode ser a melhor coisa da sua manh\u00e3.<\/p>\n<p><strong>Ingredientes:<\/strong><\/p>\n<p>Sodium Lauroyl Isethionate, Stearic Acid, Sodium Tallowate Or Sodium Palmitate, Lauric Acid, Sodium Isethionate, Water, Sodium Stearate, Cocamidopropyl Betaine, Sodium Cocoate Or Sodium Palm Kernelate, Fragrance (Perfum), Glycerin, Sodium Chloride, Zinc Oxide, Citric Acid, Tetrasodium Edta, Tetrasodium Etidronate, Alumina, Alpha-Isomethyl lonone, Benzyl Alcohol, Butylphenyl Methylpropional, Citronellol, Coumarin, Hexyl Cinnamal, Limonene, Linalool, (Ci 77891).<\/p>\n<p><strong>Perfeito para:<\/strong><\/p>\n<p>\u2022 Nutrir a pele seca Este sabonete rep\u00f5e os nutrientes perdidos, deixando a pele mais bem nutrida<\/p>\n<p>\u2022 Hidratar a pele Com \u00bc de creme hidratante para ajudar a manter a hidrata\u00e7\u00e3o natural da pele, deixando-a mais bem cuidada e macia<\/p>\n<p>\u2022 Limpeza suave Dove Sabonete Original \u00e9 feito com agentes de limpeza suaves e pode ser usado diariamente no corpo e no rosto<\/p>\n<p><strong>Como usar:<\/strong><\/p>\n<p>Primeiro, molhe as suas m\u00e3os e passe o Dove Sabonete Original entre elas at\u00e9 formar espuma. Massaje a espuma pelo seu corpo e depois, enxague com \u00e1gua morna.<\/p>\n<p>Veja mais em <a href=\"https:\/\/www.ateti.pt\/loja\/categoria\/frutas-e-legumes\/legumes-frescos\/\">Higiene<\/a><\/p>\n","protected":false},"excerpt":{"rendered":"<p>13.27\u20ac\/Kg<\/p>\n","protected":false},"featured_media":60769,"comment_status":"closed","ping_status":"closed","template":"","meta":{"_themeisle_gutenberg_block_has_review":false},"product_brand":[],"product_cat":[203,212,190],"product_tag":[],"woo-feed-brand":[],"class_list":{"0":"post-14999","1":"product","2":"type-product","3":"status-publish","4":"has-post-thumbnail","6":"product_cat-beleza-e-higiene","7":"product_cat-corpo","8":"product_cat-desinfetantes-e-limpeza","9":"ts_product_brand-dove","11":"first","12":"instock","13":"taxable","14":"shipping-taxable","15":"purchasable","16":"product-type-simple"},"_links":{"self":[{"href":"https:\/\/www.ateti.pt\/loja\/wp-json\/wp\/v2\/product\/14999","targetHints":{"allow":["GET"]}}],"collection":[{"href":"https:\/\/www.ateti.pt\/loja\/wp-json\/wp\/v2\/product"}],"about":[{"href":"https:\/\/www.ateti.pt\/loja\/wp-json\/wp\/v2\/types\/product"}],"replies":[{"embeddable":true,"href":"https:\/\/www.ateti.pt\/loja\/wp-json\/wp\/v2\/comments?post=14999"}],"wp:featuredmedia":[{"embeddable":true,"href":"https:\/\/www.ateti.pt\/loja\/wp-json\/wp\/v2\/media\/60769"}],"wp:attachment":[{"href":"https:\/\/www.ateti.pt\/loja\/wp-json\/wp\/v2\/media?parent=14999"}],"wp:term":[{"taxonomy":"product_brand","embeddable":true,"href":"https:\/\/www.ateti.pt\/loja\/wp-json\/wp\/v2\/product_brand?post=14999"},{"taxonomy":"product_cat","embeddable":true,"href":"https:\/\/www.ateti.pt\/loja\/wp-json\/wp\/v2\/product_cat?post=14999"},{"taxonomy":"product_tag","embeddable":true,"href":"https:\/\/www.ateti.pt\/loja\/wp-json\/wp\/v2\/product_tag?post=14999"},{"taxonomy":"woo-feed-brand","embeddable":true,"href":"https:\/\/www.ateti.pt\/loja\/wp-json\/wp\/v2\/woo-feed-brand?post=14999"}],"curies":[{"name":"wp","href":"https:\/\/api.w.org\/{rel}","templated":true}]}}