{"id":14994,"date":"2020-04-27T15:05:49","date_gmt":"2020-04-27T14:05:49","guid":{"rendered":"https:\/\/www.ateti.pt\/loja\/?post_type=product&#038;p=14994"},"modified":"2024-02-09T16:29:14","modified_gmt":"2024-02-09T16:29:14","slug":"gel-de-banho-derma-care-vaseline-700ml","status":"publish","type":"product","link":"https:\/\/www.ateti.pt\/loja\/produto\/gel-de-banho-derma-care-vaseline-700ml\/","title":{"rendered":"Gel de Banho Derma Care 700ml Vaseline"},"content":{"rendered":"<p><strong>Gel de Banho Derma Care<\/strong><\/p>\n<p>Vasenol agora \u00e9 Vaseline. O nome mudou, mas o cuidado e prote\u00e7\u00e3o da pele continuam os mesmos. Poder\u00e1 continuar a encontrar os seus produtos de sempre, agora Vaseline\u2026 e mais algumas inova\u00e7\u00f5es! Esta mudan\u00e7a de nome permite que a marca passe a estar alinhada com a marca global e, deste modo, poder\u00e1 encontr\u00e1-la facilmente quando viaja. Para que a sua pele esteja sempre protegida visto que \u00e9 uma marca especialista no cuidado da pele, apresentando os melhores produtos espec\u00edficos para v\u00e1rios tipos de pele.<\/p>\n<p>Dentro das categorias de desodorizantes, g\u00e9is de banho e lo\u00e7\u00f5es, Vaseline apresenta um portef\u00f3lio alargado de produtos. Come\u00e7ando pelo segmento dos desodorizantes, Vasenol oferece tr\u00eas formatos: roll-on, (com as variedades Hidra Essencial, Derma Care, Men Active Dry e o fresco Aloe Fresh) spray (Double Invisible) e creme (Derma Care e Hidra Essencial).<\/p>\n<p>No que diz respeito ao segmento de g\u00e9is de banho, tr\u00eas gamas comp\u00f5em o portef\u00f3lio: Cuidado Essencial e Cuidado&amp;Frag\u00e2ncia \u2013 adequando-se \u00e0s necessidades de cada um.<\/p>\n<p>Quantidade: 700mL<\/p>\n<p>Veja mais em <a href=\"https:\/\/www.ateti.pt\/loja\/categoria\/higiene-e-limpeza\/higiene\/corpo\/\">Corpo<\/a><\/p>\n","protected":false},"excerpt":{"rendered":"<p>6.13\u20ac\/lt<\/p>\n","protected":false},"featured_media":60770,"comment_status":"closed","ping_status":"closed","template":"","meta":{"_themeisle_gutenberg_block_has_review":false},"product_brand":[],"product_cat":[203,212,190],"product_tag":[],"woo-feed-brand":[],"class_list":{"0":"post-14994","1":"product","2":"type-product","3":"status-publish","4":"has-post-thumbnail","6":"product_cat-beleza-e-higiene","7":"product_cat-corpo","8":"product_cat-desinfetantes-e-limpeza","9":"ts_product_brand-vaseline","11":"first","12":"instock","13":"taxable","14":"shipping-taxable","15":"purchasable","16":"product-type-simple"},"_links":{"self":[{"href":"https:\/\/www.ateti.pt\/loja\/wp-json\/wp\/v2\/product\/14994","targetHints":{"allow":["GET"]}}],"collection":[{"href":"https:\/\/www.ateti.pt\/loja\/wp-json\/wp\/v2\/product"}],"about":[{"href":"https:\/\/www.ateti.pt\/loja\/wp-json\/wp\/v2\/types\/product"}],"replies":[{"embeddable":true,"href":"https:\/\/www.ateti.pt\/loja\/wp-json\/wp\/v2\/comments?post=14994"}],"wp:featuredmedia":[{"embeddable":true,"href":"https:\/\/www.ateti.pt\/loja\/wp-json\/wp\/v2\/media\/60770"}],"wp:attachment":[{"href":"https:\/\/www.ateti.pt\/loja\/wp-json\/wp\/v2\/media?parent=14994"}],"wp:term":[{"taxonomy":"product_brand","embeddable":true,"href":"https:\/\/www.ateti.pt\/loja\/wp-json\/wp\/v2\/product_brand?post=14994"},{"taxonomy":"product_cat","embeddable":true,"href":"https:\/\/www.ateti.pt\/loja\/wp-json\/wp\/v2\/product_cat?post=14994"},{"taxonomy":"product_tag","embeddable":true,"href":"https:\/\/www.ateti.pt\/loja\/wp-json\/wp\/v2\/product_tag?post=14994"},{"taxonomy":"woo-feed-brand","embeddable":true,"href":"https:\/\/www.ateti.pt\/loja\/wp-json\/wp\/v2\/woo-feed-brand?post=14994"}],"curies":[{"name":"wp","href":"https:\/\/api.w.org\/{rel}","templated":true}]}}