{"id":14992,"date":"2020-04-27T15:03:07","date_gmt":"2020-04-27T14:03:07","guid":{"rendered":"https:\/\/www.ateti.pt\/loja\/?post_type=product&#038;p=14992"},"modified":"2026-02-18T10:36:13","modified_gmt":"2026-02-18T10:36:13","slug":"gel-de-banho-para-homem-axe-black-400ml","status":"publish","type":"product","link":"https:\/\/www.ateti.pt\/loja\/produto\/gel-de-banho-para-homem-axe-black-400ml\/","title":{"rendered":"Gel de Banho para Homem Axe Black 400mL"},"content":{"rendered":"<p><strong>Gel de Banho para Homem Axe Black<\/strong><\/p>\n<p>Quantidade: 400mL<\/p>\n<p>Uma fragr\u00e2ncia relaxante para o corpo e a mente. Esta fragr\u00e2ncia requintada e subtil combina notas de bergamota, alecrim e madeira de cedro, para deixares uma boa impress\u00e3o, sem cair no exagero. Enche a palma da m\u00e3o e faz uma espuma cremosa. Enxagua bem e termina com a tua fragr\u00e2ncia preferida da Axe.<\/p>\n<p><strong>Ingredientes:\u00a0<\/strong>Aqua, Sodium Laureth Sulfate, Sodium Chloride, Glycerin, Cocamide MEA, Parfum, Citric Acid, Disodium EDTA, Sodium Benzoate, Alpha-Isomethyl Ionone, Butylphenyl Methylpropional, Limonene, Linalool, CI 19140, CI 42090.<\/p>\n<p><strong>Modo de utiliza\u00e7\u00e3o:<\/strong><\/p>\n<p>Aperta o gel de banho. Faz espuma no corpo. Enxagua. Fica limpo. Perfumado.<\/p>\n<p>Veja mais em <a href=\"https:\/\/www.ateti.pt\/loja\/categoria\/higiene-e-limpeza\/higiene\/higiene-masculina\/\">Higiene Masculina<\/a><\/p>\n","protected":false},"excerpt":{"rendered":"<p>12.225\u20ac\/L<\/p>\n","protected":false},"featured_media":60771,"comment_status":"closed","ping_status":"closed","template":"","meta":{"_themeisle_gutenberg_block_has_review":false},"product_brand":[],"product_cat":[203,212,190,231],"product_tag":[],"woo-feed-brand":[],"class_list":{"0":"post-14992","1":"product","2":"type-product","3":"status-publish","4":"has-post-thumbnail","6":"product_cat-beleza-e-higiene","7":"product_cat-corpo","8":"product_cat-desinfetantes-e-limpeza","9":"product_cat-higiene-masculina","10":"ts_product_brand-axe","12":"first","13":"instock","14":"taxable","15":"shipping-taxable","16":"purchasable","17":"product-type-simple"},"_links":{"self":[{"href":"https:\/\/www.ateti.pt\/loja\/wp-json\/wp\/v2\/product\/14992","targetHints":{"allow":["GET"]}}],"collection":[{"href":"https:\/\/www.ateti.pt\/loja\/wp-json\/wp\/v2\/product"}],"about":[{"href":"https:\/\/www.ateti.pt\/loja\/wp-json\/wp\/v2\/types\/product"}],"replies":[{"embeddable":true,"href":"https:\/\/www.ateti.pt\/loja\/wp-json\/wp\/v2\/comments?post=14992"}],"wp:featuredmedia":[{"embeddable":true,"href":"https:\/\/www.ateti.pt\/loja\/wp-json\/wp\/v2\/media\/60771"}],"wp:attachment":[{"href":"https:\/\/www.ateti.pt\/loja\/wp-json\/wp\/v2\/media?parent=14992"}],"wp:term":[{"taxonomy":"product_brand","embeddable":true,"href":"https:\/\/www.ateti.pt\/loja\/wp-json\/wp\/v2\/product_brand?post=14992"},{"taxonomy":"product_cat","embeddable":true,"href":"https:\/\/www.ateti.pt\/loja\/wp-json\/wp\/v2\/product_cat?post=14992"},{"taxonomy":"product_tag","embeddable":true,"href":"https:\/\/www.ateti.pt\/loja\/wp-json\/wp\/v2\/product_tag?post=14992"},{"taxonomy":"woo-feed-brand","embeddable":true,"href":"https:\/\/www.ateti.pt\/loja\/wp-json\/wp\/v2\/woo-feed-brand?post=14992"}],"curies":[{"name":"wp","href":"https:\/\/api.w.org\/{rel}","templated":true}]}}