{"id":14990,"date":"2020-04-27T15:00:27","date_gmt":"2020-04-27T14:00:27","guid":{"rendered":"https:\/\/www.ateti.pt\/loja\/?post_type=product&#038;p=14990"},"modified":"2024-02-09T16:29:40","modified_gmt":"2024-02-09T16:29:40","slug":"gel-de-banho-hidra-essencial-vaseline-700ml","status":"publish","type":"product","link":"https:\/\/www.ateti.pt\/loja\/produto\/gel-de-banho-hidra-essencial-vaseline-700ml\/","title":{"rendered":"Gel de Banho Hidra Essencial Vaseline 700mL"},"content":{"rendered":"<h5>Gel de Banho Hidra Essencial Vaseline<\/h5>\n<p>Quantidade: 700mL<\/p>\n<div class=\"intro\">\n<p>Vasenol agora \u00e9 Vaseline. O nome mudou, mas o cuidado e prote\u00e7\u00e3o da pele continuam os mesmos. Poder\u00e1 continuar a encontrar os seus produtos de sempre, agora Vaseline\u2026 e mais algumas inova\u00e7\u00f5es! Esta mudan\u00e7a de nome permite que a marca passe a estar alinhada com a marca global e, deste modo, poder\u00e1 encontr\u00e1-la facilmente quando viaja. Para que a sua pele esteja sempre protegida visto que \u00e9 uma marca especialista no cuidado da pele, apresentando os melhores produtos espec\u00edficos para v\u00e1rios tipos de pele.<\/p>\n<\/div>\n<section>Dentro das categorias de desodorizantes, g\u00e9is de banho e lo\u00e7\u00f5es, Vaseline apresenta um portef\u00f3lio alargado de produtos. Come\u00e7ando pelo segmento dos desodorizantes, Vasenol oferece tr\u00eas formatos:\u00a0<strong>roll-on<\/strong>, (com as variedades Hidra Essencial, Derma Care, Men Active Dry e o fresco Aloe Fresh)\u00a0<strong>spray<\/strong>\u00a0(Double Invisible) e\u00a0<strong>creme<\/strong>\u00a0(Derma Care e Hidra Essencial).No que diz respeito ao segmento de g\u00e9is de banho, tr\u00eas gamas comp\u00f5em o portef\u00f3lio: Cuidado Essencial e Cuidado&amp;Frag\u00e2ncia \u2013 adequando-se \u00e0s necessidades de cada um.Vaseline tem ainda um segmento de lo\u00e7\u00f5es que se destinam a cada tipo de pele e necessidade, com quatro variedades diferentes: Alo\u00e9 Vera \u2013ideal para o Ver\u00e3o &#8211; Cacau Radiante (perfeito para peles mais morenas, com uma fragr\u00e2ncia quente e altamente hidratante) e Recupera\u00e7\u00e3o Profunda (perfeito para qualquer situa\u00e7\u00e3o e qualquer tipo de pele). Recentemente foi tamb\u00e9m lan\u00e7ada a lo\u00e7\u00e3o Recupera\u00e7\u00e3o Avan\u00e7ada, de perfume neutro e ainda mais hidratante, para cuidar da pele muito seca em apenas 5 dias. Estas lo\u00e7\u00f5es estar\u00e3o tamb\u00e9m dispon\u00edveis em formato Spray, para uma hidrata\u00e7\u00e3o profunda em poucos segundos.<\/p>\n<p>Por fim, o produto mais hidratante e vers\u00e1til do mercado para a sua pele: Vaselina 100% pura de Vaseline, um agente oclusivo que forma uma barreira protetora contra os efeitos do clima, retardando a perda de hidrata\u00e7\u00e3o natural da pele.<\/p>\n<p>Vaseline. \u00c9 incr\u00edvel o que uma pele protegida pode fazer.<\/p>\n<p>Veja mais em <a href=\"https:\/\/www.ateti.pt\/loja\/categoria\/higiene-e-limpeza\/higiene\/corpo\/\">Corpo<\/a><\/p>\n<\/section>\n","protected":false},"excerpt":{"rendered":"<p>6.13\u20ac\/lt<\/p>\n","protected":false},"featured_media":60772,"comment_status":"closed","ping_status":"closed","template":"","meta":{"_themeisle_gutenberg_block_has_review":false},"product_brand":[],"product_cat":[203,212,190],"product_tag":[],"woo-feed-brand":[],"class_list":{"0":"post-14990","1":"product","2":"type-product","3":"status-publish","4":"has-post-thumbnail","6":"product_cat-beleza-e-higiene","7":"product_cat-corpo","8":"product_cat-desinfetantes-e-limpeza","9":"ts_product_brand-vaseline","11":"first","12":"instock","13":"taxable","14":"shipping-taxable","15":"purchasable","16":"product-type-simple"},"_links":{"self":[{"href":"https:\/\/www.ateti.pt\/loja\/wp-json\/wp\/v2\/product\/14990","targetHints":{"allow":["GET"]}}],"collection":[{"href":"https:\/\/www.ateti.pt\/loja\/wp-json\/wp\/v2\/product"}],"about":[{"href":"https:\/\/www.ateti.pt\/loja\/wp-json\/wp\/v2\/types\/product"}],"replies":[{"embeddable":true,"href":"https:\/\/www.ateti.pt\/loja\/wp-json\/wp\/v2\/comments?post=14990"}],"wp:featuredmedia":[{"embeddable":true,"href":"https:\/\/www.ateti.pt\/loja\/wp-json\/wp\/v2\/media\/60772"}],"wp:attachment":[{"href":"https:\/\/www.ateti.pt\/loja\/wp-json\/wp\/v2\/media?parent=14990"}],"wp:term":[{"taxonomy":"product_brand","embeddable":true,"href":"https:\/\/www.ateti.pt\/loja\/wp-json\/wp\/v2\/product_brand?post=14990"},{"taxonomy":"product_cat","embeddable":true,"href":"https:\/\/www.ateti.pt\/loja\/wp-json\/wp\/v2\/product_cat?post=14990"},{"taxonomy":"product_tag","embeddable":true,"href":"https:\/\/www.ateti.pt\/loja\/wp-json\/wp\/v2\/product_tag?post=14990"},{"taxonomy":"woo-feed-brand","embeddable":true,"href":"https:\/\/www.ateti.pt\/loja\/wp-json\/wp\/v2\/woo-feed-brand?post=14990"}],"curies":[{"name":"wp","href":"https:\/\/api.w.org\/{rel}","templated":true}]}}