{"id":14931,"date":"2020-04-27T10:30:22","date_gmt":"2020-04-27T09:30:22","guid":{"rendered":"https:\/\/www.ateti.pt\/loja\/?post_type=product&#038;p=14931"},"modified":"2026-01-09T14:35:32","modified_gmt":"2026-01-09T14:35:32","slug":"leite-creme-royal-92g","status":"publish","type":"product","link":"https:\/\/www.ateti.pt\/loja\/produto\/leite-creme-royal-92g\/","title":{"rendered":"Leite Creme Royal 92g"},"content":{"rendered":"<h5>Leite Creme Royal<\/h5>\n<p>Quantidade: 92g<\/p>\n<p><strong>Ingredientes:<\/strong>Amido, sal, corantes (E-100, E-160b, E-150d), aromas. PODE CONTER TRIGO, OVO E LEITE. Pode conter vest\u00edgios de Ovos, Leite, Cereais que cont\u00eam gl\u00faten, Trigo.<\/p>\n<p><strong>Modo de prepara\u00e7\u00e3o:\u00a0<\/strong>1. Dissolva o conte\u00fado da saqueta numa ch\u00e1vena de leite retirado do \u00bd litro. Adicione ao resto do leite duas colheres de sopa de a\u00e7\u00facar e leve ao lume a levantar fervura. 2. Junte ao leite a ferver o conte\u00fado da ch\u00e1vena e deixe cozer durante 1 minuto, mexendo sempre. 3. Deite o leite creme no recipiente desejado e deixe arrefecer completamente. Espalhe um pouco de a\u00e7\u00facar por cima do preparado e apoie suavemente um ferro muito quente sobre o a\u00e7\u00facar de forma a queimar o a\u00e7\u00facar.<\/p>\n<p><strong>Valores nutricionais:<\/strong> Energia: 36 kJ \/ 86 kcal; L\u00edpidos: 1.4 g, Dos quais \u00e1cidos gordos saturados: 1 g; Hidratos de carbono: 15.5 g, Dos quais a\u00e7\u00facares: 12 g; Fibras: &lt;0.10 g; Prote\u00ednas: 2.7 g; Sal: 0.18 g .<\/p>\n<p><strong>Conserva\u00e7\u00e3o:\u00a0<\/strong>Conservar em lugar fresco e seco. . Uma vez preparado, conservar refrigerado.<\/p>\n<p>Veja mais em <a href=\"https:\/\/www.ateti.pt\/loja\/categoria\/mercearia\/sobremesas-mercearia\/\">Sobremesas<\/a><\/p>\n","protected":false},"excerpt":{"rendered":"<p>18.37\u20ac\/Kg<\/p>\n","protected":false},"featured_media":57245,"comment_status":"closed","ping_status":"closed","template":"","meta":{"_themeisle_gutenberg_block_has_review":false},"product_brand":[],"product_cat":[132,175],"product_tag":[],"woo-feed-brand":[],"class_list":{"0":"post-14931","1":"product","2":"type-product","3":"status-publish","4":"has-post-thumbnail","6":"product_cat-mercearia","7":"product_cat-sobremesas-mercearia","8":"ts_product_brand-royal","10":"first","11":"instock","12":"taxable","13":"shipping-taxable","14":"purchasable","15":"product-type-simple"},"_links":{"self":[{"href":"https:\/\/www.ateti.pt\/loja\/wp-json\/wp\/v2\/product\/14931","targetHints":{"allow":["GET"]}}],"collection":[{"href":"https:\/\/www.ateti.pt\/loja\/wp-json\/wp\/v2\/product"}],"about":[{"href":"https:\/\/www.ateti.pt\/loja\/wp-json\/wp\/v2\/types\/product"}],"replies":[{"embeddable":true,"href":"https:\/\/www.ateti.pt\/loja\/wp-json\/wp\/v2\/comments?post=14931"}],"wp:featuredmedia":[{"embeddable":true,"href":"https:\/\/www.ateti.pt\/loja\/wp-json\/wp\/v2\/media\/57245"}],"wp:attachment":[{"href":"https:\/\/www.ateti.pt\/loja\/wp-json\/wp\/v2\/media?parent=14931"}],"wp:term":[{"taxonomy":"product_brand","embeddable":true,"href":"https:\/\/www.ateti.pt\/loja\/wp-json\/wp\/v2\/product_brand?post=14931"},{"taxonomy":"product_cat","embeddable":true,"href":"https:\/\/www.ateti.pt\/loja\/wp-json\/wp\/v2\/product_cat?post=14931"},{"taxonomy":"product_tag","embeddable":true,"href":"https:\/\/www.ateti.pt\/loja\/wp-json\/wp\/v2\/product_tag?post=14931"},{"taxonomy":"woo-feed-brand","embeddable":true,"href":"https:\/\/www.ateti.pt\/loja\/wp-json\/wp\/v2\/woo-feed-brand?post=14931"}],"curies":[{"name":"wp","href":"https:\/\/api.w.org\/{rel}","templated":true}]}}