{"id":14920,"date":"2024-07-04T10:08:16","date_gmt":"2024-07-04T09:08:16","guid":{"rendered":"https:\/\/www.ateti.pt\/loja\/?post_type=product&#038;p=14920"},"modified":"2026-02-04T10:21:48","modified_gmt":"2026-02-04T10:21:48","slug":"boca-doce-caramelo-22g","status":"publish","type":"product","link":"https:\/\/www.ateti.pt\/loja\/produto\/boca-doce-caramelo-22g\/","title":{"rendered":"Boca Doce Caramelo 22g"},"content":{"rendered":"<h5>Boca Doce Caramelo<\/h5>\n<p><strong>Quantidade:<\/strong> 22g<\/p>\n<p><strong>Valores nutricionais m\u00e9dios por 100g:<\/strong>\u00a0 Energia: 1625 kJ \/ 113kcal; L\u00edpidos: 0g, Dos quais \u00e1cidos gordos saturados: 0 g; Hidratos de carbono: 93.5 g, Dos quais a\u00e7\u00facares: 71 g; Fibras: 0 g; Prote\u00ednas: 0g; Sal: 0.15 g; Vitamina C: 450 mg<\/p>\n<p><strong>Ingredientes: <\/strong>a\u00e7\u00facar, xarope de glucose, acidificantes (E 296, E 330), vitamina C (ascorbato de s\u00f3dio, \u00e1cido asc\u00f3rbico), regulador de acidez (E 332), corante (E 140), aromas.<\/p>\n<p><strong>Modo de prepara\u00e7\u00e3o:<\/strong><\/p>\n<p>1- Deite o conte\u00fado da saqueta numa ca\u00e7arola e adicione 4 colheres de sopa\/100 gramas de a\u00e7\u00facar.<\/p>\n<p>2- Junte pouco a pouco, 500 ml de leite, mexendo at\u00e9 dissolver bem;<\/p>\n<p>3- Leve a levantar fervura em lume brando e deixe cozer durante 2 minutos, mexendo sempre;<\/p>\n<p>4- Coloque nas formas e deixe arrefecer sem mexer.<\/p>\n<p>Veja mais em <a href=\"https:\/\/www.ateti.pt\/loja\/categoria\/mercearia\/sobremesas-mercearia\/\">Sobremesas<\/a><\/p>\n","protected":false},"excerpt":{"rendered":"<p>35.91\u20ac\/Kg<\/p>\n","protected":false},"featured_media":57166,"comment_status":"closed","ping_status":"closed","template":"","meta":{"_themeisle_gutenberg_block_has_review":false},"product_brand":[],"product_cat":[132,175],"product_tag":[],"woo-feed-brand":[],"class_list":{"0":"post-14920","1":"product","2":"type-product","3":"status-publish","4":"has-post-thumbnail","6":"product_cat-mercearia","7":"product_cat-sobremesas-mercearia","8":"ts_product_brand-boca-doce","10":"first","11":"instock","12":"taxable","13":"shipping-taxable","14":"purchasable","15":"product-type-simple"},"_links":{"self":[{"href":"https:\/\/www.ateti.pt\/loja\/wp-json\/wp\/v2\/product\/14920","targetHints":{"allow":["GET"]}}],"collection":[{"href":"https:\/\/www.ateti.pt\/loja\/wp-json\/wp\/v2\/product"}],"about":[{"href":"https:\/\/www.ateti.pt\/loja\/wp-json\/wp\/v2\/types\/product"}],"replies":[{"embeddable":true,"href":"https:\/\/www.ateti.pt\/loja\/wp-json\/wp\/v2\/comments?post=14920"}],"wp:featuredmedia":[{"embeddable":true,"href":"https:\/\/www.ateti.pt\/loja\/wp-json\/wp\/v2\/media\/57166"}],"wp:attachment":[{"href":"https:\/\/www.ateti.pt\/loja\/wp-json\/wp\/v2\/media?parent=14920"}],"wp:term":[{"taxonomy":"product_brand","embeddable":true,"href":"https:\/\/www.ateti.pt\/loja\/wp-json\/wp\/v2\/product_brand?post=14920"},{"taxonomy":"product_cat","embeddable":true,"href":"https:\/\/www.ateti.pt\/loja\/wp-json\/wp\/v2\/product_cat?post=14920"},{"taxonomy":"product_tag","embeddable":true,"href":"https:\/\/www.ateti.pt\/loja\/wp-json\/wp\/v2\/product_tag?post=14920"},{"taxonomy":"woo-feed-brand","embeddable":true,"href":"https:\/\/www.ateti.pt\/loja\/wp-json\/wp\/v2\/woo-feed-brand?post=14920"}],"curies":[{"name":"wp","href":"https:\/\/api.w.org\/{rel}","templated":true}]}}