{"id":14877,"date":"2021-07-04T14:29:03","date_gmt":"2021-07-04T13:29:03","guid":{"rendered":"https:\/\/www.ateti.pt\/loja\/?post_type=product&#038;p=14877"},"modified":"2026-03-26T16:07:55","modified_gmt":"2026-03-26T16:07:55","slug":"bacalhau-posta-tranche-embalada-congelada-neutura-1kg","status":"publish","type":"product","link":"https:\/\/www.ateti.pt\/loja\/produto\/bacalhau-posta-tranche-embalada-congelada-neutura-1kg\/","title":{"rendered":"Bacalhau Posta Tranche Demolhado Congelado Neutura 1Kg"},"content":{"rendered":"<h5>Bacalhau Posta Tranche Congelado Neutura<\/h5>\n<p><strong>Quantidade:<\/strong> 1kg<\/p>\n<p>Bacalhau Posta Tranche Congelado Neutura 1Kg \u00e9 um tipo de peixe \u00e9 muito nutritivo e de f\u00e1cil digest\u00e3o. Rico em f\u00f3sforo, c\u00e1lcio, zinco, pot\u00e1ssio e magn\u00e9sio, \u00e9 um alimento saud\u00e1vel que pode ser consumido sem culpa.<\/p>\n<p>Em Portugal, ele \u00e9 chamado de o \u201cFiel Amigo\u201d, isto porque o ditado popular vem de tempos antigos, pois a iguaria \u00e9 parte essencial da culin\u00e1ria lusitana. Assim como o arroz com feij\u00e3o est\u00e1 presente na mesa dos brasileiros, o bacalhau \u00e9 o verdadeiro rei nas refei\u00e7\u00f5es das fam\u00edlias portuguesas.<\/p>\n<p>Nome Cient\u00edfico: Gadus morhua<\/p>\n<p>Captura: Atl\u00e2ntico Nordeste-FAO27<\/p>\n<p>Origem: Isl\u00e2ndia<\/p>\n<p>Declara\u00e7\u00e3o Nutricional (por 100g): Energia: 397kj\/ 94Kcal; L\u00edpidos: 0,7g; dos quais \u00e1cidos gordos saturados: 0,3g; Hidratos de carbono: 0g; dos quais a\u00e7ucares: 0g; Prote\u00ednas: 22g; Sal:1,73g.<\/p>\n<p>Ingredientes: Bacalhau, \u00e1gua, sal<\/p>\n<p>Prepara\u00e7\u00e3o: Necessidade de cozedura completa antes de consumo.<\/p>\n<p>Cont\u00e9m peixe e pode conter vest\u00edgios de moluscos.<\/p>\n<h4>Como preparar bacalhau<\/h4>\n<p>Sugest\u00e3o de receita<\/p>\n<h5>Bacalhau com natas<\/h5>\n<p><strong>Ingredientes:<\/strong><\/p>\n<div class=\"rdisc-left\">\n<div class=\"ingredients\">\n<div class=\"rd-ingredients mb10\">\n<div class=\"ingredients\">\n<p><label for=\"ilg-0\"><span class=\"ingredient-qty\" data-qty=\"4\">4<\/span>\u00a0postas de<a href=\"https:\/\/www.ateti.pt\/loja\/categoria\/congelados\/bacalhau-congelado\/\">\u00a0bacalhau\u00a0<\/a><\/label><\/p>\n<p><label for=\"ilg-1\">600 ml\u00a0<a href=\"https:\/\/www.ateti.pt\/loja\/categoria\/mercearia\/laticinios\/\">leite<\/a><\/label><\/p>\n<p><label for=\"ilg-2\"><span class=\"ingredient-qty\" data-qty=\"1\">1<\/span>\u00a0<a href=\"https:\/\/www.ateti.pt\/loja\/categoria\/frutas-e-legumes\/legumes-frescos\/\">cebola<\/a>\u00a0cortada em rodelas<\/label><\/p>\n<p><label for=\"ilg-3\"><a href=\"https:\/\/www.ateti.pt\/loja\/categoria\/mercearia\/azeiteseoleos\/\">azeite<\/a><\/label><\/p>\n<p><label for=\"ilg-4\"><span class=\"ingredient-qty\" data-qty=\"2\">2<\/span>\u00a0c. sopa\u00a0<a href=\"https:\/\/www.ateti.pt\/loja\/categoria\/mercearia\/farinhaeacucares\/\">farinha<\/a><\/label><\/p>\n<p><label for=\"ilg-5\"><span class=\"ingredient-qty\" data-qty=\"1\">1<\/span>\u00a0kg\u00a0<a href=\"https:\/\/www.ateti.pt\/loja\/categoria\/frutas-e-legumes\/legumes-frescos\/\">batata<\/a>(s)<\/label><\/p>\n<p><a href=\"https:\/\/www.ateti.pt\/loja\/categoria\/mercearia\/temperos-e-molhos\/\"><label for=\"ilg-6\">noz\u00a0moscada<\/label><\/a><\/p>\n<p><label for=\"ilg-7\">200 ml de\u00a0<a href=\"https:\/\/www.ateti.pt\/loja\/categoria\/mercearia\/laticinios\/\">natas<\/a><\/label><\/p>\n<p><label for=\"ilg-8\">queijo ralado<\/label><\/p>\n<p><label for=\"ilg-9\">q.b.\u00a0<a href=\"https:\/\/www.ateti.pt\/loja\/categoria\/mercearia\/temperos-e-molhos\/\">sal<\/a><\/label><\/p>\n<p><label for=\"ilg-10\">q.b.\u00a0<a href=\"https:\/\/www.ateti.pt\/loja\/categoria\/mercearia\/temperos-e-molhos\/\">Pimenta<\/a><\/label><\/p>\n<\/div>\n<\/div>\n<\/div>\n<\/div>\n<div class=\"rdisc-right\">\n<div class=\"rd-steps rd-step-list mb10\">\n<p class=\"stitle\"><strong>Prepara\u00e7\u00e3o<\/strong><\/p>\n<p>1-Coza as postas de bacalhau em leite.<\/p>\n<p>2-Corte a cebola em rodelas finas e refogue em azeite at\u00e9 estar mole e transparente.<\/p>\n<p>3-Escorra o bacalhau e desfa\u00e7a-o em lascas e junte \u00e0 cebolada. Deixe refogar lentamente. Polvilhe com farinha, mexa e regue com leite coado, onde cozeu antes o bacalhau. Deixe engrossar, mexendo de vez em quando.<\/p>\n<p>4-Descasque e corte as batatas em cubos e frite em \u00f3leo n\u00e3o quente, de forma a deix\u00e1-las mais cozidas que fritas. Escorra as batatas e junte-as ao bacalhau. Tempere com sal, pimenta e noz-moscada.<\/p>\n<p>5-Deite tudo num tabuleiro untado de ir ao forno, espalhe por cima as natas e polvilhe com queijo ralado. Leve ao forno at\u00e9 estar gratinado.<br \/>\nSirva com uma salada fresca de alface e tomate.<\/p>\n<\/div>\n<\/div>\n<p>Veja mais em\u00a0<a href=\"https:\/\/www.ateti.pt\/loja\/categoria\/frescos-e-congelados\/bacalhau\/\">Bacalhau<\/a><\/p>\n<p>Veja mais em\u00a0<a href=\"https:\/\/neutura.pt\/\">Neutura<\/a>.<\/p>\n","protected":false},"excerpt":{"rendered":"<p>16.39\u20ac\/KG<\/p>\n","protected":false},"featured_media":31866,"comment_status":"closed","ping_status":"closed","template":"","meta":{"_themeisle_gutenberg_block_has_review":false},"product_brand":[],"product_cat":[589,177,891],"product_tag":[],"woo-feed-brand":[],"class_list":{"0":"post-14877","1":"product","2":"type-product","3":"status-publish","4":"has-post-thumbnail","6":"product_cat-bacalhau-congelado","7":"product_cat-congelados","8":"product_cat-iva-zero","9":"ts_product_brand-neutura","11":"first","12":"instock","13":"taxable","14":"shipping-taxable","15":"purchasable","16":"product-type-simple"},"_links":{"self":[{"href":"https:\/\/www.ateti.pt\/loja\/wp-json\/wp\/v2\/product\/14877","targetHints":{"allow":["GET"]}}],"collection":[{"href":"https:\/\/www.ateti.pt\/loja\/wp-json\/wp\/v2\/product"}],"about":[{"href":"https:\/\/www.ateti.pt\/loja\/wp-json\/wp\/v2\/types\/product"}],"replies":[{"embeddable":true,"href":"https:\/\/www.ateti.pt\/loja\/wp-json\/wp\/v2\/comments?post=14877"}],"wp:featuredmedia":[{"embeddable":true,"href":"https:\/\/www.ateti.pt\/loja\/wp-json\/wp\/v2\/media\/31866"}],"wp:attachment":[{"href":"https:\/\/www.ateti.pt\/loja\/wp-json\/wp\/v2\/media?parent=14877"}],"wp:term":[{"taxonomy":"product_brand","embeddable":true,"href":"https:\/\/www.ateti.pt\/loja\/wp-json\/wp\/v2\/product_brand?post=14877"},{"taxonomy":"product_cat","embeddable":true,"href":"https:\/\/www.ateti.pt\/loja\/wp-json\/wp\/v2\/product_cat?post=14877"},{"taxonomy":"product_tag","embeddable":true,"href":"https:\/\/www.ateti.pt\/loja\/wp-json\/wp\/v2\/product_tag?post=14877"},{"taxonomy":"woo-feed-brand","embeddable":true,"href":"https:\/\/www.ateti.pt\/loja\/wp-json\/wp\/v2\/woo-feed-brand?post=14877"}],"curies":[{"name":"wp","href":"https:\/\/api.w.org\/{rel}","templated":true}]}}