{"id":14860,"date":"2020-04-24T10:27:00","date_gmt":"2020-04-24T09:27:00","guid":{"rendered":"https:\/\/www.ateti.pt\/loja\/?post_type=product&#038;p=14860"},"modified":"2026-02-23T16:58:31","modified_gmt":"2026-02-23T16:58:31","slug":"gel-banho-jasmine-coconut-750ml-dove","status":"publish","type":"product","link":"https:\/\/www.ateti.pt\/loja\/produto\/gel-banho-jasmine-coconut-750ml-dove\/","title":{"rendered":"Gel de Banho Jasmine &amp; Coconut Dove 750mL"},"content":{"rendered":"<p><strong>Gel de Banho Jasmine &amp; Coconut Dove<\/strong><\/p>\n<p>Quantidade: 750mL<\/p>\n<p class=\"c-product-overview__description o-text__body\">Encante-se todas as manh\u00e3s com a fragr\u00e2ncia de leite de coco e p\u00e9talas de jasmim deste gel de duche luxuoso.<\/p>\n<p><strong>Benef\u00edcios de usar Gel de Banho Jasmine &amp; Coconut Dove:<\/strong><\/p>\n<div class=\"c-product-overview__review\">\n<div>\n<div class=\"c-expandcollapse__desc\">\n<p>\u2022 Deliciosa fragr\u00e2ncia de leite de coco e jasmim<\/p>\n<p>\u2022 Uma experi\u00eancia de banho que cuida da sua pele<\/p>\n<p>\u2022 Deixa a sua pele mais macia logo ap\u00f3s a primeira utiliza\u00e7\u00e3o<\/p>\n<p>\u2022 Tecnologia NutriumMoisture\u2122 &#8211; devolve os nutrientes naturais da pele<\/p>\n<p>\u2022 Cuida da pele profundamente*<\/p>\n<p>\u2022 Ajuda a manter a hidrata\u00e7\u00e3o da pele, enquanto limpa<\/p>\n<\/div>\n<div class=\"c-expandcollapse__desc\">\n<p>Como ter a pele sempre macia? Com o gel de duche correto, voc\u00ea pode cuidar da sua pele e hidrat\u00e1-la todos os dias enquanto a protege contra a secura. Aproveite a hora do duche para relaxar. Dove Gel de Duche Relaxing Coconut &amp; Jasmine \u00e9 suave e hidratante para ajudar a manter a sua pele naturalmente hidratada. Este gel de duche limpa e nutre a pele e oferece um momento de relaxamento gra\u00e7as \u00e0 sua fragr\u00e2ncia de leite de coco e jasmim. A f\u00f3rmula suave deste gel de duche Dove com a tecnologia NutriumMoisture\u2122 ajuda a manter a hidrata\u00e7\u00e3o natural da pele enquanto a limpa. A pele fica mais macia logo ap\u00f3s a primeira utiliza\u00e7\u00e3o. Como aplicar? Basta colocar um pouco do produto numa esponja de duche e aproveitar esta fragr\u00e2ncia relaxante e esta espuma rica e hidratante<\/p>\n<p><strong>Ingredientes:\u00a0<\/strong><\/p>\n<p>Water (Aqua), Cocamidopropyl Betaine, Sodium Hydroxypropyl Starch Phosphate, Lauric Acid, Sodium Lauroyl Glycinate, Sodium Lauroyl Isethionate, Hydrogenated Soybean Oil, Sodium Chloride, Glycerin, Fragrance (Parfum), Cocos Nucifera (Coconut) Fruit Extract, Nonfat Dry Milk, Helianthus Annuus (Sunflower) Seed Oil, Guar Hydroxypropyltrimonium Chloride, Dmdm Hydantoin, Stearic Acid, Citric Acid, Bht, Tetrasodium Edta, Methylisothiazolinone, Iodopropynyl Butylcarbamate, Propylene Glycol, Red 33 (Ci 17200), Yellow 5 (Ci 19140).<\/p>\n<p>Veja mais em <a href=\"https:\/\/www.ateti.pt\/loja\/categoria\/higiene-e-limpeza\/higiene\/corpo\/\">Corpo<\/a><\/p>\n<\/div>\n<\/div>\n<\/div>\n","protected":false},"excerpt":{"rendered":"<p>7,99\u20ac\/lt<\/p>\n","protected":false},"featured_media":60773,"comment_status":"closed","ping_status":"closed","template":"","meta":{"_themeisle_gutenberg_block_has_review":false},"product_brand":[],"product_cat":[203,212,190],"product_tag":[],"woo-feed-brand":[],"class_list":{"0":"post-14860","1":"product","2":"type-product","3":"status-publish","4":"has-post-thumbnail","6":"product_cat-beleza-e-higiene","7":"product_cat-corpo","8":"product_cat-desinfetantes-e-limpeza","9":"ts_product_brand-dove","11":"first","12":"instock","13":"taxable","14":"shipping-taxable","15":"purchasable","16":"product-type-simple"},"_links":{"self":[{"href":"https:\/\/www.ateti.pt\/loja\/wp-json\/wp\/v2\/product\/14860","targetHints":{"allow":["GET"]}}],"collection":[{"href":"https:\/\/www.ateti.pt\/loja\/wp-json\/wp\/v2\/product"}],"about":[{"href":"https:\/\/www.ateti.pt\/loja\/wp-json\/wp\/v2\/types\/product"}],"replies":[{"embeddable":true,"href":"https:\/\/www.ateti.pt\/loja\/wp-json\/wp\/v2\/comments?post=14860"}],"wp:featuredmedia":[{"embeddable":true,"href":"https:\/\/www.ateti.pt\/loja\/wp-json\/wp\/v2\/media\/60773"}],"wp:attachment":[{"href":"https:\/\/www.ateti.pt\/loja\/wp-json\/wp\/v2\/media?parent=14860"}],"wp:term":[{"taxonomy":"product_brand","embeddable":true,"href":"https:\/\/www.ateti.pt\/loja\/wp-json\/wp\/v2\/product_brand?post=14860"},{"taxonomy":"product_cat","embeddable":true,"href":"https:\/\/www.ateti.pt\/loja\/wp-json\/wp\/v2\/product_cat?post=14860"},{"taxonomy":"product_tag","embeddable":true,"href":"https:\/\/www.ateti.pt\/loja\/wp-json\/wp\/v2\/product_tag?post=14860"},{"taxonomy":"woo-feed-brand","embeddable":true,"href":"https:\/\/www.ateti.pt\/loja\/wp-json\/wp\/v2\/woo-feed-brand?post=14860"}],"curies":[{"name":"wp","href":"https:\/\/api.w.org\/{rel}","templated":true}]}}