{"id":14831,"date":"2022-03-09T14:40:52","date_gmt":"2022-03-09T13:40:52","guid":{"rendered":"https:\/\/www.ateti.pt\/loja\/?post_type=product&#038;p=14831"},"modified":"2026-03-10T16:04:11","modified_gmt":"2026-03-10T16:04:11","slug":"pasta-de-dentes-anti-caries-colgate-75ml","status":"publish","type":"product","link":"https:\/\/www.ateti.pt\/loja\/produto\/pasta-de-dentes-anti-caries-colgate-75ml\/","title":{"rendered":"Pasta de Dentes Antic\u00e1ries 75ml Colgate"},"content":{"rendered":"<p><strong>Pasta de Dentes Antic\u00e1ries Colgate 75ml<\/strong><\/p>\n<p>Quantidade: 75mL<\/p>\n<div class=\"col-xs-12 col-md-12 default-style\">\n<div class=\"box component section pdp-description odd last col-xs-12 col-sm-7 col-lg-6\">\n<div id=\"01738814893\" class=\"component-content\">\n<div class=\"paragraphSystem content\">\n<div class=\"productAwareRichText richText component section product-summary first odd col-xs-12\">\n<div class=\"component-content\">\n<div class=\"richText-content\">\n<p>Colgate<sup>\u00ae<\/sup> Protection Caries, com a f\u00f3rmula de fl\u00faor activo e c\u00e1lcio l\u00edquido penetra entre os dentes e \u00e0 sua volta, para a m\u00e1xima preven\u00e7\u00e3o anto-c\u00e1ries.<\/p>\n<\/div>\n<\/div>\n<\/div>\n<\/div>\n<\/div>\n<\/div>\n<\/div>\n<div class=\"col-xs-12 col-sm-12 col-md-12 col-lg-12 default-style\">\n<div class=\"conditionalBox box component section pdp-safety-info odd col-xs-12 col-lg-10 col-lg-offset-1\">\n<div id=\"2096822880\" class=\"component-content\">\n<div class=\"paragraphSystem content\">\n<div class=\"richText component section default-style first odd col-xs-12\">\n<div class=\"component-content\">\n<div class=\"richText-content\">\n<p><strong><span class=\"small-title\">Ingredientes:<\/span><\/strong><\/p>\n<\/div>\n<\/div>\n<\/div>\n<div class=\"productAwareRichText richText component section default-style even last col-xs-12 col-lg-12 col-lg-offset-0\">\n<div class=\"component-content\">\n<div class=\"richText-content\">\n<ul>\n<li>Dicalcium Phosphate Dihydrate. Ajuda a limpar e conferir brilho aos dentes.<\/li>\n<li>Aqua. Dissolve subst\u00e2ncias ou ingredientes.<\/li>\n<li>Glycerin. Ajuda a dissolver os ingredientes e a prevenir a secagem ou o endurecimento, mantendo a carater\u00edstica macia do produto.<\/li>\n<li>Sodium lauryl sulfate. Agente espumante para ajudar a remover os res\u00edduos alimentares.<\/li>\n<li>Cellulose gum. Agente espessante ou estabilizador que proporciona consist\u00eancia \u00e0 pasta.<\/li>\n<li>Aroma*. Refresca o h\u00e1lito e melhora o sabor de um produto.<\/li>\n<li>Sodium Monofluorophosphate. Ingrediente ativo para ajudar a prevenir c\u00e1ries.<\/li>\n<li>Tetrasodium pyrophosphate. Ajuda a proteger contra o aparecimento de manchas.<\/li>\n<li>Sodium saccharin. Um edulcorante sem a\u00e7\u00facar que melhora a perce\u00e7\u00e3o gustativa do produto.<\/li>\n<li>Sodium fluoride. Ingrediente ativo que ajuda a prevenir as c\u00e1ries<\/li>\n<\/ul>\n<p><strong>Modo de utiliza\u00e7\u00e3o:<\/strong><\/p>\n<p>Escove os dentes pelo menos duas vezes por dia. Crian\u00e7as com idade igual ou inferior a seis anos: utilizar uma quantidade do tamanho de uma ervilha, com supervis\u00e3o durante a escovagem para minimizar a degluti\u00e7\u00e3o. Se estiver a tomar fl\u00faor proveniente de outras fontes, consulte o seu dentista ou o seu m\u00e9dico.<\/p>\n<p>Pasta de Dentes Anti-C\u00e1ries Colgate cont\u00e9m fl\u00faor que est\u00e1 clinicamente comprovado a preven\u00e7\u00e3o das c\u00e1ries na superf\u00edcie dos dentes e nas ra\u00edzes expostas. A f\u00f3rmula de c\u00e1lcio ajuda a proteger os dentes e a reparar os pontos fracos do esmalte antes que as c\u00e1ries apare\u00e7am.<\/p>\n<p>Veja mais em <a href=\"https:\/\/www.ateti.pt\/loja\/categoria\/higiene-e-limpeza\/higiene\/oral\/\">Higiene Oral<\/a><\/p>\n<\/div>\n<\/div>\n<\/div>\n<\/div>\n<\/div>\n<\/div>\n<\/div>\n","protected":false},"excerpt":{"rendered":"<p>26,00\u20ac\/L<\/p>\n","protected":false},"featured_media":56797,"comment_status":"closed","ping_status":"closed","template":"","meta":{"_themeisle_gutenberg_block_has_review":false},"product_brand":[],"product_cat":[203,190,213],"product_tag":[],"woo-feed-brand":[786],"class_list":{"0":"post-14831","1":"product","2":"type-product","3":"status-publish","4":"has-post-thumbnail","6":"product_cat-beleza-e-higiene","7":"product_cat-desinfetantes-e-limpeza","8":"product_cat-oral","9":"ts_product_brand-colgate","10":"woo-feed-brand-colgate","12":"first","13":"instock","14":"taxable","15":"shipping-taxable","16":"purchasable","17":"product-type-simple"},"_links":{"self":[{"href":"https:\/\/www.ateti.pt\/loja\/wp-json\/wp\/v2\/product\/14831","targetHints":{"allow":["GET"]}}],"collection":[{"href":"https:\/\/www.ateti.pt\/loja\/wp-json\/wp\/v2\/product"}],"about":[{"href":"https:\/\/www.ateti.pt\/loja\/wp-json\/wp\/v2\/types\/product"}],"replies":[{"embeddable":true,"href":"https:\/\/www.ateti.pt\/loja\/wp-json\/wp\/v2\/comments?post=14831"}],"wp:featuredmedia":[{"embeddable":true,"href":"https:\/\/www.ateti.pt\/loja\/wp-json\/wp\/v2\/media\/56797"}],"wp:attachment":[{"href":"https:\/\/www.ateti.pt\/loja\/wp-json\/wp\/v2\/media?parent=14831"}],"wp:term":[{"taxonomy":"product_brand","embeddable":true,"href":"https:\/\/www.ateti.pt\/loja\/wp-json\/wp\/v2\/product_brand?post=14831"},{"taxonomy":"product_cat","embeddable":true,"href":"https:\/\/www.ateti.pt\/loja\/wp-json\/wp\/v2\/product_cat?post=14831"},{"taxonomy":"product_tag","embeddable":true,"href":"https:\/\/www.ateti.pt\/loja\/wp-json\/wp\/v2\/product_tag?post=14831"},{"taxonomy":"woo-feed-brand","embeddable":true,"href":"https:\/\/www.ateti.pt\/loja\/wp-json\/wp\/v2\/woo-feed-brand?post=14831"}],"curies":[{"name":"wp","href":"https:\/\/api.w.org\/{rel}","templated":true}]}}