{"id":14827,"date":"2020-04-22T18:32:36","date_gmt":"2020-04-22T17:32:36","guid":{"rendered":"https:\/\/www.ateti.pt\/loja\/?post_type=product&#038;p=14827"},"modified":"2024-05-14T08:14:51","modified_gmt":"2024-05-14T08:14:51","slug":"gel-de-banho-leite-e-mel-palmolive-500ml","status":"publish","type":"product","link":"https:\/\/www.ateti.pt\/loja\/produto\/gel-de-banho-leite-e-mel-palmolive-500ml\/","title":{"rendered":"Gel de Banho Leite e Mel 500ml Palmolive"},"content":{"rendered":"<h5>Gel de Banho Leite e Mel Palmolive<\/h5>\n<p>Quantidade: 500mL<\/p>\n<div class=\"richText component section richText-center-below-desktop richText-no-margin even col-xs-12\">\n<div class=\"component-content\">\n<div class=\"richText-content\">\n<p>Descri\u00e7\u00e3o: O Gel de banho Palmolive Naturals Am\u00eandoa &amp; Leite \u00e9 enriquecido com extractos de origem 100% natural de am\u00eandoa. A f\u00f3rmula aveludada respeita o equil\u00edbrio natural da sua pele.<\/p>\n<\/div>\n<\/div>\n<\/div>\n<div class=\"richText component section richText-center-below-desktop odd col-xs-12\">\n<div class=\"component-content\">\n<div class=\"richText-content\">\n<h4>Benef\u00edcios:<\/h4>\n<p>Enriquecido com extratos naturais &#8211; Hidratante<\/p>\n<\/div>\n<\/div>\n<\/div>\n<div class=\"richText component section richText-center-below-desktop even col-xs-12 col-lg-6\">\n<div class=\"component-content\">\n<div class=\"richText-content\">\n<h4>Fragr\u00e2ncia<\/h4>\n<p>Suave e Delicada<\/p>\n<p><strong>Ingredientes:<\/strong><\/p>\n<div class=\"richText component section default-style even col-xs-9 col-md-11\">\n<div class=\"component-content\">\n<div class=\"richText-content\">\n<ul>\n<li><span class=\"selectionStyle-green\">Am\u00eandoa.<\/span> A flor de amendoeira floresce nas amendoeiras, \u00e1rvores muito comuns nas regi\u00f5es mediterr\u00e2nicas. \u00c9 imposs\u00edvel resistir ao doce e inebriante aroma desta delicada flor, assim como ao seu imenso poder antioxidante e propriedades hidratantes.<\/li>\n<\/ul>\n<\/div>\n<\/div>\n<\/div>\n<div class=\"image component section default-style odd col-xs-3 col-md-1\">\n<div class=\"component-content middle\"><\/div>\n<\/div>\n<div class=\"richText component section default-style even last col-xs-9 col-md-11\">\n<div class=\"component-content\">\n<div class=\"richText-content\">\n<ul>\n<li><span class=\"selectionStyle-green\">Leite.<\/span>\u00a0O leite tem sido uma parte integrante da dieta humana desde que, na Idade M\u00e9dia, os povos domesticaram o gado selvagem, h\u00e1 uns 9 ou 10 mil anos. Os mais antigos registos escritos, encontrados na \u00cdndia h\u00e1 mais de 6 mil anos, mencionam o leite como um alimento essencial.<\/li>\n<\/ul>\n<p>Veja mais em <a href=\"https:\/\/www.ateti.pt\/loja\/categoria\/higiene-e-limpeza\/higiene\/corpo\/\">Corpo<\/a><\/p>\n<\/div>\n<\/div>\n<\/div>\n<\/div>\n<\/div>\n<\/div>\n","protected":false},"excerpt":{"rendered":"<p>7.18\u20ac\/LT<\/p>\n","protected":false},"featured_media":60782,"comment_status":"closed","ping_status":"closed","template":"","meta":{"_themeisle_gutenberg_block_has_review":false},"product_brand":[],"product_cat":[203,212,190],"product_tag":[],"woo-feed-brand":[],"class_list":{"0":"post-14827","1":"product","2":"type-product","3":"status-publish","4":"has-post-thumbnail","6":"product_cat-beleza-e-higiene","7":"product_cat-corpo","8":"product_cat-desinfetantes-e-limpeza","9":"ts_product_brand-palmolive-naturals","11":"first","12":"instock","13":"taxable","14":"shipping-taxable","15":"purchasable","16":"product-type-simple"},"_links":{"self":[{"href":"https:\/\/www.ateti.pt\/loja\/wp-json\/wp\/v2\/product\/14827","targetHints":{"allow":["GET"]}}],"collection":[{"href":"https:\/\/www.ateti.pt\/loja\/wp-json\/wp\/v2\/product"}],"about":[{"href":"https:\/\/www.ateti.pt\/loja\/wp-json\/wp\/v2\/types\/product"}],"replies":[{"embeddable":true,"href":"https:\/\/www.ateti.pt\/loja\/wp-json\/wp\/v2\/comments?post=14827"}],"wp:featuredmedia":[{"embeddable":true,"href":"https:\/\/www.ateti.pt\/loja\/wp-json\/wp\/v2\/media\/60782"}],"wp:attachment":[{"href":"https:\/\/www.ateti.pt\/loja\/wp-json\/wp\/v2\/media?parent=14827"}],"wp:term":[{"taxonomy":"product_brand","embeddable":true,"href":"https:\/\/www.ateti.pt\/loja\/wp-json\/wp\/v2\/product_brand?post=14827"},{"taxonomy":"product_cat","embeddable":true,"href":"https:\/\/www.ateti.pt\/loja\/wp-json\/wp\/v2\/product_cat?post=14827"},{"taxonomy":"product_tag","embeddable":true,"href":"https:\/\/www.ateti.pt\/loja\/wp-json\/wp\/v2\/product_tag?post=14827"},{"taxonomy":"woo-feed-brand","embeddable":true,"href":"https:\/\/www.ateti.pt\/loja\/wp-json\/wp\/v2\/woo-feed-brand?post=14827"}],"curies":[{"name":"wp","href":"https:\/\/api.w.org\/{rel}","templated":true}]}}