{"id":14813,"date":"2020-04-22T17:39:15","date_gmt":"2020-04-22T16:39:15","guid":{"rendered":"https:\/\/www.ateti.pt\/loja\/?post_type=product&#038;p=14813"},"modified":"2026-02-24T16:54:46","modified_gmt":"2026-02-24T16:54:46","slug":"desodorizante-roll-on-r-on-tropical-rexona-50ml","status":"publish","type":"product","link":"https:\/\/www.ateti.pt\/loja\/produto\/desodorizante-roll-on-r-on-tropical-rexona-50ml\/","title":{"rendered":"Desodorizante Roll-On Tropical Rexona 50mL"},"content":{"rendered":"<p><strong>Desodorizante Roll-On Tropical Rexona<\/strong><\/p>\n<p>Quantidade: 50mL<\/p>\n<div class=\"c-product-copy-v2-content__item\">\u2022 Antitranspirante tropical com Tecnologia Motionsense\u2122 \u2013 Prote\u00e7\u00e3o extra enquanto te moves.<br \/>\n\u2022 Uma fragr\u00e2ncia jovial com notas subtis de frutos tropicais e \u00e1gua t\u00f3nica.<\/div>\n<div class=\"c-product-copy-v2-content__item\">\n<p>Rexona Roll-On Women Tropical \u00e9 um antitranspirante refrescante eficaz com Tecnologia Motionsense\u2122 que te protege enquanto te moves. Possui uma fragr\u00e2ncia jovial com notas subtis de frutos tropicais e \u00e1gua t\u00f3nica.<\/p>\n<div class=\"accordion-v2-panel \">\n<div id=\"accordion-v2-panel-heading-314\" class=\"accordion-v2-panel-heading accordion-v2-panel-heading--is-collapsed \" role=\"tab\" aria-expanded=\"true\" aria-controls=\"accordion-v2-panel__body-314\" data-component-panel-heading=\"Como usar\"><strong><a class=\"accordion-v2-panel-heading__link\" title=\"Como usar\">Modo de utiliza\u00e7\u00e3o:<\/a><\/strong><\/div>\n<div id=\"accordion-v2-panel__body-314\" class=\"accordion-v2-panel__body accordion-v2-panel__body--is-collapsed \" role=\"tabpanel\" aria-labelledby=\"accordion-v2-panel-heading-314\">\n<div class=\"par_tab_314 parsys\">\n<div class=\"component-wrapper section\">\n<div id=\"product-copy-v2-7b52bd6a3549142b546f2310be1ea577\" class=\"clearfix component product-copy-v2\" data-config=\"product-copy-v2-7b52bd6a3549142b546f2310be1ea577-config\" data-server=\"true\" data-role=\"product-copy-v2\">\n<div class=\"c-product-copy-v2 \" data-componentname=\"productCopyV2\" data-component-experience-variant=\"default\" data-component-variants=\"defaultView\" data-component-positions=\"13\">\n<div class=\"container\">\n<div class=\"c-product-copy-v2__wrapper\">\n<div class=\"c-product-copy-v2-content\">\n<div class=\"c-product-copy-v2-content__item\">Aplica na pele limpa e seca de axilas.Levanta um bra\u00e7o e aplica com movimentos circulares de pouca press\u00e3o at\u00e9 criar uma camada fina de produto sobre a axila. Repete o processo na outra axila.<\/div>\n<\/div>\n<\/div>\n<\/div>\n<\/div>\n<\/div>\n<\/div>\n<\/div>\n<\/div>\n<\/div>\n<\/div>\n<div><\/div>\n<div>Veja mais em <a href=\"https:\/\/www.ateti.pt\/loja\/categoria\/higiene-e-limpeza\/higiene\/higiene-feminina\/\">Higiene Feminina<\/a><\/div>\n","protected":false},"excerpt":{"rendered":"<p>71.8\u20ac\/LT<\/p>\n","protected":false},"featured_media":60786,"comment_status":"closed","ping_status":"closed","template":"","meta":{"_themeisle_gutenberg_block_has_review":false},"product_brand":[],"product_cat":[203,190,230],"product_tag":[],"woo-feed-brand":[],"class_list":{"0":"post-14813","1":"product","2":"type-product","3":"status-publish","4":"has-post-thumbnail","6":"product_cat-beleza-e-higiene","7":"product_cat-desinfetantes-e-limpeza","8":"product_cat-higiene-feminina","9":"ts_product_brand-renova","11":"first","12":"instock","13":"taxable","14":"shipping-taxable","15":"purchasable","16":"product-type-simple"},"_links":{"self":[{"href":"https:\/\/www.ateti.pt\/loja\/wp-json\/wp\/v2\/product\/14813","targetHints":{"allow":["GET"]}}],"collection":[{"href":"https:\/\/www.ateti.pt\/loja\/wp-json\/wp\/v2\/product"}],"about":[{"href":"https:\/\/www.ateti.pt\/loja\/wp-json\/wp\/v2\/types\/product"}],"replies":[{"embeddable":true,"href":"https:\/\/www.ateti.pt\/loja\/wp-json\/wp\/v2\/comments?post=14813"}],"wp:featuredmedia":[{"embeddable":true,"href":"https:\/\/www.ateti.pt\/loja\/wp-json\/wp\/v2\/media\/60786"}],"wp:attachment":[{"href":"https:\/\/www.ateti.pt\/loja\/wp-json\/wp\/v2\/media?parent=14813"}],"wp:term":[{"taxonomy":"product_brand","embeddable":true,"href":"https:\/\/www.ateti.pt\/loja\/wp-json\/wp\/v2\/product_brand?post=14813"},{"taxonomy":"product_cat","embeddable":true,"href":"https:\/\/www.ateti.pt\/loja\/wp-json\/wp\/v2\/product_cat?post=14813"},{"taxonomy":"product_tag","embeddable":true,"href":"https:\/\/www.ateti.pt\/loja\/wp-json\/wp\/v2\/product_tag?post=14813"},{"taxonomy":"woo-feed-brand","embeddable":true,"href":"https:\/\/www.ateti.pt\/loja\/wp-json\/wp\/v2\/woo-feed-brand?post=14813"}],"curies":[{"name":"wp","href":"https:\/\/api.w.org\/{rel}","templated":true}]}}