{"id":14810,"date":"2020-04-22T17:35:42","date_gmt":"2020-04-22T16:35:42","guid":{"rendered":"https:\/\/www.ateti.pt\/loja\/?post_type=product&#038;p=14810"},"modified":"2026-03-31T17:02:46","modified_gmt":"2026-03-31T16:02:46","slug":"desodorizante-roll-on-men-invisible-ice-fresh-rexona-50ml","status":"publish","type":"product","link":"https:\/\/www.ateti.pt\/loja\/produto\/desodorizante-roll-on-men-invisible-ice-fresh-rexona-50ml\/","title":{"rendered":"Desodorizante Roll-On Men Invisible Ice Fresh Rexona 50mL"},"content":{"rendered":"<p><strong>Desodorizante Men Invisible Ice Fresh Rexona<\/strong><\/p>\n<p>Quantidade: 50mL<\/p>\n<div class=\"accordion-v2-panel \">\n<div id=\"accordion-v2-panel__body-588\" class=\"accordion-v2-panel__body accordion-v2-panel__body--is-collapsed \" role=\"tabpanel\" aria-labelledby=\"accordion-v2-panel-heading-588\">\n<div class=\"par_tab_588 parsys\">\n<div class=\"component-wrapper section\">\n<div id=\"product-copy-v2-13293b82a22ae383b87ef9ec16bec33f\" class=\"clearfix component product-copy-v2\" data-config=\"product-copy-v2-13293b82a22ae383b87ef9ec16bec33f-config\" data-server=\"true\" data-role=\"product-copy-v2\">\n<div class=\"c-product-copy-v2 \" data-componentname=\"productCopyV2\" data-component-experience-variant=\"default\" data-component-variants=\"defaultView\" data-component-positions=\"10\">\n<div class=\"container\">\n<div class=\"c-product-copy-v2__wrapper\">\n<div class=\"c-product-copy-v2-content\">\n<div class=\"c-product-copy-v2-content__item\">\u2022 Prote\u00e7\u00e3o antitranspirante invis\u00edvel para ajudar os tecidos pretos a manterem-se pretos e os brancos a manterem-se brancos.<br \/>\n\u2022 Um perfume fresco com notas de citrinos e uma base suave a madeira.<\/div>\n<div class=\"c-product-copy-v2-content__item\">\n<p>Rexona Roll-On Men Invisible Ice, \u00e9 um antitranspirante invis\u00edvel eficaz que ajuda os tecidos pretos a manterem-se pretos e os brancos a manterem-se brancos. Este antitranspirante Roll-On de perfume fresco com notas de citrinos e uma base suave a madeira, protege com uma leve fragr\u00e2ncia a madeira e Tecnologia Motionsense\u2122.<\/p>\n<\/div>\n<\/div>\n<\/div>\n<\/div>\n<\/div>\n<\/div>\n<\/div>\n<\/div>\n<\/div>\n<\/div>\n<div class=\"accordion-v2-panel \">\n<div id=\"accordion-v2-panel-heading-667\" class=\"accordion-v2-panel-heading accordion-v2-panel-heading--is-collapsed \" role=\"tab\" aria-expanded=\"true\" aria-controls=\"accordion-v2-panel__body-667\" data-component-panel-heading=\"Ingredientes\">\n<p class=\"accordion-v2-panel-heading__title\"><strong><a class=\"accordion-v2-panel-heading__link\" title=\"Ingredientes\">Ingredientes: <\/a><\/strong>Aqua, Aluminum Zirconium Pentachlorohydrate, Glycerin, Helianthus Annuus Seed Oil, Steareth-2, Parfum, Steareth-20, Caprylic\/Capric Triglyceride, Gelatin Crosspolymer, Cellulose Gum, Sodium Benzoate, Hydrated Silica, Disodium EDTA, Pentaerythrityl Tetra-di-t-butyl Hydroxyhydrocinnamate, Potassium Lactate, Limonene, Linalool<\/p>\n<\/div>\n<div id=\"accordion-v2-panel__body-667\" class=\"accordion-v2-panel__body accordion-v2-panel__body--is-collapsed \" role=\"tabpanel\" aria-labelledby=\"accordion-v2-panel-heading-667\">\n<div class=\"par_tab_667 parsys\">\n<div class=\"component-wrapper section\">\n<div id=\"product-copy-v2-66fe646e9b6923cd6eedb905b7166070\" class=\"clearfix component product-copy-v2\" data-config=\"product-copy-v2-66fe646e9b6923cd6eedb905b7166070-config\" data-server=\"true\" data-role=\"product-copy-v2\">\n<div class=\"c-product-copy-v2 \" data-componentname=\"productCopyV2\" data-component-experience-variant=\"default\" data-component-variants=\"defaultView\" data-component-positions=\"11\">\n<div class=\"container\">\n<div class=\"c-product-copy-v2__wrapper\">\n<div class=\"c-product-copy-v2-content\">\n<div class=\"c-product-copy-v2-content__item\">\n<p><strong>Modo de utiliza\u00e7\u00e3o: <\/strong>Aplica na pele limpa e seca de axilas. Levanta um bra\u00e7o e aplica com movimentos circulares de pouca press\u00e3o at\u00e9 criar uma camada fina de produto sobre a axila. Repete o processo na outra axila.<\/p>\n<p>Veja mais em <a href=\"https:\/\/www.ateti.pt\/loja\/categoria\/higiene-e-limpeza\/higiene\/higiene-masculina\/\">Higiene Masculina<\/a><\/p>\n<\/div>\n<\/div>\n<\/div>\n<\/div>\n<\/div>\n<\/div>\n<\/div>\n<\/div>\n<\/div>\n<\/div>\n","protected":false},"excerpt":{"rendered":"<p>71.8\u20ac\/LT<\/p>\n","protected":false},"featured_media":60788,"comment_status":"closed","ping_status":"closed","template":"","meta":{"_themeisle_gutenberg_block_has_review":false},"product_brand":[],"product_cat":[203,190,231],"product_tag":[],"woo-feed-brand":[],"class_list":{"0":"post-14810","1":"product","2":"type-product","3":"status-publish","4":"has-post-thumbnail","6":"product_cat-beleza-e-higiene","7":"product_cat-desinfetantes-e-limpeza","8":"product_cat-higiene-masculina","9":"ts_product_brand-rexona","11":"first","12":"instock","13":"taxable","14":"shipping-taxable","15":"purchasable","16":"product-type-simple"},"_links":{"self":[{"href":"https:\/\/www.ateti.pt\/loja\/wp-json\/wp\/v2\/product\/14810","targetHints":{"allow":["GET"]}}],"collection":[{"href":"https:\/\/www.ateti.pt\/loja\/wp-json\/wp\/v2\/product"}],"about":[{"href":"https:\/\/www.ateti.pt\/loja\/wp-json\/wp\/v2\/types\/product"}],"replies":[{"embeddable":true,"href":"https:\/\/www.ateti.pt\/loja\/wp-json\/wp\/v2\/comments?post=14810"}],"wp:featuredmedia":[{"embeddable":true,"href":"https:\/\/www.ateti.pt\/loja\/wp-json\/wp\/v2\/media\/60788"}],"wp:attachment":[{"href":"https:\/\/www.ateti.pt\/loja\/wp-json\/wp\/v2\/media?parent=14810"}],"wp:term":[{"taxonomy":"product_brand","embeddable":true,"href":"https:\/\/www.ateti.pt\/loja\/wp-json\/wp\/v2\/product_brand?post=14810"},{"taxonomy":"product_cat","embeddable":true,"href":"https:\/\/www.ateti.pt\/loja\/wp-json\/wp\/v2\/product_cat?post=14810"},{"taxonomy":"product_tag","embeddable":true,"href":"https:\/\/www.ateti.pt\/loja\/wp-json\/wp\/v2\/product_tag?post=14810"},{"taxonomy":"woo-feed-brand","embeddable":true,"href":"https:\/\/www.ateti.pt\/loja\/wp-json\/wp\/v2\/woo-feed-brand?post=14810"}],"curies":[{"name":"wp","href":"https:\/\/api.w.org\/{rel}","templated":true}]}}