{"id":14808,"date":"2020-04-22T17:32:56","date_gmt":"2020-04-22T16:32:56","guid":{"rendered":"https:\/\/www.ateti.pt\/loja\/?post_type=product&#038;p=14808"},"modified":"2026-02-23T17:05:29","modified_gmt":"2026-02-23T17:05:29","slug":"desodorizante-roll-on-men-clean-comfort-dove-50ml","status":"publish","type":"product","link":"https:\/\/www.ateti.pt\/loja\/produto\/desodorizante-roll-on-men-clean-comfort-dove-50ml\/","title":{"rendered":"Desodorizante Roll-On Men Clean Comfort 50ml Dove"},"content":{"rendered":"<p><strong>Desodorizante Men Clean Comfort Dove<\/strong><\/p>\n<p>Quantidade: 50mL<\/p>\n<p class=\"c-product-overview__description o-text__body\">Escolhe <strong>Desodorizante Men Clean Comfort Dove<\/strong> para 48 horas de prote\u00e7\u00e3o contra o suor.<\/p>\n<div class=\"c-product-overview__review\">\n<div>\n<div class=\"c-expandcollapse__desc\">\n<p>\u2022 Implac\u00e1vel com o suor, suave para a pele<\/p>\n<p>\u2022 F\u00f3rmula dermatologicamente testada<\/p>\n<p>\u2022 F\u00f3rmula n\u00e3o irritante com 0% \u00e1lcool<\/p>\n<p>\u2022 48 horas de prote\u00e7\u00e3o contra a transpira\u00e7\u00e3o<\/p>\n<p>\u2022 Cont\u00e9m \u00bc de creme hidratante para proteger contra a irrita\u00e7\u00e3o<\/p>\n<p>\u2022 Fragr\u00e2ncia pura e suave<\/p>\n<\/div>\n<div class=\"c-expandcollapse__desc\">\n<p>A frescura \u00e9 garantida quando usas Dove Men+Care Roll-On antitranspirante Clean Comfort. Este desodorizante ajuda a proteger contra a transpira\u00e7\u00e3o e odores indesejados por at\u00e9 48 horas.<\/p>\n<p>Desenvolvido para proteger a pele contra o suor, sem irritar a pele. Dove Men+Care Roll-On antitranspirante Clean Comfort combate os odores indesejados e a transpira\u00e7\u00e3o enquanto que a sua tecnologia exclusiva com \u00bc de creme hidratante ajuda a fortalecer a tua pele contra irrita\u00e7\u00f5es. Esta f\u00f3rmula n\u00e3o tem \u00e1lcool e \u00e9 dermatologicamente testada &#8211; implac\u00e1vel com o suor, suave para a pele.<\/p>\n<p>Com Dove Men+Care Roll-On antitranspirante Clean Comfort, ter\u00e1s o conforto e prote\u00e7\u00e3o total contra o suor durante todo o dia.<\/p>\n<p><strong>Ingredientes:\u00a0<\/strong><\/p>\n<p>Aqua , Aluminum Chlorohydrate , Glycerin , Helianthus Annuus Seed Oil , Steareth-2 , Parfum , Steareth-20, Tocopheryl Acetate, Citric Acid, Potassium lactate, Alpha-Isomethyl Ionone, Butylphenyl Methylpropional, Citronellol, Coumarin, Hexyl Cinnamal, Hydroxyisohexyl 3-Cyclohexene Carboxaldehyde, Limonene , Linalool.<\/p>\n<\/div>\n<\/div>\n<\/div>\n<div><\/div>\n<div>Veja mais em <a href=\"https:\/\/www.ateti.pt\/loja\/categoria\/higiene-e-limpeza\/higiene\/higiene-masculina\/\">Higiene Masculina<\/a><\/div>\n<div class=\"c-product-overview__turntowrapper\"><\/div>\n<div class=\"c-product-overview__pricing\"><\/div>\n","protected":false},"excerpt":{"rendered":"<p>73.8\u20ac\/LT<\/p>\n","protected":false},"featured_media":60787,"comment_status":"closed","ping_status":"closed","template":"","meta":{"_themeisle_gutenberg_block_has_review":false},"product_brand":[],"product_cat":[203,190,231],"product_tag":[],"woo-feed-brand":[],"class_list":{"0":"post-14808","1":"product","2":"type-product","3":"status-publish","4":"has-post-thumbnail","6":"product_cat-beleza-e-higiene","7":"product_cat-desinfetantes-e-limpeza","8":"product_cat-higiene-masculina","9":"ts_product_brand-dove","11":"first","12":"instock","13":"taxable","14":"shipping-taxable","15":"purchasable","16":"product-type-simple"},"_links":{"self":[{"href":"https:\/\/www.ateti.pt\/loja\/wp-json\/wp\/v2\/product\/14808","targetHints":{"allow":["GET"]}}],"collection":[{"href":"https:\/\/www.ateti.pt\/loja\/wp-json\/wp\/v2\/product"}],"about":[{"href":"https:\/\/www.ateti.pt\/loja\/wp-json\/wp\/v2\/types\/product"}],"replies":[{"embeddable":true,"href":"https:\/\/www.ateti.pt\/loja\/wp-json\/wp\/v2\/comments?post=14808"}],"wp:featuredmedia":[{"embeddable":true,"href":"https:\/\/www.ateti.pt\/loja\/wp-json\/wp\/v2\/media\/60787"}],"wp:attachment":[{"href":"https:\/\/www.ateti.pt\/loja\/wp-json\/wp\/v2\/media?parent=14808"}],"wp:term":[{"taxonomy":"product_brand","embeddable":true,"href":"https:\/\/www.ateti.pt\/loja\/wp-json\/wp\/v2\/product_brand?post=14808"},{"taxonomy":"product_cat","embeddable":true,"href":"https:\/\/www.ateti.pt\/loja\/wp-json\/wp\/v2\/product_cat?post=14808"},{"taxonomy":"product_tag","embeddable":true,"href":"https:\/\/www.ateti.pt\/loja\/wp-json\/wp\/v2\/product_tag?post=14808"},{"taxonomy":"woo-feed-brand","embeddable":true,"href":"https:\/\/www.ateti.pt\/loja\/wp-json\/wp\/v2\/woo-feed-brand?post=14808"}],"curies":[{"name":"wp","href":"https:\/\/api.w.org\/{rel}","templated":true}]}}