{"id":14806,"date":"2020-04-22T17:27:56","date_gmt":"2020-04-22T16:27:56","guid":{"rendered":"https:\/\/www.ateti.pt\/loja\/?post_type=product&#038;p=14806"},"modified":"2026-02-23T17:05:51","modified_gmt":"2026-02-23T17:05:51","slug":"desodorizante-roll-on-invisible-dry-dove-50ml","status":"publish","type":"product","link":"https:\/\/www.ateti.pt\/loja\/produto\/desodorizante-roll-on-invisible-dry-dove-50ml\/","title":{"rendered":"Desodorizante Roll-On Invisible Dry Dove 50mL"},"content":{"rendered":"<h5>Desodorizante Roll-On Invisible Dry Dove<\/h5>\n<p>Dove Roll-On Antitranspirante Invisible Dry oferece cuidado e prote\u00e7\u00e3o para as suas axilas, sem manchas brancas.<\/p>\n<p>Quantidade: 50mL<\/p>\n<div class=\"c-expandcollapse__desc\">\n<p>\u2022 Oferece at\u00e9 48 horas de prote\u00e7\u00e3o antitranspirante<\/p>\n<p>\u2022 0% \u00e1lcool<\/p>\n<p>\u2022 Nutre a delicada pele das axilas<\/p>\n<p>\u2022 \u00bc de creme hidratante para axilas macias, suaves e bonitas<\/p>\n<p>\u2022 Hidrata a pele<\/p>\n<\/div>\n<p>Alguma vez deixou de usar o seu vestido preto preferido com medo de ficar com manchas brancas do desodorizante? Conhe\u00e7a o seu novo acess\u00f3rio favorito: Dove Roll-On Antitranspirante Invisible Dry. Comprovado que protege contra manchas brancas em 100 cores, este desodorizante deixa-a desfrutar de um guarda-roupa muito mais colorido. E tal como qualquer outro desodorizante Dove, este tamb\u00e9m oferece uma prote\u00e7\u00e3o duradoura contra a transpira\u00e7\u00e3o e odores indesejados.<\/p>\n<p>E n\u00e3o s\u00e3o s\u00f3 as suas roupas que v\u00e3o usufruir dos benef\u00edcios deste delicado Dove Roll-On. Dove Invisible Dry tem 0% de \u00e1lcool e \u00e9 enriquecido com \u00bc do nosso creme hidratante para deixar a pele macia e suave. Este desodorizante Dove garante superioridade no cuidado das axilas.<\/p>\n<p><strong>Ingredientes:\u00a0<\/strong><\/p>\n<p>Aqua, Aluminum Zirconium Pentachlorohydrate, Glycerin, Helianthus Annuus Seed Oil, Steareth-2, Parfum, Steareth-20, Tocopheryl Acetate, Alpha-Isomethyl Ionone, Benzyl Alcohol, Benzyl Salicylate, Cinnamyl Alcohol, Citronellol, Coumarin, Geraniol, Hexyl Cinnamal, Hydroxycitronellal, Limonene, Linalool.<\/p>\n<p>Encha o seu guarda-roupa com 100 cores<\/p>\n<p>Testado em 100 cores para certificar que n\u00e3o deixa nenhuma mancha de desodorizante na roupa<\/p>\n<p>\u2022 Axilas macias e suaves Com \u00bc de creme hidratante, ajuda a nutrir e proteger a delicada pele das axilas, deixando-as macias, suaves e bonitas<\/p>\n<p>\u2022 Prote\u00e7\u00e3o duradoura<\/p>\n<p>Se procura um cuidado para todo o dia, o desodorizante Dove Rol-lOn garante at\u00e9 48 horas de prote\u00e7\u00e3o<\/p>\n<p><strong>Como utilizar:<\/strong><\/p>\n<p>Levante um bra\u00e7o e aplique Dove Roll-On Antitranspirante Invisible Dry com movimentos circulares de pouca press\u00e3o at\u00e9 criar uma camada fina de produto sobre a sua axila. Repita o processo na outra axila.<\/p>\n<p><strong>Experimente:<\/strong><\/p>\n<p>Sabe aquele vestido vermelho que n\u00e3o tem usado para o poupar das manchas brancas do desodorizante? Vista-o hoje. Aplique Dove Roll-On Antitranspirante Invisible Dry e experimente vestir todas as cores do seu guarda-roupa.<\/p>\n","protected":false},"excerpt":{"rendered":"<p>73.8\u20ac\/LT<\/p>\n","protected":false},"featured_media":14807,"comment_status":"closed","ping_status":"closed","template":"","meta":{"_themeisle_gutenberg_block_has_review":false},"product_brand":[],"product_cat":[203,190,230],"product_tag":[],"woo-feed-brand":[],"class_list":{"0":"post-14806","1":"product","2":"type-product","3":"status-publish","4":"has-post-thumbnail","6":"product_cat-beleza-e-higiene","7":"product_cat-desinfetantes-e-limpeza","8":"product_cat-higiene-feminina","9":"ts_product_brand-dove","11":"first","12":"instock","13":"taxable","14":"shipping-taxable","15":"purchasable","16":"product-type-simple"},"_links":{"self":[{"href":"https:\/\/www.ateti.pt\/loja\/wp-json\/wp\/v2\/product\/14806","targetHints":{"allow":["GET"]}}],"collection":[{"href":"https:\/\/www.ateti.pt\/loja\/wp-json\/wp\/v2\/product"}],"about":[{"href":"https:\/\/www.ateti.pt\/loja\/wp-json\/wp\/v2\/types\/product"}],"replies":[{"embeddable":true,"href":"https:\/\/www.ateti.pt\/loja\/wp-json\/wp\/v2\/comments?post=14806"}],"wp:featuredmedia":[{"embeddable":true,"href":"https:\/\/www.ateti.pt\/loja\/wp-json\/wp\/v2\/media\/14807"}],"wp:attachment":[{"href":"https:\/\/www.ateti.pt\/loja\/wp-json\/wp\/v2\/media?parent=14806"}],"wp:term":[{"taxonomy":"product_brand","embeddable":true,"href":"https:\/\/www.ateti.pt\/loja\/wp-json\/wp\/v2\/product_brand?post=14806"},{"taxonomy":"product_cat","embeddable":true,"href":"https:\/\/www.ateti.pt\/loja\/wp-json\/wp\/v2\/product_cat?post=14806"},{"taxonomy":"product_tag","embeddable":true,"href":"https:\/\/www.ateti.pt\/loja\/wp-json\/wp\/v2\/product_tag?post=14806"},{"taxonomy":"woo-feed-brand","embeddable":true,"href":"https:\/\/www.ateti.pt\/loja\/wp-json\/wp\/v2\/woo-feed-brand?post=14806"}],"curies":[{"name":"wp","href":"https:\/\/api.w.org\/{rel}","templated":true}]}}