{"id":14798,"date":"2020-04-22T17:05:44","date_gmt":"2020-04-22T16:05:44","guid":{"rendered":"https:\/\/www.ateti.pt\/loja\/?post_type=product&#038;p=14798"},"modified":"2026-03-04T14:06:03","modified_gmt":"2026-03-04T14:06:03","slug":"champo-ultra-suave-amendoa-bio-garnier-250ml","status":"publish","type":"product","link":"https:\/\/www.ateti.pt\/loja\/produto\/champo-ultra-suave-amendoa-bio-garnier-250ml\/","title":{"rendered":"Champ\u00f4 Ultra Suave Leite de Am\u00eandoa 250ml Garnier"},"content":{"rendered":"<h1>Champ\u00f4 Ultra Suave Leite de Am\u00eandoa Garnier<\/h1>\n<p>Quantidade: 250mL<\/p>\n<p><strong>Descri\u00e7\u00e3o:<\/strong><\/p>\n<p>Garnier Ultra Suave cria uma nova receita de hidrata\u00e7\u00e3o para nutrir o cabelo, sem pesar.<\/p>\n<p>Shampoo hidratante de uso di\u00e1rio, para cabelos desidratados.<\/p>\n<p>Aplicar em todo o cabelo molhado, massajar e retirar com \u00e1gua.<\/p>\n<p><strong>O que cont\u00e9m:<\/strong><\/p>\n<p>Leite de Am\u00eandoa Biol\u00f3gica de Espanha: verdadeiro tesouro de nutri\u00e7\u00e3o, ideal para hidratar sem pesar<\/p>\n<p>Seiva de Agave Biol\u00f3gica do M\u00e9xico: n\u00e9ctar rico e cremoso, reconhecido pelas suas virtudes revitalizantes.<\/p>\n<p><strong>Resultado:<\/strong><\/p>\n<p>Cabelo mais hidratado, mais protegido e cheio de vitalidade. Dia ap\u00f3s dia, o cabelo fica mais suave e sedoso ao toque.<\/p>\n<p>Descubra mais na categoria de <a href=\"https:\/\/www.ateti.pt\/loja\/categoria\/higiene-e-limpeza\/higiene\/cabelo\/\">Cabelo<\/a><\/p>\n","protected":false},"excerpt":{"rendered":"<p>13.56\u20ac\/LT<\/p>\n","protected":false},"featured_media":60789,"comment_status":"closed","ping_status":"closed","template":"","meta":{"_themeisle_gutenberg_block_has_review":false},"product_brand":[],"product_cat":[203,211,190],"product_tag":[],"woo-feed-brand":[],"class_list":{"0":"post-14798","1":"product","2":"type-product","3":"status-publish","4":"has-post-thumbnail","6":"product_cat-beleza-e-higiene","7":"product_cat-cabelo","8":"product_cat-desinfetantes-e-limpeza","9":"ts_product_brand-garnier","11":"first","12":"outofstock","13":"taxable","14":"shipping-taxable","15":"purchasable","16":"product-type-simple"},"_links":{"self":[{"href":"https:\/\/www.ateti.pt\/loja\/wp-json\/wp\/v2\/product\/14798","targetHints":{"allow":["GET"]}}],"collection":[{"href":"https:\/\/www.ateti.pt\/loja\/wp-json\/wp\/v2\/product"}],"about":[{"href":"https:\/\/www.ateti.pt\/loja\/wp-json\/wp\/v2\/types\/product"}],"replies":[{"embeddable":true,"href":"https:\/\/www.ateti.pt\/loja\/wp-json\/wp\/v2\/comments?post=14798"}],"wp:featuredmedia":[{"embeddable":true,"href":"https:\/\/www.ateti.pt\/loja\/wp-json\/wp\/v2\/media\/60789"}],"wp:attachment":[{"href":"https:\/\/www.ateti.pt\/loja\/wp-json\/wp\/v2\/media?parent=14798"}],"wp:term":[{"taxonomy":"product_brand","embeddable":true,"href":"https:\/\/www.ateti.pt\/loja\/wp-json\/wp\/v2\/product_brand?post=14798"},{"taxonomy":"product_cat","embeddable":true,"href":"https:\/\/www.ateti.pt\/loja\/wp-json\/wp\/v2\/product_cat?post=14798"},{"taxonomy":"product_tag","embeddable":true,"href":"https:\/\/www.ateti.pt\/loja\/wp-json\/wp\/v2\/product_tag?post=14798"},{"taxonomy":"woo-feed-brand","embeddable":true,"href":"https:\/\/www.ateti.pt\/loja\/wp-json\/wp\/v2\/woo-feed-brand?post=14798"}],"curies":[{"name":"wp","href":"https:\/\/api.w.org\/{rel}","templated":true}]}}