{"id":14789,"date":"2024-09-04T10:25:52","date_gmt":"2024-09-04T09:25:52","guid":{"rendered":"https:\/\/www.ateti.pt\/loja\/?post_type=product&#038;p=14789"},"modified":"2026-03-11T13:47:12","modified_gmt":"2026-03-11T13:47:12","slug":"champo-hidra-caracois-fructis-250ml","status":"publish","type":"product","link":"https:\/\/www.ateti.pt\/loja\/produto\/champo-hidra-caracois-fructis-250ml\/","title":{"rendered":"Champ\u00f4 Hidra Carac\u00f3is Garnier Fructis 250mL"},"content":{"rendered":"<p><strong>Champ\u00f4 Hidra Carac\u00f3is Garnier Fructis<\/strong><\/p>\n<p><strong>Quantidade:<\/strong> 250mL<\/p>\n<p>F\u00f3rmulas Fructis com ativos fortificantes de frutos.<\/p>\n<p>Uma combina\u00e7\u00e3o exclusiva de derivados de frutos, vitaminas B3 e B6 e de extratos de frutos e plantas. Efic\u00e1cia comprovada: o cabelo fica visivelmente mais forte.<\/p>\n<p>Fructis associa na sua f\u00f3rmula o \u00f3leo de pistacho e pectina de fruto, para nutrir intensamente o cabelo e refor\u00e7ar a estrutura dos carac\u00f3is.<\/p>\n<p><strong>Resultado:\u00a0<\/strong> Carac\u00f3is nutridos, definidos e suaves, sem pesar. Perfeitamente definidos, os carac\u00f3is recuperam a sua elasticidade natural e mant\u00e9m a sua forma durante mais tempo.<\/p>\n<p>96h de antifrisado mesmo quando exposto a 80% de humidade.<\/p>\n<p>As nossas f\u00f3rmulas oferecem efic\u00e1cia e prazer na utiliz\u00e7\u00e3o.<\/p>\n<p>Adequadas para uso di\u00e1rio.<\/p>\n<ul>\n<li>Embalagens com 50% de pl\u00e1stico reciclado.<\/li>\n<li>Embalagens 100% recicl\u00e1veis, se colocadas no respetivo ecoponto.<\/li>\n<li>Produtos desenvolvidos em f\u00e1bricas comprometidas com o desenvolvimento sustent\u00e1vel.<\/li>\n<\/ul>\n<p><strong>Conselhos de Utiliza\u00e7\u00e3o:<\/strong> Aplicar no cabelo molhado, massajar suavemente o couro cabeludo e passar por \u00e1gua.<\/p>\n<p>Em caso de contacto com os olhos, passar imediata e abundantemente por \u00e1gua.<\/p>\n<p>Veja mais em <a href=\"https:\/\/www.ateti.pt\/loja\/categoria\/higiene-e-limpeza\/higiene\/cabelo\/\">Higiene e Limpeza\u00a0<\/a><\/p>\n","protected":false},"excerpt":{"rendered":"<p>15.96\u20ac\/lt<\/p>\n","protected":false},"featured_media":60864,"comment_status":"closed","ping_status":"closed","template":"","meta":{"_themeisle_gutenberg_block_has_review":false},"product_brand":[],"product_cat":[203,211,190],"product_tag":[],"woo-feed-brand":[],"class_list":{"0":"post-14789","1":"product","2":"type-product","3":"status-publish","4":"has-post-thumbnail","6":"product_cat-beleza-e-higiene","7":"product_cat-cabelo","8":"product_cat-desinfetantes-e-limpeza","9":"ts_product_brand-garnier-fructis","11":"first","12":"instock","13":"sale","14":"taxable","15":"shipping-taxable","16":"purchasable","17":"product-type-simple"},"_links":{"self":[{"href":"https:\/\/www.ateti.pt\/loja\/wp-json\/wp\/v2\/product\/14789","targetHints":{"allow":["GET"]}}],"collection":[{"href":"https:\/\/www.ateti.pt\/loja\/wp-json\/wp\/v2\/product"}],"about":[{"href":"https:\/\/www.ateti.pt\/loja\/wp-json\/wp\/v2\/types\/product"}],"replies":[{"embeddable":true,"href":"https:\/\/www.ateti.pt\/loja\/wp-json\/wp\/v2\/comments?post=14789"}],"wp:featuredmedia":[{"embeddable":true,"href":"https:\/\/www.ateti.pt\/loja\/wp-json\/wp\/v2\/media\/60864"}],"wp:attachment":[{"href":"https:\/\/www.ateti.pt\/loja\/wp-json\/wp\/v2\/media?parent=14789"}],"wp:term":[{"taxonomy":"product_brand","embeddable":true,"href":"https:\/\/www.ateti.pt\/loja\/wp-json\/wp\/v2\/product_brand?post=14789"},{"taxonomy":"product_cat","embeddable":true,"href":"https:\/\/www.ateti.pt\/loja\/wp-json\/wp\/v2\/product_cat?post=14789"},{"taxonomy":"product_tag","embeddable":true,"href":"https:\/\/www.ateti.pt\/loja\/wp-json\/wp\/v2\/product_tag?post=14789"},{"taxonomy":"woo-feed-brand","embeddable":true,"href":"https:\/\/www.ateti.pt\/loja\/wp-json\/wp\/v2\/woo-feed-brand?post=14789"}],"curies":[{"name":"wp","href":"https:\/\/api.w.org\/{rel}","templated":true}]}}