{"id":14784,"date":"2020-04-22T16:44:58","date_gmt":"2020-04-22T15:44:58","guid":{"rendered":"https:\/\/www.ateti.pt\/loja\/?post_type=product&#038;p=14784"},"modified":"2025-11-08T18:06:54","modified_gmt":"2025-11-08T18:06:54","slug":"shampoo-classico-pantene-250ml","status":"publish","type":"product","link":"https:\/\/www.ateti.pt\/loja\/produto\/shampoo-classico-pantene-250ml\/","title":{"rendered":"Champ\u00f4 Cl\u00e1ssico Pantene 250mL"},"content":{"rendered":"<h5>Champ\u00f4 Cl\u00e1ssico Pantene<\/h5>\n<p>Quantidade: 250mL<\/p>\n<p>Cabelo brilhante de sa\u00fade numa \u00fanica lavagem<\/p>\n<p>Tecnologia clinicamente testada<\/p>\n<p>USO:<br \/>\nPARA QUEM: Ideal para todos os tipos de cabelo que procuram uma dose de cuidado di\u00e1rio.<\/p>\n<p>QUANDO: Diariamente para dar ao cabelo um brilho saud\u00e1vel de limpeza<\/p>\n<p>COMO: Massaje no cabelo molhado para criar espuma. Enxague. Para melhores resultados, use em combina\u00e7\u00e3o com o condicionador Cuidado Cl\u00e1ssico\/Limpeza\/Nutri\u00e7\u00e3o e Brilho.<\/p>\n<p>Veja mais em <a href=\"https:\/\/www.ateti.pt\/loja\/categoria\/higiene-e-limpeza\/higiene\/cabelo\/\">Cabelo<\/a><\/p>\n","protected":false},"excerpt":{"rendered":"<p>15.16\u20ac\/LT<\/p>\n","protected":false},"featured_media":60792,"comment_status":"closed","ping_status":"closed","template":"","meta":{"_themeisle_gutenberg_block_has_review":false},"product_brand":[],"product_cat":[203,211,190],"product_tag":[],"woo-feed-brand":[],"class_list":{"0":"post-14784","1":"product","2":"type-product","3":"status-publish","4":"has-post-thumbnail","6":"product_cat-beleza-e-higiene","7":"product_cat-cabelo","8":"product_cat-desinfetantes-e-limpeza","9":"ts_product_brand-pantene","11":"first","12":"instock","13":"taxable","14":"shipping-taxable","15":"purchasable","16":"product-type-simple"},"_links":{"self":[{"href":"https:\/\/www.ateti.pt\/loja\/wp-json\/wp\/v2\/product\/14784","targetHints":{"allow":["GET"]}}],"collection":[{"href":"https:\/\/www.ateti.pt\/loja\/wp-json\/wp\/v2\/product"}],"about":[{"href":"https:\/\/www.ateti.pt\/loja\/wp-json\/wp\/v2\/types\/product"}],"replies":[{"embeddable":true,"href":"https:\/\/www.ateti.pt\/loja\/wp-json\/wp\/v2\/comments?post=14784"}],"wp:featuredmedia":[{"embeddable":true,"href":"https:\/\/www.ateti.pt\/loja\/wp-json\/wp\/v2\/media\/60792"}],"wp:attachment":[{"href":"https:\/\/www.ateti.pt\/loja\/wp-json\/wp\/v2\/media?parent=14784"}],"wp:term":[{"taxonomy":"product_brand","embeddable":true,"href":"https:\/\/www.ateti.pt\/loja\/wp-json\/wp\/v2\/product_brand?post=14784"},{"taxonomy":"product_cat","embeddable":true,"href":"https:\/\/www.ateti.pt\/loja\/wp-json\/wp\/v2\/product_cat?post=14784"},{"taxonomy":"product_tag","embeddable":true,"href":"https:\/\/www.ateti.pt\/loja\/wp-json\/wp\/v2\/product_tag?post=14784"},{"taxonomy":"woo-feed-brand","embeddable":true,"href":"https:\/\/www.ateti.pt\/loja\/wp-json\/wp\/v2\/woo-feed-brand?post=14784"}],"curies":[{"name":"wp","href":"https:\/\/api.w.org\/{rel}","templated":true}]}}