{"id":14749,"date":"2020-04-22T16:08:11","date_gmt":"2020-04-22T15:08:11","guid":{"rendered":"https:\/\/www.ateti.pt\/loja\/?post_type=product&#038;p=14749"},"modified":"2024-08-27T12:57:36","modified_gmt":"2024-08-27T11:57:36","slug":"bebida-arroz-1lt-alpro","status":"publish","type":"product","link":"https:\/\/www.ateti.pt\/loja\/produto\/bebida-arroz-1lt-alpro\/","title":{"rendered":"Bebida Vegetal de Arroz 1L Alpro"},"content":{"rendered":"<p><strong>Bebida Vegetal Arroz Alpro<\/strong><\/p>\n<p>Quantidade: 1L<\/p>\n<p><strong>Bebida Vegetal Arroz Alpro <\/strong>resulta da mistura do melhor arroz com \u00e1gua da nascente, criando assim uma bebida refrescante. Nos seus cereais ao pequeno-almo\u00e7o ou a qualquer hora do dia num delicioso batido! Bom para ti!<\/p>\n<p><strong>Benef\u00edcios:<\/strong><\/p>\n<ul class=\"Lists__CleanList-sc-196lkw4-0 StyledCheckmarkList-sc-1q9guj4-0 kQWzKs jxQohD\">\n<li class=\"StyledCheckmarkList__StyledCheckmarkListItem-sc-1q9guj4-2 gzuEhL\">Naturalmente sem lactose<\/li>\n<li class=\"StyledCheckmarkList__StyledCheckmarkListItem-sc-1q9guj4-2 gzuEhL\">100% \u00e0 base de plantas<\/li>\n<li class=\"StyledCheckmarkList__StyledCheckmarkListItem-sc-1q9guj4-2 gzuEhL\">Vegetariano<\/li>\n<li class=\"StyledCheckmarkList__StyledCheckmarkListItem-sc-1q9guj4-2 gzuEhL\">Naturalmente baixo em gordura<\/li>\n<li class=\"StyledCheckmarkList__StyledCheckmarkListItem-sc-1q9guj4-2 gzuEhL\">Naturalmente baixo em gordura saturada<\/li>\n<li class=\"StyledCheckmarkList__StyledCheckmarkListItem-sc-1q9guj4-2 gzuEhL\">Sem a\u00e7\u00facares ou ado\u00e7antes adicionados.<\/li>\n<\/ul>\n<p><strong>Valores nutricionais:<\/strong><\/p>\n<table class=\"StyledNutritionTable-ne8c4a-0 kJHarV\">\n<caption class=\"StyledNutritionTable__StyledNutritionTableCaption-ne8c4a-1 laQGJn\">100ml<\/caption>\n<tbody>\n<tr class=\"StyledNutritionTable__StyledNutritionTableRow-ne8c4a-2 iuNQUZ\" data-type=\"row\">\n<th class=\"StyledNutritionTable__StyledNutritionTableHead-ne8c4a-3 dFWedX\" colspan=\"1\">Energia<\/th>\n<td>206 kJ \/ 49 kcal<\/td>\n<\/tr>\n<tr class=\"StyledNutritionTable__StyledNutritionTableRow-ne8c4a-2 iuNQUZ\" data-type=\"row\">\n<th class=\"StyledNutritionTable__StyledNutritionTableHead-ne8c4a-3 dFWedX\" colspan=\"1\">Gordura<\/th>\n<td>1 g<\/td>\n<\/tr>\n<tr class=\"StyledNutritionTable__StyledNutritionTableRow-ne8c4a-2 iuNQUZ\">\n<th class=\"StyledNutritionTable__StyledNutritionTableHead-ne8c4a-3 dFWedX\" colspan=\"1\">Saturados<\/th>\n<td>0.1 g<\/td>\n<\/tr>\n<tr class=\"StyledNutritionTable__StyledNutritionTableRow-ne8c4a-2 iuNQUZ\">\n<th class=\"StyledNutritionTable__StyledNutritionTableHead-ne8c4a-3 dFWedX\" colspan=\"1\">Monoinsaturados<\/th>\n<td>0.3 g<\/td>\n<\/tr>\n<tr class=\"StyledNutritionTable__StyledNutritionTableRow-ne8c4a-2 iuNQUZ\">\n<th class=\"StyledNutritionTable__StyledNutritionTableHead-ne8c4a-3 dFWedX\" colspan=\"1\">Polinsaturados<\/th>\n<td>0.6 g<\/td>\n<\/tr>\n<tr class=\"StyledNutritionTable__StyledNutritionTableRow-ne8c4a-2 iuNQUZ\" data-type=\"row\">\n<th class=\"StyledNutritionTable__StyledNutritionTableHead-ne8c4a-3 dFWedX\" colspan=\"1\">Hidratos De Carbono<\/th>\n<td>9.9 g<\/td>\n<\/tr>\n<tr class=\"StyledNutritionTable__StyledNutritionTableRow-ne8c4a-2 iuNQUZ\">\n<th class=\"StyledNutritionTable__StyledNutritionTableHead-ne8c4a-3 dFWedX\" colspan=\"1\">A\u00e7\u00facares<\/th>\n<td>6.8 g<\/td>\n<\/tr>\n<tr class=\"StyledNutritionTable__StyledNutritionTableRow-ne8c4a-2 iuNQUZ\" data-type=\"row\">\n<th class=\"StyledNutritionTable__StyledNutritionTableHead-ne8c4a-3 dFWedX\" colspan=\"1\">Fibra<\/th>\n<td>0 g<\/td>\n<\/tr>\n<tr class=\"StyledNutritionTable__StyledNutritionTableRow-ne8c4a-2 iuNQUZ\" data-type=\"row\">\n<th class=\"StyledNutritionTable__StyledNutritionTableHead-ne8c4a-3 dFWedX\" colspan=\"1\">Prote\u00edna<\/th>\n<td>0.1 g<\/td>\n<\/tr>\n<tr class=\"StyledNutritionTable__StyledNutritionTableRow-ne8c4a-2 iuNQUZ\" data-type=\"row\">\n<th class=\"StyledNutritionTable__StyledNutritionTableHead-ne8c4a-3 dFWedX\" colspan=\"1\">Sal<\/th>\n<td>0.09 g<\/td>\n<\/tr>\n<tr class=\"StyledNutritionTable__StyledNutritionTableRow-ne8c4a-2 iuNQUZ\" data-type=\"row\">\n<th class=\"StyledNutritionTable__StyledNutritionTableHead-ne8c4a-3 dFWedX\" colspan=\"2\">Vitaminas<\/th>\n<\/tr>\n<tr class=\"StyledNutritionTable__StyledNutritionTableRow-ne8c4a-2 iuNQUZ\">\n<th class=\"StyledNutritionTable__StyledNutritionTableHead-ne8c4a-3 dFWedX\" colspan=\"1\">Vitamina D<\/th>\n<td>0.75 \u00b5g<\/td>\n<\/tr>\n<tr class=\"StyledNutritionTable__StyledNutritionTableRow-ne8c4a-2 iuNQUZ\">\n<th class=\"StyledNutritionTable__StyledNutritionTableHead-ne8c4a-3 dFWedX\" colspan=\"1\">Vitamina B12<\/th>\n<td>0.38 \u00b5g<\/td>\n<\/tr>\n<tr class=\"StyledNutritionTable__StyledNutritionTableRow-ne8c4a-2 iuNQUZ\" data-type=\"row\">\n<th class=\"StyledNutritionTable__StyledNutritionTableHead-ne8c4a-3 dFWedX\" colspan=\"2\">Minerais<\/th>\n<\/tr>\n<tr class=\"StyledNutritionTable__StyledNutritionTableRow-ne8c4a-2 iuNQUZ\">\n<th class=\"StyledNutritionTable__StyledNutritionTableHead-ne8c4a-3 dFWedX\" colspan=\"1\">C\u00e1lcio<\/th>\n<td>120 mg<\/td>\n<\/tr>\n<\/tbody>\n<\/table>\n<p><strong>Ingredientes:\u00a0<\/strong>base de arroz (\u00e1gua, arroz (12,5%)), \u00f3leo de girassol, fosfato tric\u00e1lcico, sal marinho, estabilizador (goma gelana), regulador de acidez (fosfatos de pot\u00e1ssio), vitaminas (B12, D2).<\/p>\n<p>Veja mais em <a href=\"https:\/\/www.ateti.pt\/loja\/categoria\/bebidas\/bebidas-vegetais\/\">Bebidas Vegetais<\/a><\/p>\n","protected":false},"excerpt":{"rendered":"<p>2.49\u20ac\/lt<\/p>\n","protected":false},"featured_media":61148,"comment_status":"closed","ping_status":"closed","template":"","meta":{"_themeisle_gutenberg_block_has_review":false},"product_brand":[],"product_cat":[158,205,207,891,219],"product_tag":[],"woo-feed-brand":[],"class_list":{"0":"post-14749","1":"product","2":"type-product","3":"status-publish","4":"has-post-thumbnail","6":"product_cat-bebidas","7":"product_cat-bebidas-vegetais","8":"product_cat-bio-saudavel","9":"product_cat-iva-zero","10":"product_cat-sem-lactose","11":"ts_product_brand-alpro","13":"first","14":"instock","15":"taxable","16":"shipping-taxable","17":"purchasable","18":"product-type-simple"},"_links":{"self":[{"href":"https:\/\/www.ateti.pt\/loja\/wp-json\/wp\/v2\/product\/14749","targetHints":{"allow":["GET"]}}],"collection":[{"href":"https:\/\/www.ateti.pt\/loja\/wp-json\/wp\/v2\/product"}],"about":[{"href":"https:\/\/www.ateti.pt\/loja\/wp-json\/wp\/v2\/types\/product"}],"replies":[{"embeddable":true,"href":"https:\/\/www.ateti.pt\/loja\/wp-json\/wp\/v2\/comments?post=14749"}],"wp:featuredmedia":[{"embeddable":true,"href":"https:\/\/www.ateti.pt\/loja\/wp-json\/wp\/v2\/media\/61148"}],"wp:attachment":[{"href":"https:\/\/www.ateti.pt\/loja\/wp-json\/wp\/v2\/media?parent=14749"}],"wp:term":[{"taxonomy":"product_brand","embeddable":true,"href":"https:\/\/www.ateti.pt\/loja\/wp-json\/wp\/v2\/product_brand?post=14749"},{"taxonomy":"product_cat","embeddable":true,"href":"https:\/\/www.ateti.pt\/loja\/wp-json\/wp\/v2\/product_cat?post=14749"},{"taxonomy":"product_tag","embeddable":true,"href":"https:\/\/www.ateti.pt\/loja\/wp-json\/wp\/v2\/product_tag?post=14749"},{"taxonomy":"woo-feed-brand","embeddable":true,"href":"https:\/\/www.ateti.pt\/loja\/wp-json\/wp\/v2\/woo-feed-brand?post=14749"}],"curies":[{"name":"wp","href":"https:\/\/api.w.org\/{rel}","templated":true}]}}