{"id":14744,"date":"2020-04-22T15:59:58","date_gmt":"2020-04-22T14:59:58","guid":{"rendered":"https:\/\/www.ateti.pt\/loja\/?post_type=product&#038;p=14744"},"modified":"2024-08-27T12:27:13","modified_gmt":"2024-08-27T11:27:13","slug":"bebida-soja-chocolate-1lt-alpro","status":"publish","type":"product","link":"https:\/\/www.ateti.pt\/loja\/produto\/bebida-soja-chocolate-1lt-alpro\/","title":{"rendered":"Bebida Vegetal de Chocolate 1L Alpro"},"content":{"rendered":"<p><strong>Bebida Vegetal Chocolate Alpro<\/strong><\/p>\n<p>Quantidade: 1L<\/p>\n<p>Descobre o melhor de dois mundos. A <strong>Bebida Vegetal Chocolate Alpro<\/strong>\u00a0combina o poder nutritivo da soja com o delicioso sabor do chocolate. Uma tenta\u00e7\u00e3o saud\u00e1vel a que n\u00e3o poder\u00e1s resistir.<\/p>\n<p><strong>Benef\u00edcios:<\/strong><\/p>\n<ul class=\"Lists__CleanList-sc-196lkw4-0 StyledCheckmarkList-sc-1q9guj4-0 kQWzKs jxQohD\">\n<li class=\"StyledCheckmarkList__StyledCheckmarkListItem-sc-1q9guj4-2 gzuEhL\">Naturalmente sem lactose<\/li>\n<li class=\"StyledCheckmarkList__StyledCheckmarkListItem-sc-1q9guj4-2 gzuEhL\">100% \u00e0 base de plantas<\/li>\n<li class=\"StyledCheckmarkList__StyledCheckmarkListItem-sc-1q9guj4-2 gzuEhL\">Vegetariano<\/li>\n<li class=\"StyledCheckmarkList__StyledCheckmarkListItem-sc-1q9guj4-2 gzuEhL\">Naturalmente baixo em gordura saturada<\/li>\n<li class=\"StyledCheckmarkList__StyledCheckmarkListItem-sc-1q9guj4-2 gzuEhL\">Fonte de elevada qualidade proteica<\/li>\n<li class=\"StyledCheckmarkList__StyledCheckmarkListItem-sc-1q9guj4-2 gzuEhL\">Uma fonte de c\u00e1lcio. Cont\u00e9m vitaminas B2, B12 e D.<\/li>\n<li class=\"StyledCheckmarkList__StyledCheckmarkListItem-sc-1q9guj4-2 gzuEhL\">Fonte de c\u00e1lcio e vitaminas D e B12. A vitamina B12 contribui para a redu\u00e7\u00e3o do cansa\u00e7o e fadiga.<\/li>\n<\/ul>\n<table class=\"StyledNutritionTable-ne8c4a-0 kJHarV\">\n<caption class=\"StyledNutritionTable__StyledNutritionTableCaption-ne8c4a-1 laQGJn\">100ml<\/caption>\n<tbody>\n<tr class=\"StyledNutritionTable__StyledNutritionTableRow-ne8c4a-2 iuNQUZ\" data-type=\"row\">\n<th class=\"StyledNutritionTable__StyledNutritionTableHead-ne8c4a-3 dFWedX\" colspan=\"1\">Energia<\/th>\n<td>257 kJ \/ 61 kcal<\/td>\n<\/tr>\n<tr class=\"StyledNutritionTable__StyledNutritionTableRow-ne8c4a-2 iuNQUZ\" data-type=\"row\">\n<th class=\"StyledNutritionTable__StyledNutritionTableHead-ne8c4a-3 dFWedX\" colspan=\"1\">Gordura<\/th>\n<td>1.8 g<\/td>\n<\/tr>\n<tr class=\"StyledNutritionTable__StyledNutritionTableRow-ne8c4a-2 iuNQUZ\">\n<th class=\"StyledNutritionTable__StyledNutritionTableHead-ne8c4a-3 dFWedX\" colspan=\"1\">Saturados<\/th>\n<td>0.4 g<\/td>\n<\/tr>\n<tr class=\"StyledNutritionTable__StyledNutritionTableRow-ne8c4a-2 iuNQUZ\">\n<th class=\"StyledNutritionTable__StyledNutritionTableHead-ne8c4a-3 dFWedX\" colspan=\"1\">Monoinsaturados<\/th>\n<td>0.4 g<\/td>\n<\/tr>\n<tr class=\"StyledNutritionTable__StyledNutritionTableRow-ne8c4a-2 iuNQUZ\">\n<th class=\"StyledNutritionTable__StyledNutritionTableHead-ne8c4a-3 dFWedX\" colspan=\"1\">Polinsaturados<\/th>\n<td>1 g<\/td>\n<\/tr>\n<tr class=\"StyledNutritionTable__StyledNutritionTableRow-ne8c4a-2 iuNQUZ\" data-type=\"row\">\n<th class=\"StyledNutritionTable__StyledNutritionTableHead-ne8c4a-3 dFWedX\" colspan=\"1\">Hidratos De Carbono<\/th>\n<td>7.9 g<\/td>\n<\/tr>\n<tr class=\"StyledNutritionTable__StyledNutritionTableRow-ne8c4a-2 iuNQUZ\">\n<th class=\"StyledNutritionTable__StyledNutritionTableHead-ne8c4a-3 dFWedX\" colspan=\"1\">A\u00e7\u00facares<\/th>\n<td>7.6 g<\/td>\n<\/tr>\n<tr class=\"StyledNutritionTable__StyledNutritionTableRow-ne8c4a-2 iuNQUZ\" data-type=\"row\">\n<th class=\"StyledNutritionTable__StyledNutritionTableHead-ne8c4a-3 dFWedX\" colspan=\"1\">Fibra<\/th>\n<td>0.9 g<\/td>\n<\/tr>\n<tr class=\"StyledNutritionTable__StyledNutritionTableRow-ne8c4a-2 iuNQUZ\" data-type=\"row\">\n<th class=\"StyledNutritionTable__StyledNutritionTableHead-ne8c4a-3 dFWedX\" colspan=\"1\">Prote\u00edna<\/th>\n<td>3.1 g<\/td>\n<\/tr>\n<tr class=\"StyledNutritionTable__StyledNutritionTableRow-ne8c4a-2 iuNQUZ\" data-type=\"row\">\n<th class=\"StyledNutritionTable__StyledNutritionTableHead-ne8c4a-3 dFWedX\" colspan=\"1\">Sal<\/th>\n<td>0.14 g<\/td>\n<\/tr>\n<tr class=\"StyledNutritionTable__StyledNutritionTableRow-ne8c4a-2 iuNQUZ\" data-type=\"row\">\n<th class=\"StyledNutritionTable__StyledNutritionTableHead-ne8c4a-3 dFWedX\" colspan=\"2\">Vitaminas<\/th>\n<\/tr>\n<tr class=\"StyledNutritionTable__StyledNutritionTableRow-ne8c4a-2 iuNQUZ\">\n<th class=\"StyledNutritionTable__StyledNutritionTableHead-ne8c4a-3 dFWedX\" colspan=\"1\">Vitamina D<\/th>\n<td>0.75 \u00b5g<\/td>\n<\/tr>\n<tr class=\"StyledNutritionTable__StyledNutritionTableRow-ne8c4a-2 iuNQUZ\">\n<th class=\"StyledNutritionTable__StyledNutritionTableHead-ne8c4a-3 dFWedX\" colspan=\"1\">Vitamina B2<\/th>\n<td>0.21 mg<\/td>\n<\/tr>\n<tr class=\"StyledNutritionTable__StyledNutritionTableRow-ne8c4a-2 iuNQUZ\" data-type=\"row\">\n<th class=\"StyledNutritionTable__StyledNutritionTableHead-ne8c4a-3 dFWedX\" colspan=\"2\">Minerais<\/th>\n<\/tr>\n<tr class=\"StyledNutritionTable__StyledNutritionTableRow-ne8c4a-2 iuNQUZ\">\n<th class=\"StyledNutritionTable__StyledNutritionTableHead-ne8c4a-3 dFWedX\" colspan=\"1\">C\u00e1lcio<\/th>\n<td>120 mg<\/td>\n<\/tr>\n<\/tbody>\n<\/table>\n<p><strong>Ingredientes:\u00a0<\/strong>base de\u00a0<strong>soja<\/strong>\u00a0(\u00e1gua, gr\u00e3os de\u00a0<strong>soja<\/strong>\u00a0descascados (7%)), a\u00e7\u00facar, cacau magro (1,5%), carbonato de c\u00e1lcio, estabilizadores (carragenina, goma de guar, goma xantana), regulador de acidez (fosfatos de pot\u00e1ssio), aroma, sal marinho, aroma natural, vitaminas (B2, D2).<\/p>\n<p>Veja mais em <a href=\"https:\/\/www.ateti.pt\/loja\/categoria\/bebidas\/bebidas-vegetais\/\">Bebidas Vegetais<\/a><\/p>\n","protected":false},"excerpt":{"rendered":"<p>2,49\u20ac\/lt<\/p>\n","protected":false},"featured_media":61149,"comment_status":"closed","ping_status":"closed","template":"","meta":{"_themeisle_gutenberg_block_has_review":false},"product_brand":[],"product_cat":[158,205,207,891,219],"product_tag":[],"woo-feed-brand":[],"class_list":{"0":"post-14744","1":"product","2":"type-product","3":"status-publish","4":"has-post-thumbnail","6":"product_cat-bebidas","7":"product_cat-bebidas-vegetais","8":"product_cat-bio-saudavel","9":"product_cat-iva-zero","10":"product_cat-sem-lactose","11":"ts_product_brand-alpro","13":"first","14":"instock","15":"taxable","16":"shipping-taxable","17":"purchasable","18":"product-type-simple"},"_links":{"self":[{"href":"https:\/\/www.ateti.pt\/loja\/wp-json\/wp\/v2\/product\/14744","targetHints":{"allow":["GET"]}}],"collection":[{"href":"https:\/\/www.ateti.pt\/loja\/wp-json\/wp\/v2\/product"}],"about":[{"href":"https:\/\/www.ateti.pt\/loja\/wp-json\/wp\/v2\/types\/product"}],"replies":[{"embeddable":true,"href":"https:\/\/www.ateti.pt\/loja\/wp-json\/wp\/v2\/comments?post=14744"}],"wp:featuredmedia":[{"embeddable":true,"href":"https:\/\/www.ateti.pt\/loja\/wp-json\/wp\/v2\/media\/61149"}],"wp:attachment":[{"href":"https:\/\/www.ateti.pt\/loja\/wp-json\/wp\/v2\/media?parent=14744"}],"wp:term":[{"taxonomy":"product_brand","embeddable":true,"href":"https:\/\/www.ateti.pt\/loja\/wp-json\/wp\/v2\/product_brand?post=14744"},{"taxonomy":"product_cat","embeddable":true,"href":"https:\/\/www.ateti.pt\/loja\/wp-json\/wp\/v2\/product_cat?post=14744"},{"taxonomy":"product_tag","embeddable":true,"href":"https:\/\/www.ateti.pt\/loja\/wp-json\/wp\/v2\/product_tag?post=14744"},{"taxonomy":"woo-feed-brand","embeddable":true,"href":"https:\/\/www.ateti.pt\/loja\/wp-json\/wp\/v2\/woo-feed-brand?post=14744"}],"curies":[{"name":"wp","href":"https:\/\/api.w.org\/{rel}","templated":true}]}}