{"id":14735,"date":"2020-04-22T15:40:25","date_gmt":"2020-04-22T14:40:25","guid":{"rendered":"https:\/\/www.ateti.pt\/loja\/?post_type=product&#038;p=14735"},"modified":"2024-10-14T12:20:38","modified_gmt":"2024-10-14T11:20:38","slug":"bebida-soja-c-calcio-original-1l-alpro","status":"publish","type":"product","link":"https:\/\/www.ateti.pt\/loja\/produto\/bebida-soja-c-calcio-original-1l-alpro\/","title":{"rendered":"Bebida Vegetal de Soja Original 1L Alpro"},"content":{"rendered":"<p><strong>Bebida Soja Original Alpro<\/strong><\/p>\n<p><strong>Bebida Soja Original Alpro<\/strong> tem o melhor dos gr\u00e3os de soja de alta qualidade, mo\u00eddos e misturados para criar uma bebida deliciosamente suave e cremosa. O seu sabor suave \u00e9 uma \u00f3tima forma de come\u00e7ar o seu dia &#8211; d\u00ea um toque especial ao seu pequeno-almo\u00e7o juntando-a aos seus cereais, \u00e0 sua ch\u00e1vena de caf\u00e9 ou ch\u00e1 ou a um batido. Bom para ti!<\/p>\n<p>A soja \u00e9 um gr\u00e3o com ORIGEM HIST\u00d3RICA oriental, mais especificamente na China. Cresce em vagens que envolvem sementes comest\u00edveis e \u00e9 a leguminosa mais cultivada e utilizada em todo o mundo.A textura da soja \u00e9 muito adapt\u00e1vel, por esse motivo os seus gr\u00e3os s\u00e3o frequentemente adaptados numa variedade de alimentos, como bebidas de soja, hamb\u00fargueres de soja, entre outros.Devido \u00e0 sua composi\u00e7\u00e3o nutricional, a soja \u00e9 consumida como uma alternativa \u00e0 carne e peixe e funciona como base de alimentos como as bebidas de soja, tofu, miso, tempeh e prote\u00edna de soja.<\/p>\n<p>SUGEST\u00d5ES DE USO:<\/p>\n<p>Bebidas de soja.<br \/>\nTofu.<br \/>\nGr\u00e3os de soga torrados e salgados.<br \/>\nHamburguer ou croquete de soja, etc.<\/p>\n<p>Quantidade: 1L<\/p>\n<p>Encontre aqui mais <a href=\"https:\/\/www.ateti.pt\/loja\/categoria\/bebidas\/bebidas-vegetais\/\">bebidas vegetais<\/a>.<\/p>\n","protected":false},"excerpt":{"rendered":"<p>3.49\/lt<\/p>\n","protected":false},"featured_media":61151,"comment_status":"closed","ping_status":"closed","template":"","meta":{"_themeisle_gutenberg_block_has_review":false},"product_brand":[],"product_cat":[158,205,207,891,219],"product_tag":[],"woo-feed-brand":[],"class_list":{"0":"post-14735","1":"product","2":"type-product","3":"status-publish","4":"has-post-thumbnail","6":"product_cat-bebidas","7":"product_cat-bebidas-vegetais","8":"product_cat-bio-saudavel","9":"product_cat-iva-zero","10":"product_cat-sem-lactose","11":"ts_product_brand-alpro","13":"first","14":"instock","15":"taxable","16":"shipping-taxable","17":"purchasable","18":"product-type-simple"},"_links":{"self":[{"href":"https:\/\/www.ateti.pt\/loja\/wp-json\/wp\/v2\/product\/14735","targetHints":{"allow":["GET"]}}],"collection":[{"href":"https:\/\/www.ateti.pt\/loja\/wp-json\/wp\/v2\/product"}],"about":[{"href":"https:\/\/www.ateti.pt\/loja\/wp-json\/wp\/v2\/types\/product"}],"replies":[{"embeddable":true,"href":"https:\/\/www.ateti.pt\/loja\/wp-json\/wp\/v2\/comments?post=14735"}],"wp:featuredmedia":[{"embeddable":true,"href":"https:\/\/www.ateti.pt\/loja\/wp-json\/wp\/v2\/media\/61151"}],"wp:attachment":[{"href":"https:\/\/www.ateti.pt\/loja\/wp-json\/wp\/v2\/media?parent=14735"}],"wp:term":[{"taxonomy":"product_brand","embeddable":true,"href":"https:\/\/www.ateti.pt\/loja\/wp-json\/wp\/v2\/product_brand?post=14735"},{"taxonomy":"product_cat","embeddable":true,"href":"https:\/\/www.ateti.pt\/loja\/wp-json\/wp\/v2\/product_cat?post=14735"},{"taxonomy":"product_tag","embeddable":true,"href":"https:\/\/www.ateti.pt\/loja\/wp-json\/wp\/v2\/product_tag?post=14735"},{"taxonomy":"woo-feed-brand","embeddable":true,"href":"https:\/\/www.ateti.pt\/loja\/wp-json\/wp\/v2\/woo-feed-brand?post=14735"}],"curies":[{"name":"wp","href":"https:\/\/api.w.org\/{rel}","templated":true}]}}