{"id":14690,"date":"2020-04-22T14:27:42","date_gmt":"2020-04-22T14:27:42","guid":{"rendered":"https:\/\/www.ateti.pt\/loja\/?post_type=product&#038;p=14690"},"modified":"2026-01-06T15:03:25","modified_gmt":"2026-01-06T15:03:25","slug":"lava-tudo-amoniacal-sonasol","status":"publish","type":"product","link":"https:\/\/www.ateti.pt\/loja\/produto\/lava-tudo-amoniacal-sonasol\/","title":{"rendered":"Lava Tudo Amoniacal 1,25L Sonasol"},"content":{"rendered":"<h5>Lava Tudo Amoniacal Sonasol<\/h5>\n<p><strong>Quantidade:<\/strong> 1.3L<\/p>\n<p><strong>Precau\u00e7\u00f5es:<\/strong><\/p>\n<p>Manter fora do alcance das crian\u00e7as. N\u00e3o ingerir. Se entrar em contacto com os olhos: enxaguar cuidadosamente com \u00e1gua durante alguns minutos. Se usar lentes de contacto, retire-as, se lhe for poss\u00edvel.<\/p>\n<p>Veja mais em <a href=\"https:\/\/www.ateti.pt\/loja\/categoria\/higiene-e-limpeza\/limpeza\/lava-tudo\/\">Lava Tudo<\/a><\/p>\n","protected":false},"excerpt":{"rendered":"<p>1.99\u20ac\/LT<\/p>\n","protected":false},"featured_media":57339,"comment_status":"closed","ping_status":"closed","template":"","meta":{"_themeisle_gutenberg_block_has_review":false},"product_brand":[],"product_cat":[190,232,204],"product_tag":[],"woo-feed-brand":[],"class_list":{"0":"post-14690","1":"product","2":"type-product","3":"status-publish","4":"has-post-thumbnail","6":"product_cat-desinfetantes-e-limpeza","7":"product_cat-lava-tudo","8":"product_cat-limpeza","9":"ts_product_brand-sonasol","11":"first","12":"instock","13":"taxable","14":"shipping-taxable","15":"purchasable","16":"product-type-simple"},"_links":{"self":[{"href":"https:\/\/www.ateti.pt\/loja\/wp-json\/wp\/v2\/product\/14690","targetHints":{"allow":["GET"]}}],"collection":[{"href":"https:\/\/www.ateti.pt\/loja\/wp-json\/wp\/v2\/product"}],"about":[{"href":"https:\/\/www.ateti.pt\/loja\/wp-json\/wp\/v2\/types\/product"}],"replies":[{"embeddable":true,"href":"https:\/\/www.ateti.pt\/loja\/wp-json\/wp\/v2\/comments?post=14690"}],"wp:featuredmedia":[{"embeddable":true,"href":"https:\/\/www.ateti.pt\/loja\/wp-json\/wp\/v2\/media\/57339"}],"wp:attachment":[{"href":"https:\/\/www.ateti.pt\/loja\/wp-json\/wp\/v2\/media?parent=14690"}],"wp:term":[{"taxonomy":"product_brand","embeddable":true,"href":"https:\/\/www.ateti.pt\/loja\/wp-json\/wp\/v2\/product_brand?post=14690"},{"taxonomy":"product_cat","embeddable":true,"href":"https:\/\/www.ateti.pt\/loja\/wp-json\/wp\/v2\/product_cat?post=14690"},{"taxonomy":"product_tag","embeddable":true,"href":"https:\/\/www.ateti.pt\/loja\/wp-json\/wp\/v2\/product_tag?post=14690"},{"taxonomy":"woo-feed-brand","embeddable":true,"href":"https:\/\/www.ateti.pt\/loja\/wp-json\/wp\/v2\/woo-feed-brand?post=14690"}],"curies":[{"name":"wp","href":"https:\/\/api.w.org\/{rel}","templated":true}]}}