{"id":14677,"date":"2020-04-22T13:58:20","date_gmt":"2020-04-22T12:58:20","guid":{"rendered":"https:\/\/www.ateti.pt\/loja\/?post_type=product&#038;p=14677"},"modified":"2025-07-29T13:01:39","modified_gmt":"2025-07-29T12:01:39","slug":"queijo-500gr-casteloes","status":"publish","type":"product","link":"https:\/\/www.ateti.pt\/loja\/produto\/queijo-500gr-casteloes\/","title":{"rendered":"Queijo Castel\u00f5es 500g"},"content":{"rendered":"<h2>Queijo Castel\u00f5es<\/h2>\n<p>Quantidade: 500g<\/p>\n<div class=\"field-tab-ingredients\">Ingredientes:\u00a0<b>Leite<\/b>\u00a0pasteurizado,\u00a0<b>fermentos l\u00e1cteos<\/b>, cloreto de c\u00e1lcio, coalho e sal.<\/div>\n<div class=\"field-tab-ingredients\">Na superf\u00edcie\/casca: conservantes E235, E202, E281; corante E172.<\/div>\n<div><\/div>\n<div class=\"field-tab-informations\">\n<div class=\"field-tab-info-item\">\n<div class=\"field-tab-info-header\">\n<div class=\"field-tab-info-title\"><strong>Declara\u00e7\u00e3o Nutricional M\u00e9dia por 100 g:<\/strong><\/div>\n<\/div>\n<\/div>\n<div class=\"field-tab-info-item\">\n<div class=\"field-tab-info-header\">\n<div class=\"field-tab-info-title\">Energia: 1547 kJ\/373 kcal; L\u00edpidos:31g, dos quais saturados: 20.0 g; Hidratos de Carbon0:40 g, dos quais a\u00e7\u00facares&lt;0.5 g; Prote\u00ednas: 22.0 g; Sal1.3 g;<\/div>\n<div class=\"field-tab-info-title\"><strong>Vitaminas e Sais Minerais: <\/strong>C\u00e1lcio: 605 mg (76%<sup>1<\/sup>); F\u00f3sforo:427 mg (61%<sup>1<\/sup>); Sel\u00e9nio: 21 \u03bcg (39%<sup>1<\/sup>); Lactose:&lt;0.01 g.<\/div>\n<\/div>\n<div><\/div>\n<h3><b>Origem do Queijo Castel\u00f5es<\/b><\/h3>\n<p>\u00c9 um queijo produzido com leite portugu\u00eas e obedecendo a rigorosos m\u00e9todos de fabrico. Nascido em 1989, Castel\u00f5es \u00e9 um Rei orgulhosamente portugu\u00eas, herdeiro da nobre arte de fazer queijo curado, de elevada qualidade, como s\u00f3 em Portugal. <a href=\"https:\/\/www.queijocasteloes.pt\/\">Saiba mais aqui<\/a>.<\/p>\n<div class=\"field-tab-info-header\">\n<div><\/div>\n<div>Veja mais em <a href=\"https:\/\/www.ateti.pt\/loja\/categoria\/refrigerados\/lacticinios\/queijos\/\">Queijos<\/a><\/div>\n<\/div>\n<\/div>\n<\/div>\n","protected":false},"excerpt":{"rendered":"<p>15.78\u20ac\/KG<\/p>\n<p><strong>\u2219\u00a0<\/strong>O Queijo \u00e9 rico em c\u00e1lcio, sel\u00e9nio e prote\u00edna<br \/>\n<strong>\u2219\u00a0<\/strong>Naturalmente isento de lactose: O queijo curado \u00e9 naturalmente isento de lactose, devido ao seu processo de fabrico.<br \/>\n<strong>\u2219\u00a0<\/strong>Casca n\u00e3o comest\u00edvel<\/p>\n","protected":false},"featured_media":35860,"comment_status":"closed","ping_status":"closed","template":"","meta":{"_themeisle_gutenberg_block_has_review":false},"product_brand":[],"product_cat":[891,178,185,622],"product_tag":[],"woo-feed-brand":[],"class_list":{"0":"post-14677","1":"product","2":"type-product","3":"status-publish","4":"has-post-thumbnail","6":"product_cat-iva-zero","7":"product_cat-lacticinios","8":"product_cat-queijos","9":"product_cat-refrigerados","10":"ts_product_brand-casteloes","12":"first","13":"instock","14":"taxable","15":"shipping-taxable","16":"purchasable","17":"product-type-simple"},"_links":{"self":[{"href":"https:\/\/www.ateti.pt\/loja\/wp-json\/wp\/v2\/product\/14677","targetHints":{"allow":["GET"]}}],"collection":[{"href":"https:\/\/www.ateti.pt\/loja\/wp-json\/wp\/v2\/product"}],"about":[{"href":"https:\/\/www.ateti.pt\/loja\/wp-json\/wp\/v2\/types\/product"}],"replies":[{"embeddable":true,"href":"https:\/\/www.ateti.pt\/loja\/wp-json\/wp\/v2\/comments?post=14677"}],"wp:featuredmedia":[{"embeddable":true,"href":"https:\/\/www.ateti.pt\/loja\/wp-json\/wp\/v2\/media\/35860"}],"wp:attachment":[{"href":"https:\/\/www.ateti.pt\/loja\/wp-json\/wp\/v2\/media?parent=14677"}],"wp:term":[{"taxonomy":"product_brand","embeddable":true,"href":"https:\/\/www.ateti.pt\/loja\/wp-json\/wp\/v2\/product_brand?post=14677"},{"taxonomy":"product_cat","embeddable":true,"href":"https:\/\/www.ateti.pt\/loja\/wp-json\/wp\/v2\/product_cat?post=14677"},{"taxonomy":"product_tag","embeddable":true,"href":"https:\/\/www.ateti.pt\/loja\/wp-json\/wp\/v2\/product_tag?post=14677"},{"taxonomy":"woo-feed-brand","embeddable":true,"href":"https:\/\/www.ateti.pt\/loja\/wp-json\/wp\/v2\/woo-feed-brand?post=14677"}],"curies":[{"name":"wp","href":"https:\/\/api.w.org\/{rel}","templated":true}]}}