{"id":14666,"date":"2020-04-22T11:45:25","date_gmt":"2020-04-22T10:45:25","guid":{"rendered":"https:\/\/www.ateti.pt\/loja\/?post_type=product&#038;p=14666"},"modified":"2025-11-12T12:17:47","modified_gmt":"2025-11-12T12:17:47","slug":"manteiga-250gr-nova-acores","status":"publish","type":"product","link":"https:\/\/www.ateti.pt\/loja\/produto\/manteiga-250gr-nova-acores\/","title":{"rendered":"Manteiga 250g Nova A\u00e7ores"},"content":{"rendered":"<h5>Manteiga Nova A\u00e7ores<\/h5>\n<p>Quantidade: 250g<\/p>\n<p>A Manteiga com Sal Nova A\u00e7ores \u00e9 uma manteiga puramente a\u00e7oriana, produzida apenas a partir de natas frescas pasteurizadas e sal.<\/p>\n<p>Com um sabor intenso e uma textura rica, \u00e9 ideal para saborear a qualquer hora do dia e foi criada para todos os momentos em fam\u00edlia.<\/p>\n<p><strong>Origem:<\/strong> Portugal, A\u00e7ores<\/p>\n<p><strong>Ingredientes:<\/strong> Nata pasteurizada e sal(1,75%).<\/p>\n<p><strong>Informa\u00e7\u00e3o Nutricional: <\/strong>Energia: 3016 kJ \/ 733 kcal; L\u00edpidos: 81 g, dos quais saturados: 58 g; Hidratos de Carbono:0,6 g, dos quais a\u00e7\u00facares0,6 g; Fibra: 0 g; Prote\u00ednas: 0,5g; Sal: 1,75 g.<\/p>\n<p>&nbsp;<\/p>\n<p>Veja mais em <a href=\"https:\/\/www.ateti.pt\/loja\/categoria\/refrigerados\/lacticinios\/manteigas-e-cremes-vegetais\/\">Latic\u00ednios<\/a><\/p>\n","protected":false},"excerpt":{"rendered":"<p>10.76\u20ac\/KG<\/p>\n","protected":false},"featured_media":62991,"comment_status":"closed","ping_status":"closed","template":"","meta":{"_themeisle_gutenberg_block_has_review":false},"product_brand":[],"product_cat":[891,178,186,622],"product_tag":[],"woo-feed-brand":[],"class_list":{"0":"post-14666","1":"product","2":"type-product","3":"status-publish","4":"has-post-thumbnail","6":"product_cat-iva-zero","7":"product_cat-lacticinios","8":"product_cat-manteigas-e-cremes-vegetais","9":"product_cat-refrigerados","10":"ts_product_brand-nova-acores","12":"first","13":"instock","14":"taxable","15":"shipping-taxable","16":"purchasable","17":"product-type-simple"},"_links":{"self":[{"href":"https:\/\/www.ateti.pt\/loja\/wp-json\/wp\/v2\/product\/14666","targetHints":{"allow":["GET"]}}],"collection":[{"href":"https:\/\/www.ateti.pt\/loja\/wp-json\/wp\/v2\/product"}],"about":[{"href":"https:\/\/www.ateti.pt\/loja\/wp-json\/wp\/v2\/types\/product"}],"replies":[{"embeddable":true,"href":"https:\/\/www.ateti.pt\/loja\/wp-json\/wp\/v2\/comments?post=14666"}],"wp:featuredmedia":[{"embeddable":true,"href":"https:\/\/www.ateti.pt\/loja\/wp-json\/wp\/v2\/media\/62991"}],"wp:attachment":[{"href":"https:\/\/www.ateti.pt\/loja\/wp-json\/wp\/v2\/media?parent=14666"}],"wp:term":[{"taxonomy":"product_brand","embeddable":true,"href":"https:\/\/www.ateti.pt\/loja\/wp-json\/wp\/v2\/product_brand?post=14666"},{"taxonomy":"product_cat","embeddable":true,"href":"https:\/\/www.ateti.pt\/loja\/wp-json\/wp\/v2\/product_cat?post=14666"},{"taxonomy":"product_tag","embeddable":true,"href":"https:\/\/www.ateti.pt\/loja\/wp-json\/wp\/v2\/product_tag?post=14666"},{"taxonomy":"woo-feed-brand","embeddable":true,"href":"https:\/\/www.ateti.pt\/loja\/wp-json\/wp\/v2\/woo-feed-brand?post=14666"}],"curies":[{"name":"wp","href":"https:\/\/api.w.org\/{rel}","templated":true}]}}