{"id":14653,"date":"2020-04-22T11:17:27","date_gmt":"2020-04-22T10:17:27","guid":{"rendered":"https:\/\/www.ateti.pt\/loja\/?post_type=product&#038;p=14653"},"modified":"2024-04-04T09:54:34","modified_gmt":"2024-04-04T09:54:34","slug":"chourico-tradicional-250gr-cevadas","status":"publish","type":"product","link":"https:\/\/www.ateti.pt\/loja\/produto\/chourico-tradicional-250gr-cevadas\/","title":{"rendered":"Chouri\u00e7o Tradicional 250g Cevadas"},"content":{"rendered":"<p><strong>Chouri\u00e7o Tradicional Cevadas<\/strong><\/p>\n<p>Quantidade: 250g<\/p>\n<p><a href=\"https:\/\/www.ateti.pt\/loja\/wp-content\/uploads\/2020\/04\/Couri\u00e7o_Tradicional_Cevadas.jpg\"><img loading=\"lazy\" decoding=\"async\" class=\"alignnone size-full wp-image-18330\" src=\"https:\/\/www.ateti.pt\/loja\/wp-content\/uploads\/2020\/04\/Couri\u00e7o_Tradicional_Cevadas.jpg\" alt=\"Chouri\u00e7o_Tradicional_Cevadas\" width=\"207\" height=\"292\" \/><\/a><\/p>\n<p>Sugest\u00e3o de receita<\/p>\n<p>Massa com chouri\u00e7o e cogumelos<\/p>\n<p><strong>Ingredientes:<\/strong><\/p>\n<section id=\"ingredients\" class=\"ingredients-container document-section border-b border-t border-cookpad-gray-400 bg-cookpad-white\">\n<div class=\"ingredient-list\">\n<div>1 embalagem\u00a0esparguete<\/div>\n<div>1 chouri\u00e7o tradicional cevadas<\/div>\n<div>1\/2 embalagem\u00a0cogumelos frescos<\/div>\n<div>1\u00a0cebola m\u00e9dia<\/div>\n<div>3 dentes\u00a0alho<\/div>\n<div>5 colheres\u00a0azeite<\/div>\n<div>5 colheres\u00a0polpa de tomate<\/div>\n<div>200 ml\u00a0natas para culin\u00e1ria (eu uso natas de soja)<\/div>\n<div>5 colheres de sopa\u00a0vinho branco<\/div>\n<div>3 colheres\u00a0vinagre bals\u00e2mico (opcional)<\/div>\n<div>1\/2 copo\u00a0\u00e1gua quente<\/div>\n<div>q.b.\u00a0sal e pimenta<\/div>\n<div>a gosto\u00a0queijo ralado e \u00f3reg\u00e3os (opcional)<\/div>\n<\/div>\n<\/section>\n<section id=\"steps\" class=\"steps-container document-section bg-cookpad-white\">\n<div><\/div>\n<div class=\"document-title-container\"><strong>Prepara\u00e7\u00e3o:<\/strong><\/div>\n<div class=\"numbered-list__contents\">\n<div class=\"text-cookpad-14 xs:text-cookpad-18\">\n<div dir=\"auto\">\n<p class=\"mb-sm inline\">Coza o esparguete s\u00f3 com \u00e1gua e sal. Depois de cozido escorra-o e passe por \u00e1gua fria para retirar a goma e reserve.<\/p>\n<\/div>\n<\/div>\n<\/div>\n<div class=\"numbered-list__contents\">\n<div class=\"text-cookpad-14 xs:text-cookpad-18\">\n<div dir=\"auto\">\n<p class=\"mb-sm inline\">Pique a cebola e o alho e reserve.<\/p>\n<\/div>\n<\/div>\n<\/div>\n<div class=\"numbered-list__contents\">\n<div class=\"text-cookpad-14 xs:text-cookpad-18\">\n<div dir=\"auto\">\n<p class=\"mb-sm inline\">Retire a pele ao chouri\u00e7o e corte-o aos cubinhos e reserve.<\/p>\n<\/div>\n<\/div>\n<\/div>\n<div class=\"numbered-list__contents\">\n<div class=\"text-cookpad-14 xs:text-cookpad-18\">\n<div dir=\"auto\">\n<p class=\"mb-sm inline\">Corte os cogumelos e reserve.<\/p>\n<\/div>\n<\/div>\n<\/div>\n<div class=\"numbered-list__contents\">\n<div class=\"text-cookpad-14 xs:text-cookpad-18\">\n<div dir=\"auto\">\n<p class=\"mb-sm inline\">Num tacho leve ao lume o azeite que deve deixar aquecer um pouco, junte-lhe a cebola e o alho picados e deixe alourar, de seguida adicione os cogumelos e deixe cozer lentamente adicionando aos poucos o vinho.<\/p>\n<\/div>\n<\/div>\n<\/div>\n<div class=\"numbered-list__contents\">\n<div class=\"text-cookpad-14 xs:text-cookpad-18\">\n<div dir=\"auto\">\n<p class=\"mb-sm inline\">Quando os cogumelos come\u00e7arem a estar cozidos adicione os cubinhos de chouri\u00e7o, a polpa de tomate e tempere com sal e pimenta a gosto e opcionalmente junte-lhe o vinagre bals\u00e2mico mexendo um pouco para n\u00e3o grudar. Se vir que est\u00e1 a come\u00e7ar a ficar seco adicione um pouco de \u00e1gua quente e deixe cozinhar em lume brando por cerca de 10 minutos.<\/p>\n<\/div>\n<\/div>\n<\/div>\n<div class=\"numbered-list__contents\">\n<div class=\"text-cookpad-14 xs:text-cookpad-18\">\n<div dir=\"auto\">\n<p class=\"mb-sm inline\">Verifique a consist\u00eancia da comida e se a mesma estiver a ficar ligeiramente seca, adicione-lhe mais um pouco de \u00e1gua quente. Por fim, adicione as natas e deixe-as levantar fervura.<\/p>\n<\/div>\n<\/div>\n<\/div>\n<div class=\"numbered-list__contents\">\n<div class=\"text-cookpad-14 xs:text-cookpad-18\">\n<div dir=\"auto\">\n<p class=\"mb-sm inline\">Junte-lhe o esparguete e envolva-o muito bem no preparado por forma a que o mesmo fique suculento.<\/p>\n<\/div>\n<\/div>\n<\/div>\n<div class=\"numbered-list__contents\">\n<div class=\"text-cookpad-14 xs:text-cookpad-18\">\n<div dir=\"auto\">\n<p class=\"mb-sm inline\">Sirva ainda quente adicionando um pouco de queijo ralado e se gostar com um pouco de or\u00e9g\u00e3os.<\/p>\n<p class=\"mb-sm inline\">Bom apetite!<\/p>\n<\/div>\n<\/div>\n<\/div>\n<p>Veja mais em <a href=\"https:\/\/www.ateti.pt\/loja\/categoria\/refrigerados\/charcutaria\/\">Charcutaria<\/a><\/p>\n<p>&nbsp;<\/p>\n<\/section>\n","protected":false},"excerpt":{"rendered":"<p>11.96\u20ac\/KG<\/p>\n","protected":false},"featured_media":57332,"comment_status":"closed","ping_status":"closed","template":"","meta":{"_themeisle_gutenberg_block_has_review":false},"product_brand":[],"product_cat":[179,622],"product_tag":[],"woo-feed-brand":[],"class_list":{"0":"post-14653","1":"product","2":"type-product","3":"status-publish","4":"has-post-thumbnail","6":"product_cat-charcutaria","7":"product_cat-refrigerados","8":"ts_product_brand-cevadas","10":"first","11":"instock","12":"taxable","13":"shipping-taxable","14":"purchasable","15":"product-type-simple"},"_links":{"self":[{"href":"https:\/\/www.ateti.pt\/loja\/wp-json\/wp\/v2\/product\/14653","targetHints":{"allow":["GET"]}}],"collection":[{"href":"https:\/\/www.ateti.pt\/loja\/wp-json\/wp\/v2\/product"}],"about":[{"href":"https:\/\/www.ateti.pt\/loja\/wp-json\/wp\/v2\/types\/product"}],"replies":[{"embeddable":true,"href":"https:\/\/www.ateti.pt\/loja\/wp-json\/wp\/v2\/comments?post=14653"}],"wp:featuredmedia":[{"embeddable":true,"href":"https:\/\/www.ateti.pt\/loja\/wp-json\/wp\/v2\/media\/57332"}],"wp:attachment":[{"href":"https:\/\/www.ateti.pt\/loja\/wp-json\/wp\/v2\/media?parent=14653"}],"wp:term":[{"taxonomy":"product_brand","embeddable":true,"href":"https:\/\/www.ateti.pt\/loja\/wp-json\/wp\/v2\/product_brand?post=14653"},{"taxonomy":"product_cat","embeddable":true,"href":"https:\/\/www.ateti.pt\/loja\/wp-json\/wp\/v2\/product_cat?post=14653"},{"taxonomy":"product_tag","embeddable":true,"href":"https:\/\/www.ateti.pt\/loja\/wp-json\/wp\/v2\/product_tag?post=14653"},{"taxonomy":"woo-feed-brand","embeddable":true,"href":"https:\/\/www.ateti.pt\/loja\/wp-json\/wp\/v2\/woo-feed-brand?post=14653"}],"curies":[{"name":"wp","href":"https:\/\/api.w.org\/{rel}","templated":true}]}}