{"id":14645,"date":"2021-02-02T17:30:16","date_gmt":"2021-02-02T16:30:16","guid":{"rendered":"https:\/\/www.ateti.pt\/loja\/?post_type=product&#038;p=14645"},"modified":"2026-01-29T17:40:43","modified_gmt":"2026-01-29T17:40:43","slug":"alheiras-de-mirandela-judite","status":"publish","type":"product","link":"https:\/\/www.ateti.pt\/loja\/produto\/alheiras-de-mirandela-judite\/","title":{"rendered":"Alheiras Mirandela 1,5Kg Judite"},"content":{"rendered":"<p><strong>Alheiras Mirandela Judite<\/strong><\/p>\n<p><strong>Quantidade:<\/strong> 1.5kg<\/p>\n<p>Enchido fumado constitu\u00eddo basicamente por carnes de porco e aves, p\u00e3o, gordura, condimentos e aditivos alimentares.<\/p>\n<p>Pode ser consumido por toda a popula\u00e7\u00e3o em geral, incluindo grupos de risco (imunodeprimidos, gr\u00e1vidas e crian\u00e7as).<\/p>\n<p>Produto consumido, ap\u00f3s cozinhado.<\/p>\n<p><strong>Valores nutricionais: <\/strong>Energia: 283kcal; L\u00edpidos: 17.9%, dos quais \u00e1cidos gordos saturados: 7.9%; Hidratos de carbono: 16.8%, dos quais a\u00e7\u00facares: 1.2%; Fibra: 0.4%; Prote\u00ednas: 13.4%; S\u00f3dio: 0.3%.<\/p>\n<p>Sugest\u00e3o de receita:<\/p>\n<p>Ingredientes:<\/p>\n<ul>\n<li>5 ovos<\/li>\n<li>1 <strong>Alheiras Mirandela Judite<\/strong><\/li>\n<li>\u00bd <a href=\"https:\/\/www.ateti.pt\/loja\/categoria\/frutas-e-legumes\/legumes-frescos\/\">cebola picada<\/a><\/li>\n<li>Salsa picada<\/li>\n<li>1 dente de <a href=\"https:\/\/www.ateti.pt\/loja\/categoria\/frutas-e-legumes\/legumes-frescos\/\">alho picado<\/a><\/li>\n<li>2 colheres de sopa de <a href=\"https:\/\/www.ateti.pt\/loja\/categoria\/mercearia\/azeiteseoleos\/\">azeite<\/a><\/li>\n<li><a href=\"https:\/\/www.ateti.pt\/loja\/categoria\/mercearia\/temperos-e-molhos\/\">Sal fino<\/a> q.b.<\/li>\n<li><a href=\"https:\/\/www.ateti.pt\/loja\/categoria\/mercearia\/temperos-e-molhos\/\">Pimenta<\/a> q.b.<\/li>\n<\/ul>\n<p><strong><span style=\"font-size: small\"><span style=\"color: seagreen\">Prepara\u00e7\u00e3o:<\/span><\/span><\/strong><br \/>\n1. Retire a pele \u00e0 alheira e corte-a em peda\u00e7os.<\/p>\n<p>2. Parta os ovos para uma tigela.<\/p>\n<p>Tempere com um pouco de sal fino e pimenta.<\/p>\n<p>Por fim, adicione a salsa picada e bata com a vara de arames.<\/p>\n<p>3. Numa frigideira, leve ao lume o azeite, a cebola e o alho.<\/p>\n<p>Mexa e deixe refogar em lume m\u00e9dio at\u00e9 que comece a alourar.<\/p>\n<p>4. Ao refogado, adicione a alheira e deixe saltear muito bem em lume brando.<\/p>\n<p>Depois da alheira lourinha, junte os ovos e mexa com uma colher sem parar.<\/p>\n<p>Mantenha o lume brando para que os ovos fiquem cremosos.<\/p>\n<p>5. Depois dos ovos cozinhados a gosto, retire-os.<\/p>\n<p>Acompanhem esta receita com fatias de broa de milho.<\/p>\n<p>Bom apetite!<\/p>\n<p>Veja mais em <a href=\"https:\/\/www.ateti.pt\/loja\/categoria\/frescos-e-congelados\/charcutaria\/\">Charcutaria<\/a><\/p>\n<p>&nbsp;<\/p>\n<p>&nbsp;<\/p>\n","protected":false},"excerpt":{"rendered":"<p>5.52\u20ac\/KG<\/p>\n","protected":false},"featured_media":57092,"comment_status":"closed","ping_status":"closed","template":"","meta":{"_themeisle_gutenberg_block_has_review":false},"product_brand":[],"product_cat":[179,622],"product_tag":[],"woo-feed-brand":[],"class_list":{"0":"post-14645","1":"product","2":"type-product","3":"status-publish","4":"has-post-thumbnail","6":"product_cat-charcutaria","7":"product_cat-refrigerados","8":"ts_product_brand-judite","10":"first","11":"instock","12":"taxable","13":"shipping-taxable","14":"purchasable","15":"product-type-simple"},"_links":{"self":[{"href":"https:\/\/www.ateti.pt\/loja\/wp-json\/wp\/v2\/product\/14645","targetHints":{"allow":["GET"]}}],"collection":[{"href":"https:\/\/www.ateti.pt\/loja\/wp-json\/wp\/v2\/product"}],"about":[{"href":"https:\/\/www.ateti.pt\/loja\/wp-json\/wp\/v2\/types\/product"}],"replies":[{"embeddable":true,"href":"https:\/\/www.ateti.pt\/loja\/wp-json\/wp\/v2\/comments?post=14645"}],"wp:featuredmedia":[{"embeddable":true,"href":"https:\/\/www.ateti.pt\/loja\/wp-json\/wp\/v2\/media\/57092"}],"wp:attachment":[{"href":"https:\/\/www.ateti.pt\/loja\/wp-json\/wp\/v2\/media?parent=14645"}],"wp:term":[{"taxonomy":"product_brand","embeddable":true,"href":"https:\/\/www.ateti.pt\/loja\/wp-json\/wp\/v2\/product_brand?post=14645"},{"taxonomy":"product_cat","embeddable":true,"href":"https:\/\/www.ateti.pt\/loja\/wp-json\/wp\/v2\/product_cat?post=14645"},{"taxonomy":"product_tag","embeddable":true,"href":"https:\/\/www.ateti.pt\/loja\/wp-json\/wp\/v2\/product_tag?post=14645"},{"taxonomy":"woo-feed-brand","embeddable":true,"href":"https:\/\/www.ateti.pt\/loja\/wp-json\/wp\/v2\/woo-feed-brand?post=14645"}],"curies":[{"name":"wp","href":"https:\/\/api.w.org\/{rel}","templated":true}]}}