{"id":14620,"date":"2020-11-26T16:05:58","date_gmt":"2020-11-26T15:05:58","guid":{"rendered":"https:\/\/www.ateti.pt\/loja\/?post_type=product&#038;p=14620"},"modified":"2026-02-20T15:21:02","modified_gmt":"2026-02-20T15:21:02","slug":"detergente-maquina-loica-30-past-all-in-1-finish","status":"publish","type":"product","link":"https:\/\/www.ateti.pt\/loja\/produto\/detergente-maquina-loica-30-past-all-in-1-finish\/","title":{"rendered":"Detergente M\u00e1quina Loi\u00e7a All in 1 Finish 30un."},"content":{"rendered":"<p><strong>Detergente M\u00e1quina Loi\u00e7a All in 1 Finish<\/strong><\/p>\n<p>Quantidade: 30un<\/p>\n<h4 class=\"product-features\">Caracter\u00edsticas do produto:<\/h4>\n<ul>\n<li>Limpeza poderosa.<\/li>\n<li>Elimina manchas dif\u00edceis \u00e0 primeira.<\/li>\n<li>Atua a baixas temperaturas.<\/li>\n<li>Prote\u00e7\u00e3o de copos e cristal.<\/li>\n<li>Fragr\u00e2ncia regular.<\/li>\n<\/ul>\n<p>Al\u00e9m disso, a nossa revolucion\u00e1ria POWERBALL ajuda a pastilha a remover at\u00e9 res\u00edduos de alimentos incrustados, garantindo uma limpeza poderosa em cada lavagem.<\/p>\n<p><strong>Utiliza\u00e7\u00e3o:\u00a0<\/strong>Manusear unicamente com as m\u00e3os secas. Feche sempre a embalagem ap\u00f3s utiliza\u00e7\u00e3o.<\/p>\n<p><strong>Precau\u00e7\u00f5es:<\/strong><\/p>\n<p>Manter fora do alcance das crian\u00e7as. N\u00e3o ingerir. Se entrar em contacto com os olhos: enxaguar cuidadosamente com \u00e1gua durante alguns minutos. Se usar lentes de contacto, retire-as, se lhe for poss\u00edvel.<\/p>\n<p>Veja mais em <a href=\"https:\/\/www.ateti.pt\/loja\/categoria\/higiene-e-limpeza\/limpeza\/cozinha\/\">Limpeza<\/a><\/p>\n","protected":false},"excerpt":{"rendered":"<p>0,25\u20ac\/un<\/p>\n","protected":false},"featured_media":46923,"comment_status":"closed","ping_status":"closed","template":"","meta":{"_themeisle_gutenberg_block_has_review":false},"product_brand":[],"product_cat":[209,190,204],"product_tag":[],"woo-feed-brand":[],"class_list":{"0":"post-14620","1":"product","2":"type-product","3":"status-publish","4":"has-post-thumbnail","6":"product_cat-cozinha","7":"product_cat-desinfetantes-e-limpeza","8":"product_cat-limpeza","9":"ts_product_brand-finish","11":"first","12":"instock","13":"taxable","14":"shipping-taxable","15":"purchasable","16":"product-type-simple"},"_links":{"self":[{"href":"https:\/\/www.ateti.pt\/loja\/wp-json\/wp\/v2\/product\/14620","targetHints":{"allow":["GET"]}}],"collection":[{"href":"https:\/\/www.ateti.pt\/loja\/wp-json\/wp\/v2\/product"}],"about":[{"href":"https:\/\/www.ateti.pt\/loja\/wp-json\/wp\/v2\/types\/product"}],"replies":[{"embeddable":true,"href":"https:\/\/www.ateti.pt\/loja\/wp-json\/wp\/v2\/comments?post=14620"}],"wp:featuredmedia":[{"embeddable":true,"href":"https:\/\/www.ateti.pt\/loja\/wp-json\/wp\/v2\/media\/46923"}],"wp:attachment":[{"href":"https:\/\/www.ateti.pt\/loja\/wp-json\/wp\/v2\/media?parent=14620"}],"wp:term":[{"taxonomy":"product_brand","embeddable":true,"href":"https:\/\/www.ateti.pt\/loja\/wp-json\/wp\/v2\/product_brand?post=14620"},{"taxonomy":"product_cat","embeddable":true,"href":"https:\/\/www.ateti.pt\/loja\/wp-json\/wp\/v2\/product_cat?post=14620"},{"taxonomy":"product_tag","embeddable":true,"href":"https:\/\/www.ateti.pt\/loja\/wp-json\/wp\/v2\/product_tag?post=14620"},{"taxonomy":"woo-feed-brand","embeddable":true,"href":"https:\/\/www.ateti.pt\/loja\/wp-json\/wp\/v2\/woo-feed-brand?post=14620"}],"curies":[{"name":"wp","href":"https:\/\/api.w.org\/{rel}","templated":true}]}}