{"id":14618,"date":"2020-04-21T22:58:32","date_gmt":"2020-04-21T21:58:32","guid":{"rendered":"https:\/\/www.ateti.pt\/loja\/?post_type=product&#038;p=14618"},"modified":"2024-01-09T18:40:52","modified_gmt":"2024-01-09T17:40:52","slug":"detergente-loica-original-fairy-615ml","status":"publish","type":"product","link":"https:\/\/www.ateti.pt\/loja\/produto\/detergente-loica-original-fairy-615ml\/","title":{"rendered":"Detergente Loi\u00e7a Original Fairy 615mL"},"content":{"rendered":"<p><strong>Detergente Loi\u00e7a Original Fairy<\/strong><\/p>\n<p>Quantidade: 615mL<\/p>\n<p><b>Descri\u00e7\u00e3o: <\/b>O Detergente Loi\u00e7a Original Fairy oferece-lhe o poder de limpeza ultra duradouro que espera para a sua lavagem, at\u00e9 \u00e0 \u00faltima gota.<\/p>\n<p>A sua f\u00f3rmula concentrada elimina a gordura mais dif\u00edcil proporcionando uma limpeza brilhante.<\/p>\n<p>N\u00e3o \u00e9 de espantar que o Fairy Ultra seja o modelo de excel\u00eancia dos detergentes l\u00edquidos.<\/p>\n<p>O detergente l\u00edquido Fairy Original \u00e9 de tal forma concentrado que s\u00f3 necessitar\u00e1 de uma gota.<\/p>\n<p><strong>Precau\u00e7\u00f5es: <\/strong>Provoca irrita\u00e7\u00e3o ocular grave. Nocivo para os organismos aqu\u00e1ticos com efeitos duradouros. Manter fora do alcance das crian\u00e7as. Se entrar em contacto com os olhos: enxaguar cuidadosamente com \u00e1gua durante v\u00e1rios minutos. Caso a irrita\u00e7\u00e3o ocular persista: consulte um m\u00e9dico. Eliminar o conte\u00fado\/recipiente no sistema de reciclagem apropriado.<\/p>\n<p>Veja mais em <a href=\"https:\/\/www.ateti.pt\/loja\/categoria\/higiene-e-limpeza\/limpeza\/\">Higiene e Limpeza<\/a><\/p>\n","protected":false},"excerpt":{"rendered":"<p>5.02\u20ac\/LT<\/p>\n","protected":false},"featured_media":57328,"comment_status":"closed","ping_status":"closed","template":"","meta":{"_themeisle_gutenberg_block_has_review":false},"product_brand":[],"product_cat":[209,190,204],"product_tag":[],"woo-feed-brand":[],"class_list":{"0":"post-14618","1":"product","2":"type-product","3":"status-publish","4":"has-post-thumbnail","6":"product_cat-cozinha","7":"product_cat-desinfetantes-e-limpeza","8":"product_cat-limpeza","9":"ts_product_brand-fairy","11":"first","12":"instock","13":"taxable","14":"shipping-taxable","15":"purchasable","16":"product-type-simple"},"_links":{"self":[{"href":"https:\/\/www.ateti.pt\/loja\/wp-json\/wp\/v2\/product\/14618","targetHints":{"allow":["GET"]}}],"collection":[{"href":"https:\/\/www.ateti.pt\/loja\/wp-json\/wp\/v2\/product"}],"about":[{"href":"https:\/\/www.ateti.pt\/loja\/wp-json\/wp\/v2\/types\/product"}],"replies":[{"embeddable":true,"href":"https:\/\/www.ateti.pt\/loja\/wp-json\/wp\/v2\/comments?post=14618"}],"wp:featuredmedia":[{"embeddable":true,"href":"https:\/\/www.ateti.pt\/loja\/wp-json\/wp\/v2\/media\/57328"}],"wp:attachment":[{"href":"https:\/\/www.ateti.pt\/loja\/wp-json\/wp\/v2\/media?parent=14618"}],"wp:term":[{"taxonomy":"product_brand","embeddable":true,"href":"https:\/\/www.ateti.pt\/loja\/wp-json\/wp\/v2\/product_brand?post=14618"},{"taxonomy":"product_cat","embeddable":true,"href":"https:\/\/www.ateti.pt\/loja\/wp-json\/wp\/v2\/product_cat?post=14618"},{"taxonomy":"product_tag","embeddable":true,"href":"https:\/\/www.ateti.pt\/loja\/wp-json\/wp\/v2\/product_tag?post=14618"},{"taxonomy":"woo-feed-brand","embeddable":true,"href":"https:\/\/www.ateti.pt\/loja\/wp-json\/wp\/v2\/woo-feed-brand?post=14618"}],"curies":[{"name":"wp","href":"https:\/\/api.w.org\/{rel}","templated":true}]}}