{"id":14616,"date":"2020-04-21T22:51:49","date_gmt":"2020-04-21T21:51:49","guid":{"rendered":"https:\/\/www.ateti.pt\/loja\/?post_type=product&#038;p=14616"},"modified":"2024-02-12T12:07:46","modified_gmt":"2024-02-12T12:07:46","slug":"detergente-loica-maca-super-pop-700ml","status":"publish","type":"product","link":"https:\/\/www.ateti.pt\/loja\/produto\/detergente-loica-maca-super-pop-700ml\/","title":{"rendered":"Detergente Loi\u00e7a Ma\u00e7\u00e3 Super Pop 700mL"},"content":{"rendered":"<h5>Detergente Loi\u00e7a Ma\u00e7\u00e3 Super Pop<\/h5>\n<p><strong>Quantidade:<\/strong> 700mL<\/p>\n<p>Com uma f\u00f3rmula especialmente desenvolvida para remover a gordura, Super Pop Ma\u00e7\u00e3 Verde, \u00e9 Super Eficaz a lavar a loi\u00e7a. Deixa-a impecavelmente limpa e brilhante.<\/p>\n<p><strong>Ingredientes:<\/strong><\/p>\n<p>Tensoactivos ani\u00f3nicos: igual ou superior a 5%, mas inferior a 15%; Tensoactivos n\u00e3o-i\u00f3nicos: inferior a 5%; Perfume; Conservante (2-metil-2H-isotiazole-3-ona and 1,2 Benzisotiazol-3(2H)-ona)<\/p>\n<p><b>Benef\u00edcios:<\/b><\/p>\n<p>\u2022 Eficaz na remo\u00e7\u00e3o de gordura;<\/p>\n<p>\u2022 Fragr\u00e2ncias frescas;<\/p>\n<p>\u2022 Ph neutro;<\/p>\n<p>\u2022 Mant\u00e9m as m\u00e3os suaves e cuidadas.<\/p>\n<p><b>Utiliza\u00e7\u00e3o:<\/b><\/p>\n<p>\u2022 Aplique o produto numa esponja molhada;<\/p>\n<p>\u2022 Deixe a esponja absorver por uns segundos;<\/p>\n<p>\u2022 Desfrute da efici\u00eancia do detergente Super Pop.<\/p>\n<p><strong>Precau\u00e7\u00f5es:\u00a0<\/strong><\/p>\n<p>Evitar contacto com os olhos, pois cria irrita\u00e7\u00e3o ocular. Enxaguar muito bem e cuidadosamente com \u00e1gua durante v\u00e1rios minutos. \u00c9 nocivo para organismos aqu\u00e1ticos com efeitos duradouros. Mantenha longe do alcance das crian\u00e7as. N\u00e3o ingerir<\/p>\n<p>Veja mais em <a href=\"https:\/\/www.ateti.pt\/loja\/categoria\/higiene-e-limpeza\/limpeza\/cozinha\/\">Cozinha<\/a><\/p>\n<p>&nbsp;<\/p>\n<p>&nbsp;<\/p>\n","protected":false},"excerpt":{"rendered":"<p>2.84\u20ac\/LT<\/p>\n","protected":false},"featured_media":57327,"comment_status":"closed","ping_status":"closed","template":"","meta":{"_themeisle_gutenberg_block_has_review":false},"product_brand":[],"product_cat":[209,190,204],"product_tag":[],"woo-feed-brand":[],"class_list":{"0":"post-14616","1":"product","2":"type-product","3":"status-publish","4":"has-post-thumbnail","6":"product_cat-cozinha","7":"product_cat-desinfetantes-e-limpeza","8":"product_cat-limpeza","9":"ts_product_brand-super-pop","11":"first","12":"instock","13":"taxable","14":"shipping-taxable","15":"purchasable","16":"product-type-simple"},"_links":{"self":[{"href":"https:\/\/www.ateti.pt\/loja\/wp-json\/wp\/v2\/product\/14616","targetHints":{"allow":["GET"]}}],"collection":[{"href":"https:\/\/www.ateti.pt\/loja\/wp-json\/wp\/v2\/product"}],"about":[{"href":"https:\/\/www.ateti.pt\/loja\/wp-json\/wp\/v2\/types\/product"}],"replies":[{"embeddable":true,"href":"https:\/\/www.ateti.pt\/loja\/wp-json\/wp\/v2\/comments?post=14616"}],"wp:featuredmedia":[{"embeddable":true,"href":"https:\/\/www.ateti.pt\/loja\/wp-json\/wp\/v2\/media\/57327"}],"wp:attachment":[{"href":"https:\/\/www.ateti.pt\/loja\/wp-json\/wp\/v2\/media?parent=14616"}],"wp:term":[{"taxonomy":"product_brand","embeddable":true,"href":"https:\/\/www.ateti.pt\/loja\/wp-json\/wp\/v2\/product_brand?post=14616"},{"taxonomy":"product_cat","embeddable":true,"href":"https:\/\/www.ateti.pt\/loja\/wp-json\/wp\/v2\/product_cat?post=14616"},{"taxonomy":"product_tag","embeddable":true,"href":"https:\/\/www.ateti.pt\/loja\/wp-json\/wp\/v2\/product_tag?post=14616"},{"taxonomy":"woo-feed-brand","embeddable":true,"href":"https:\/\/www.ateti.pt\/loja\/wp-json\/wp\/v2\/woo-feed-brand?post=14616"}],"curies":[{"name":"wp","href":"https:\/\/api.w.org\/{rel}","templated":true}]}}