{"id":14594,"date":"2020-06-17T16:24:24","date_gmt":"2020-06-17T15:24:24","guid":{"rendered":"https:\/\/www.ateti.pt\/loja\/?post_type=product&#038;p=14594"},"modified":"2026-02-16T15:51:01","modified_gmt":"2026-02-16T15:51:01","slug":"farinha-maizena-400gr","status":"publish","type":"product","link":"https:\/\/www.ateti.pt\/loja\/produto\/farinha-maizena-400gr\/","title":{"rendered":"Farinha 400g Maizena"},"content":{"rendered":"<h5>Farinha Maizena<\/h5>\n<p>Quantidade: 400g<\/p>\n<section>Maizena desde sempre foi utilizada para m\u00faltiplos fins: dar consist\u00eancia a sopas e cremes, cremosidade a molhos e pratos, consist\u00eancia e textura fina \u00e0s sobremesas, e at\u00e9 para confecionar papas.<\/section>\n<section>\n<h4 class=\"title\">O que \u00e9 o amido de milho?<\/h4>\n<p>O amido de milho \u00e9 um hidrato de carbono extra\u00eddo dos gr\u00e3os de milho. \u00c9 isento de gl\u00faten e n\u00e3o tem sabor nem cheiro. Apresenta-se como um p\u00f3 fino, suave e de cor branca.<\/p>\n<\/section>\n<section>\n<h4 class=\"title\">Quais as principais utiliza\u00e7\u00f5es?<\/h4>\n<p>Engrossar ou fazer molhos, sopas, leite-creme, pudins, papas para beb\u00e9 e bolos (no \u00faltimo exemplo, quando adicionado \u00e0 farinha de trigo).<\/p>\n<\/section>\n<section>\n<h4 class=\"title\">Quais os benef\u00edcios?<\/h4>\n<ol>\n<li>D\u00e1 uma consist\u00eancia aveludada a molhos e cremes, sem alterar o sabor dos alimentos;<\/li>\n<li>Dissolve-se facilmente em l\u00edquidos frios, uma vez que s\u00f3 absorve l\u00edquidos quando cozinhado;<\/li>\n<li>Tem a capacidade de engrossar molhos cerca de 2 vezes superior ao da farinha de trigo. A quantidade utilizada deve ser por isso cerca de metade da de farinha de trigo;<\/li>\n<li>Tem uma cozedura muito mais r\u00e1pida do que a farinha de trigo, levando cerca de 1 minuto a cozer em lume m\u00e9dio.<\/li>\n<\/ol>\n<p>Veja mais em <a href=\"https:\/\/www.ateti.pt\/loja\/categoria\/mercearia\/farinhaeacucares\/\">Farinhas e A\u00e7\u00facares<\/a><\/p>\n<\/section>\n","protected":false},"excerpt":{"rendered":"<p>4.87\u20ac\/KG<\/p>\n","protected":false},"featured_media":57249,"comment_status":"closed","ping_status":"closed","template":"","meta":{"_themeisle_gutenberg_block_has_review":false},"product_brand":[],"product_cat":[188,132],"product_tag":[],"woo-feed-brand":[],"class_list":{"0":"post-14594","1":"product","2":"type-product","3":"status-publish","4":"has-post-thumbnail","6":"product_cat-farinhaeacucares","7":"product_cat-mercearia","8":"ts_product_brand-maizena","10":"first","11":"instock","12":"taxable","13":"shipping-taxable","14":"purchasable","15":"product-type-simple"},"_links":{"self":[{"href":"https:\/\/www.ateti.pt\/loja\/wp-json\/wp\/v2\/product\/14594","targetHints":{"allow":["GET"]}}],"collection":[{"href":"https:\/\/www.ateti.pt\/loja\/wp-json\/wp\/v2\/product"}],"about":[{"href":"https:\/\/www.ateti.pt\/loja\/wp-json\/wp\/v2\/types\/product"}],"replies":[{"embeddable":true,"href":"https:\/\/www.ateti.pt\/loja\/wp-json\/wp\/v2\/comments?post=14594"}],"wp:featuredmedia":[{"embeddable":true,"href":"https:\/\/www.ateti.pt\/loja\/wp-json\/wp\/v2\/media\/57249"}],"wp:attachment":[{"href":"https:\/\/www.ateti.pt\/loja\/wp-json\/wp\/v2\/media?parent=14594"}],"wp:term":[{"taxonomy":"product_brand","embeddable":true,"href":"https:\/\/www.ateti.pt\/loja\/wp-json\/wp\/v2\/product_brand?post=14594"},{"taxonomy":"product_cat","embeddable":true,"href":"https:\/\/www.ateti.pt\/loja\/wp-json\/wp\/v2\/product_cat?post=14594"},{"taxonomy":"product_tag","embeddable":true,"href":"https:\/\/www.ateti.pt\/loja\/wp-json\/wp\/v2\/product_tag?post=14594"},{"taxonomy":"woo-feed-brand","embeddable":true,"href":"https:\/\/www.ateti.pt\/loja\/wp-json\/wp\/v2\/woo-feed-brand?post=14594"}],"curies":[{"name":"wp","href":"https:\/\/api.w.org\/{rel}","templated":true}]}}