{"id":14590,"date":"2020-04-21T16:14:11","date_gmt":"2020-04-21T15:14:11","guid":{"rendered":"https:\/\/www.ateti.pt\/loja\/?post_type=product&#038;p=14590"},"modified":"2026-01-23T20:33:15","modified_gmt":"2026-01-23T20:33:15","slug":"massa-pontinha-nacional-250gr","status":"publish","type":"product","link":"https:\/\/www.ateti.pt\/loja\/produto\/massa-pontinha-nacional-250gr\/","title":{"rendered":"Massa Pontinha Nacional 250g"},"content":{"rendered":"<p><strong>Massa Pontinha Nacional<\/strong><\/p>\n<p>Quantidade: 250g<\/p>\n<p>Massas aliment\u00edcias de qualidade superior. Ingredientes: S\u00eamola de trigo duro. Pode conter vest\u00edgios de ovo.<\/p>\n<p>Declara\u00e7\u00e3o Nutricional (por 100g): Energia:1506kj\/355kcal;L\u00edpidos: 1,8g; dos quais Saturados: 0,4g; Hidratos de Carbono: 71g; dos quais A\u00e7ucares: 5g; Fibra: 3,6g; Prote\u00ednas: 12g; Sal:0,03g.<\/p>\n<p>Sugest\u00e3o de receita<\/p>\n<h5>Bagos com Choco<\/h5>\n<p><strong>Ingredientes:<\/strong><\/p>\n<ul>\n<li>250 g de Massa Pontinha Nacional<\/li>\n<li>1 Kg de Chocos<\/li>\n<li>50 g de Bacon em juliana<\/li>\n<li>3 dentes de Alho<\/li>\n<li>100 g de Cebola em cubos<\/li>\n<li>300 g de Tomate em cubos<\/li>\n<li>50 g de Pimento vermelho pelado em cubos<\/li>\n<li>1 l de Caldo de marisco<\/li>\n<li>1 dl de Vinho branco<\/li>\n<li>0,5 dl de Azeite virgem extra<\/li>\n<li>1 folha de Louro<\/li>\n<li>Hortel\u00e3 em juliana q.b.<\/li>\n<li>Sal q.b.<\/li>\n<li>Pimenta de moinho q.b.<\/li>\n<\/ul>\n<p><strong>Prepara\u00e7\u00e3o:<\/strong><\/p>\n<p>Numa frigideira com azeite, coloque bacon, alho, cebola, louro e o tomate. Deixe alourar.<\/p>\n<p>Refresque com vinho branco.<\/p>\n<p>Junte os chocos em cubos e deixe estufar.<\/p>\n<p>Junte o caldo de marisco e deixe apurar.<\/p>\n<p>Depois, junte a massa e deixe cozinhar.<\/p>\n<p>No final, decore com hortel\u00e3.<\/p>\n<p>Bom apetite!<\/p>\n<p>Veja mais em <a href=\"https:\/\/www.ateti.pt\/loja\/categoria\/mercearia\/arrozemassas\/\">Arroz e Massas<\/a><\/p>\n","protected":false},"excerpt":{"rendered":"<p>2.96\u20ac\/KG<\/p>\n","protected":false},"featured_media":61196,"comment_status":"closed","ping_status":"closed","template":"","meta":{"_themeisle_gutenberg_block_has_review":false},"product_brand":[],"product_cat":[187,891,132],"product_tag":[],"woo-feed-brand":[],"class_list":{"0":"post-14590","1":"product","2":"type-product","3":"status-publish","4":"has-post-thumbnail","6":"product_cat-arrozemassas","7":"product_cat-iva-zero","8":"product_cat-mercearia","9":"ts_product_brand-nacional","11":"first","12":"instock","13":"taxable","14":"shipping-taxable","15":"purchasable","16":"product-type-simple"},"_links":{"self":[{"href":"https:\/\/www.ateti.pt\/loja\/wp-json\/wp\/v2\/product\/14590","targetHints":{"allow":["GET"]}}],"collection":[{"href":"https:\/\/www.ateti.pt\/loja\/wp-json\/wp\/v2\/product"}],"about":[{"href":"https:\/\/www.ateti.pt\/loja\/wp-json\/wp\/v2\/types\/product"}],"replies":[{"embeddable":true,"href":"https:\/\/www.ateti.pt\/loja\/wp-json\/wp\/v2\/comments?post=14590"}],"wp:featuredmedia":[{"embeddable":true,"href":"https:\/\/www.ateti.pt\/loja\/wp-json\/wp\/v2\/media\/61196"}],"wp:attachment":[{"href":"https:\/\/www.ateti.pt\/loja\/wp-json\/wp\/v2\/media?parent=14590"}],"wp:term":[{"taxonomy":"product_brand","embeddable":true,"href":"https:\/\/www.ateti.pt\/loja\/wp-json\/wp\/v2\/product_brand?post=14590"},{"taxonomy":"product_cat","embeddable":true,"href":"https:\/\/www.ateti.pt\/loja\/wp-json\/wp\/v2\/product_cat?post=14590"},{"taxonomy":"product_tag","embeddable":true,"href":"https:\/\/www.ateti.pt\/loja\/wp-json\/wp\/v2\/product_tag?post=14590"},{"taxonomy":"woo-feed-brand","embeddable":true,"href":"https:\/\/www.ateti.pt\/loja\/wp-json\/wp\/v2\/woo-feed-brand?post=14590"}],"curies":[{"name":"wp","href":"https:\/\/api.w.org\/{rel}","templated":true}]}}