{"id":14583,"date":"2020-04-21T16:02:09","date_gmt":"2020-04-21T15:02:09","guid":{"rendered":"https:\/\/www.ateti.pt\/loja\/?post_type=product&#038;p=14583"},"modified":"2024-06-19T11:55:56","modified_gmt":"2024-06-19T10:55:56","slug":"massa-esparguete-nacional-500gr","status":"publish","type":"product","link":"https:\/\/www.ateti.pt\/loja\/produto\/massa-esparguete-nacional-500gr\/","title":{"rendered":"Massa Esparguete 500g Nacional"},"content":{"rendered":"<p><strong>Massa Esparguete Nacional<\/strong><\/p>\n<p>Quantidade: 500g<\/p>\n<p>Massas aliment\u00edcias de qualidade superior.<\/p>\n<p><strong>Ingredientes:<\/strong> S\u00eamola de trigo duro (gl\u00faten). Pode conter vest\u00edgios de ovo.<\/p>\n<p><strong>Declara\u00e7\u00e3o Nutricional (por 100g):<\/strong> Energia: 1506kj\/355kcal; L\u00edpidos: 1,8g; dos quais Saturados: 0,4g; Hidratos de Carbono: 71g; dos quais A\u00e7ucares: 5g; Fibra: 3,6g; Prote\u00ednas: 12g; Sal: 0,03g.<\/p>\n<p>Sugest\u00e3o de receita<\/p>\n<h5>Esparguete com legumes<\/h5>\n<p><strong>Ingredientes:<\/strong><\/p>\n<p>400g de<a href=\"https:\/\/www.ateti.pt\/loja\/categoria\/mercearia\/arrozemassas\/\"> Massa Esparguete Nacional<\/a><\/p>\n<p>1 <a href=\"https:\/\/www.ateti.pt\/loja\/categoria\/frutas-e-legumes\/legumes-frescos\/\">cenoura<\/a><\/p>\n<p>1 <a href=\"https:\/\/www.ateti.pt\/loja\/categoria\/frutas-e-legumes\/legumes-frescos\/\">courgette<\/a><\/p>\n<p>1 <a href=\"https:\/\/www.ateti.pt\/loja\/categoria\/frutas-e-legumes\/legumes-frescos\/\">cebola<\/a><\/p>\n<p>1 <a href=\"https:\/\/www.ateti.pt\/loja\/categoria\/frutas-e-legumes\/legumes-frescos\/\">pimento vermelho<\/a><\/p>\n<p>12 tomates cereja<\/p>\n<p><a href=\"https:\/\/www.ateti.pt\/loja\/categoria\/frutas-e-legumes\/legumes-frescos\/\">Br\u00f3colos<\/a><\/p>\n<p><a href=\"https:\/\/www.ateti.pt\/loja\/categoria\/mercearia\/temperos-e-molhos\/\">Alho mo\u00eddo<\/a> q.b<\/p>\n<p><a href=\"https:\/\/www.ateti.pt\/loja\/categoria\/mercearia\/temperos-e-molhos\/\">Pimenta<\/a> q.b<\/p>\n<p><a href=\"https:\/\/www.ateti.pt\/loja\/categoria\/mercearia\/temperos-e-molhos\/\">Sal<\/a> q.b<\/p>\n<p>6 colheres de sopa de <a href=\"https:\/\/www.ateti.pt\/loja\/categoria\/mercearia\/temperos-e-molhos\/\">molho de soja<\/a><\/p>\n<p>2 colheres de sopa de <a href=\"https:\/\/www.ateti.pt\/loja\/categoria\/mercearia\/azeiteseoleos\/\">azeite<\/a><\/p>\n<p><strong>Prepara\u00e7\u00e3o:<\/strong><\/p>\n<p><strong>1.<\/strong>\u00a0Leve um tacho com \u00e1gua e sal ao lume. Quando come\u00e7ar a ferver, junte o esparguete e os br\u00f3colos. Coza a massa durante sete minutos, aproximadamente. Retire, escorra e reserve.<\/p>\n<p><strong>2.<\/strong>\u00a0Entretanto, corte os\u00a0vegetais em\u00a0pequenas tiras\u00a0ao estilo oriental, \u00e0 exce\u00e7\u00e3o do tomate e do manjeric\u00e3o. Salteie-os em azeite at\u00e9 ficarem al dente.<\/p>\n<p><strong>3.<\/strong>\u00a0De seguida, misture o alho e o esparguete. Tempere com a pimenta e envolva cuidadosamente. Adicione os br\u00f3colos e os tomates-cereja. Sirva a massa num prato e finalize com molho de soja e com as folhas de manjeric\u00e3o.<\/p>\n<p>Bom apetite!<\/p>\n<p>Veja mais em <a href=\"https:\/\/www.ateti.pt\/loja\/categoria\/mercearia\/arrozemassas\/\">Arroz e Massas<\/a><\/p>\n","protected":false},"excerpt":{"rendered":"<p>2.24\u20ac\/KG<\/p>\n","protected":false},"featured_media":57161,"comment_status":"closed","ping_status":"closed","template":"","meta":{"_themeisle_gutenberg_block_has_review":false},"product_brand":[],"product_cat":[187,891,132],"product_tag":[],"woo-feed-brand":[],"class_list":{"0":"post-14583","1":"product","2":"type-product","3":"status-publish","4":"has-post-thumbnail","6":"product_cat-arrozemassas","7":"product_cat-iva-zero","8":"product_cat-mercearia","9":"ts_product_brand-nacional","11":"first","12":"instock","13":"taxable","14":"shipping-taxable","15":"purchasable","16":"product-type-simple"},"_links":{"self":[{"href":"https:\/\/www.ateti.pt\/loja\/wp-json\/wp\/v2\/product\/14583","targetHints":{"allow":["GET"]}}],"collection":[{"href":"https:\/\/www.ateti.pt\/loja\/wp-json\/wp\/v2\/product"}],"about":[{"href":"https:\/\/www.ateti.pt\/loja\/wp-json\/wp\/v2\/types\/product"}],"replies":[{"embeddable":true,"href":"https:\/\/www.ateti.pt\/loja\/wp-json\/wp\/v2\/comments?post=14583"}],"wp:featuredmedia":[{"embeddable":true,"href":"https:\/\/www.ateti.pt\/loja\/wp-json\/wp\/v2\/media\/57161"}],"wp:attachment":[{"href":"https:\/\/www.ateti.pt\/loja\/wp-json\/wp\/v2\/media?parent=14583"}],"wp:term":[{"taxonomy":"product_brand","embeddable":true,"href":"https:\/\/www.ateti.pt\/loja\/wp-json\/wp\/v2\/product_brand?post=14583"},{"taxonomy":"product_cat","embeddable":true,"href":"https:\/\/www.ateti.pt\/loja\/wp-json\/wp\/v2\/product_cat?post=14583"},{"taxonomy":"product_tag","embeddable":true,"href":"https:\/\/www.ateti.pt\/loja\/wp-json\/wp\/v2\/product_tag?post=14583"},{"taxonomy":"woo-feed-brand","embeddable":true,"href":"https:\/\/www.ateti.pt\/loja\/wp-json\/wp\/v2\/woo-feed-brand?post=14583"}],"curies":[{"name":"wp","href":"https:\/\/api.w.org\/{rel}","templated":true}]}}