{"id":14539,"date":"2025-12-07T10:00:21","date_gmt":"2025-12-07T10:00:21","guid":{"rendered":"https:\/\/www.ateti.pt\/loja\/?post_type=product&#038;p=14539"},"modified":"2026-02-04T16:26:11","modified_gmt":"2026-02-04T16:26:11","slug":"massa-estrelinha-milaneza-250gr","status":"publish","type":"product","link":"https:\/\/www.ateti.pt\/loja\/produto\/massa-estrelinha-milaneza-250gr\/","title":{"rendered":"Massa Estrelinha Milaneza 250g (28-02-2026)"},"content":{"rendered":"<p><strong>Massa Estrelinha Milaneza<\/strong><\/p>\n<p>Quantidade: 250g<\/p>\n<p>Massas aliment\u00edcias de qualidade superior.<\/p>\n<p><strong> Ingredientes:<\/strong> S\u00eamola de trigo duro. Pode conter vest\u00edgios de ovo.<\/p>\n<p><strong>Declara\u00e7\u00e3o Nutricional (por 100g):<\/strong> Energia: 1501kj\/354kcal; L\u00edpidos: 1,8g; dos quais Saturados: 0,4g; Hidratos de Carbono: 71g; dos quais A\u00e7ucares: 5g; Fibra: 2,9g; Prote\u00ednas: 12g; Sal: 0,025g.<\/p>\n<p>Sugest\u00e3o de receita<\/p>\n<h5>Canja de Galinha<\/h5>\n<p><strong>Ingredientes:<\/strong><\/p>\n<p>50 g Massa Estrelinha Milaneza<\/p>\n<p>500 g frango partido aos peda\u00e7os (\u00bd frango)<\/p>\n<p>100 g cebola cortada em quartos<\/p>\n<p>1 cubo de caldo de galinha<\/p>\n<p>1 c. ch\u00e1 sal<\/p>\n<p>1,2 L \u00e1gua<\/p>\n<p><strong>Prepara\u00e7\u00e3o:<\/strong><\/p>\n<p>1-Coloque numa panela o frango, a cebola, o sal, o caldo de galinha e a \u00e1gua e coza durante 30 minutos.<\/p>\n<p>2-Retire o frango e desfie.<\/p>\n<p>3-Adicione a massa e coza durante o tempo indicado na embalagem.<\/p>\n<p>4-Adicione o frango desfiado e sirva.<\/p>\n<p>Bom apetite!<\/p>\n<p>Veja mais em <a href=\"https:\/\/www.ateti.pt\/loja\/categoria\/mercearia\/arrozemassas\/\">Arroz e Massas<\/a><\/p>\n","protected":false},"excerpt":{"rendered":"<p>2.84\u20ac\/KG<\/p>\n","protected":false},"featured_media":57151,"comment_status":"closed","ping_status":"closed","template":"","meta":{"_themeisle_gutenberg_block_has_review":false},"product_brand":[],"product_cat":[187,891,132,265],"product_tag":[],"woo-feed-brand":[],"class_list":{"0":"post-14539","1":"product","2":"type-product","3":"status-publish","4":"has-post-thumbnail","6":"product_cat-arrozemassas","7":"product_cat-iva-zero","8":"product_cat-mercearia","9":"product_cat-promocoes-outlet-ate-50-desconto-supermercado-online-ate-ti","10":"ts_product_brand-milaneza","12":"first","13":"outofstock","14":"sale","15":"taxable","16":"shipping-taxable","17":"purchasable","18":"product-type-simple"},"_links":{"self":[{"href":"https:\/\/www.ateti.pt\/loja\/wp-json\/wp\/v2\/product\/14539","targetHints":{"allow":["GET"]}}],"collection":[{"href":"https:\/\/www.ateti.pt\/loja\/wp-json\/wp\/v2\/product"}],"about":[{"href":"https:\/\/www.ateti.pt\/loja\/wp-json\/wp\/v2\/types\/product"}],"replies":[{"embeddable":true,"href":"https:\/\/www.ateti.pt\/loja\/wp-json\/wp\/v2\/comments?post=14539"}],"wp:featuredmedia":[{"embeddable":true,"href":"https:\/\/www.ateti.pt\/loja\/wp-json\/wp\/v2\/media\/57151"}],"wp:attachment":[{"href":"https:\/\/www.ateti.pt\/loja\/wp-json\/wp\/v2\/media?parent=14539"}],"wp:term":[{"taxonomy":"product_brand","embeddable":true,"href":"https:\/\/www.ateti.pt\/loja\/wp-json\/wp\/v2\/product_brand?post=14539"},{"taxonomy":"product_cat","embeddable":true,"href":"https:\/\/www.ateti.pt\/loja\/wp-json\/wp\/v2\/product_cat?post=14539"},{"taxonomy":"product_tag","embeddable":true,"href":"https:\/\/www.ateti.pt\/loja\/wp-json\/wp\/v2\/product_tag?post=14539"},{"taxonomy":"woo-feed-brand","embeddable":true,"href":"https:\/\/www.ateti.pt\/loja\/wp-json\/wp\/v2\/woo-feed-brand?post=14539"}],"curies":[{"name":"wp","href":"https:\/\/api.w.org\/{rel}","templated":true}]}}