{"id":14522,"date":"2020-04-21T09:02:36","date_gmt":"2020-04-21T08:02:36","guid":{"rendered":"https:\/\/www.ateti.pt\/loja\/?post_type=product&#038;p=14522"},"modified":"2026-01-19T12:54:55","modified_gmt":"2026-01-19T12:54:55","slug":"batata-rustica-pre-frita-2-5kg-davigel","status":"publish","type":"product","link":"https:\/\/www.ateti.pt\/loja\/produto\/batata-rustica-pre-frita-2-5kg-davigel\/","title":{"rendered":"Batata R\u00fastica Pr\u00e9-Frita Saco 2.5kg Davigel"},"content":{"rendered":"<h1>Batata R\u00fastica Pr\u00e9-Frita 2.5kg Davigel<\/h1>\n<p>Batata com casca, condimentada com paprica, pre\u0301-cozida.<\/p>\n<p>Como confecionar:<br \/>\nForno \u2013 200\u00baC \u2013 15 a 20 min<br \/>\nFritadeira \u2013 175\u00baC \u2013 3:15 a 3:30 min<\/p>\n<p>Quantidade: 2.5Kg<\/p>\n<p>Veja mais em <a href=\"https:\/\/www.ateti.pt\/loja\/categoria\/congelados\/legumes\/\">Legumes Congelados<\/a><\/p>\n","protected":false},"excerpt":{"rendered":"<p>4.40\u20ac\/KG<\/p>\n","protected":false},"featured_media":60617,"comment_status":"closed","ping_status":"closed","template":"","meta":{"_themeisle_gutenberg_block_has_review":false},"product_brand":[],"product_cat":[177,184],"product_tag":[],"woo-feed-brand":[],"class_list":{"0":"post-14522","1":"product","2":"type-product","3":"status-publish","4":"has-post-thumbnail","6":"product_cat-congelados","7":"product_cat-legumes","8":"ts_product_brand-davigel","10":"first","11":"instock","12":"taxable","13":"shipping-taxable","14":"purchasable","15":"product-type-simple"},"_links":{"self":[{"href":"https:\/\/www.ateti.pt\/loja\/wp-json\/wp\/v2\/product\/14522","targetHints":{"allow":["GET"]}}],"collection":[{"href":"https:\/\/www.ateti.pt\/loja\/wp-json\/wp\/v2\/product"}],"about":[{"href":"https:\/\/www.ateti.pt\/loja\/wp-json\/wp\/v2\/types\/product"}],"replies":[{"embeddable":true,"href":"https:\/\/www.ateti.pt\/loja\/wp-json\/wp\/v2\/comments?post=14522"}],"wp:featuredmedia":[{"embeddable":true,"href":"https:\/\/www.ateti.pt\/loja\/wp-json\/wp\/v2\/media\/60617"}],"wp:attachment":[{"href":"https:\/\/www.ateti.pt\/loja\/wp-json\/wp\/v2\/media?parent=14522"}],"wp:term":[{"taxonomy":"product_brand","embeddable":true,"href":"https:\/\/www.ateti.pt\/loja\/wp-json\/wp\/v2\/product_brand?post=14522"},{"taxonomy":"product_cat","embeddable":true,"href":"https:\/\/www.ateti.pt\/loja\/wp-json\/wp\/v2\/product_cat?post=14522"},{"taxonomy":"product_tag","embeddable":true,"href":"https:\/\/www.ateti.pt\/loja\/wp-json\/wp\/v2\/product_tag?post=14522"},{"taxonomy":"woo-feed-brand","embeddable":true,"href":"https:\/\/www.ateti.pt\/loja\/wp-json\/wp\/v2\/woo-feed-brand?post=14522"}],"curies":[{"name":"wp","href":"https:\/\/api.w.org\/{rel}","templated":true}]}}