{"id":14495,"date":"2020-04-20T15:54:34","date_gmt":"2020-04-20T15:54:34","guid":{"rendered":"https:\/\/www.ateti.pt\/loja\/?post_type=product&#038;p=14495"},"modified":"2026-01-19T13:07:30","modified_gmt":"2026-01-19T13:07:30","slug":"alho-frances-congelado-2-5kg-ardo","status":"publish","type":"product","link":"https:\/\/www.ateti.pt\/loja\/produto\/alho-frances-congelado-2-5kg-ardo\/","title":{"rendered":"Alho Franc\u00eas Congelado Saco 2.5kg Frip"},"content":{"rendered":"<h5>Alho Franc\u00eas Congelado Ardo<\/h5>\n<p>Alho Franc\u00eas Congelado Ardo limpo, cortado, calibrado e escaldado, pronto a utilizar nas suas prepara\u00e7\u00f5es.<\/p>\n<p><strong>Quantidade:<\/strong> 2.5Kg<\/p>\n<p>Prepara\u00e7\u00e3o: Aque\u00e7a 1-2 colheres de sopa de \u00f3leo vegetal numa frigideira. Coloque a quantidade de produto desejada na frigideira e deixe cozinhar em lume m\u00e9dio, mexendo bem.<\/p>\n<p>Deitar o conte\u00fado, sem descongelar em \u00e1gua a ferver e preparar como legumes frescos.<\/p>\n<p>Colocar a quantidade de produto desejada num recipiente pr\u00f3prio para micro-ondas e deixar cozer, mexer a meio do tempo de cozedura.<\/p>\n<p>Valores Nutricionais (por 100g): Energia: 111kJ\/27Kcal; L\u00edpidos: 0,5g, dos quais saturados: 0,1g; Hidratos de carbono: 2,8g, dos quais a\u00e7\u00facares: 2,2g; Fibra: 2,2g; Prote\u00ednas: 1,6g; Sal: 0,01g<\/p>\n<h4>Como preparar alho franc\u00eas<\/h4>\n<p>Sugest\u00e3o de receita<\/p>\n<p><strong>Ingredientes:<\/strong><\/p>\n<div>Azeite q.b.<\/div>\n<div>1 cebola<\/div>\n<div>2 dentes de alho<\/div>\n<div>250g alho-franc\u00eas<\/div>\n<div>3 latas de atum<\/div>\n<div>200g batata palha<\/div>\n<div>5 ovos<\/div>\n<div>Salsa q.b.<\/div>\n<div>Azeitonas q.b.<\/div>\n<div>Pimenta q.b.<\/div>\n<div><\/div>\n<div><strong>Prepara\u00e7\u00e3o:<\/strong><\/div>\n<div>\n<div>&#8211; Corte as cebolas em meias-luas, pique os alhos, corte as azeitonas e o alho-franc\u00eas em rodelas. Pique a salsa. Reserve.<\/div>\n<div>&#8211; Num tacho ou wok, deite o azeite e adicione as cebolas, alhos, azeitonas alho-franc\u00eas, deixe refogar durante alguns minutos at\u00e9 que os legumes fiquem macios.<\/div>\n<div>&#8211; Tempere com sal e pimenta.<\/div>\n<div>\n<div>&#8211; Numa ta\u00e7a \u00e0 parte, bata os ovos e adicione a salsa picada.<\/div>\n<div>&#8211; Adicione ao tacho o atum e a batata palha e envolva.<\/div>\n<div>&#8211; Junte os ovos batidos com a salsa e envolva at\u00e9 que estejam cozinhados.<\/div>\n<div>&#8211; Sirva decorado com azeitonas.<\/div>\n<\/div>\n<\/div>\n<div><\/div>\n<div>Bom apetite!<\/div>\n<p>Veja mais em <a href=\"https:\/\/www.ateti.pt\/loja\/categoria\/congelados\/legumes\/\">Legumes Congelados<\/a><\/p>\n","protected":false},"excerpt":{"rendered":"<p>1.99\u20ac\/KG<\/p>\n","protected":false},"featured_media":59339,"comment_status":"closed","ping_status":"closed","template":"","meta":{"_themeisle_gutenberg_block_has_review":false},"product_brand":[],"product_cat":[177,184],"product_tag":[],"woo-feed-brand":[],"class_list":{"0":"post-14495","1":"product","2":"type-product","3":"status-publish","4":"has-post-thumbnail","6":"product_cat-congelados","7":"product_cat-legumes","8":"ts_product_brand-ardo","10":"first","11":"instock","12":"taxable","13":"shipping-taxable","14":"purchasable","15":"product-type-simple"},"_links":{"self":[{"href":"https:\/\/www.ateti.pt\/loja\/wp-json\/wp\/v2\/product\/14495","targetHints":{"allow":["GET"]}}],"collection":[{"href":"https:\/\/www.ateti.pt\/loja\/wp-json\/wp\/v2\/product"}],"about":[{"href":"https:\/\/www.ateti.pt\/loja\/wp-json\/wp\/v2\/types\/product"}],"replies":[{"embeddable":true,"href":"https:\/\/www.ateti.pt\/loja\/wp-json\/wp\/v2\/comments?post=14495"}],"wp:featuredmedia":[{"embeddable":true,"href":"https:\/\/www.ateti.pt\/loja\/wp-json\/wp\/v2\/media\/59339"}],"wp:attachment":[{"href":"https:\/\/www.ateti.pt\/loja\/wp-json\/wp\/v2\/media?parent=14495"}],"wp:term":[{"taxonomy":"product_brand","embeddable":true,"href":"https:\/\/www.ateti.pt\/loja\/wp-json\/wp\/v2\/product_brand?post=14495"},{"taxonomy":"product_cat","embeddable":true,"href":"https:\/\/www.ateti.pt\/loja\/wp-json\/wp\/v2\/product_cat?post=14495"},{"taxonomy":"product_tag","embeddable":true,"href":"https:\/\/www.ateti.pt\/loja\/wp-json\/wp\/v2\/product_tag?post=14495"},{"taxonomy":"woo-feed-brand","embeddable":true,"href":"https:\/\/www.ateti.pt\/loja\/wp-json\/wp\/v2\/woo-feed-brand?post=14495"}],"curies":[{"name":"wp","href":"https:\/\/api.w.org\/{rel}","templated":true}]}}