{"id":14308,"date":"2020-04-09T11:24:04","date_gmt":"2020-04-09T10:24:04","guid":{"rendered":"https:\/\/www.ateti.pt\/loja\/?post_type=product&#038;p=14308"},"modified":"2024-04-03T11:25:53","modified_gmt":"2024-04-03T11:25:53","slug":"massa-esparguete-milaneza-500g","status":"publish","type":"product","link":"https:\/\/www.ateti.pt\/loja\/produto\/massa-esparguete-milaneza-500g\/","title":{"rendered":"Massa Esparguete Milaneza 500g"},"content":{"rendered":"<p><strong>Massa Esparguete Milaneza<\/strong><\/p>\n<p>Quantidade: 500g<\/p>\n<p>A mais conhecida das massas \u00e9 apreciada com tudo: marisco<strong>,<\/strong>\u00a0cogumelos, carnes\u2026 dando origem a pratos mais simples at\u00e9 aos mais complexos sem nunca deixar de nos surpreender. Os molhos \u00e0 base de azeite, tomate e natas permitem saborosos pratos de simples confe\u00e7\u00e3o.<\/p>\n<p>As massas Milaneza s\u00e3o adoradas por toda a gente.<br \/>\nA Milaneza \u00e9 a massa n\u00ba 1 em Portugal.<br \/>\nAs raz\u00f5es deste sucesso s\u00e3o simples: uma rigorosa sele\u00e7\u00e3o dos melhores trigos duros e uma moderna tecnologia de fabrico, o que origina uma massa extremamente saborosa que agrada a todos.<\/p>\n<h5>TEMPO DE COZEDURA:<\/h5>\n<p><strong>Al dente:<\/strong>\u00a07 minutos<\/p>\n<p><strong>Suave:<\/strong>\u00a09 minutos<\/p>\n<table border=\"0\" width=\"100%\" cellspacing=\"0\" cellpadding=\"0\">\n<tbody>\n<tr>\n<td>\n<table border=\"0\" width=\"100%\" cellspacing=\"0\" cellpadding=\"0\">\n<tbody>\n<tr>\n<th align=\"left\" width=\"44%\"><span style=\"vertical-align: inherit\"><span style=\"vertical-align: inherit\">DECLARA\u00c7\u00c3O NUTRICIONAL-VALORES M\u00cdDIA <\/span><\/span><br \/>\n<span style=\"vertical-align: inherit\"><span style=\"vertical-align: inherit\">DECLARA\u00c7\u00c3O NUTRICIONAL-NUTRI\u00c7\u00c3O VALORES M\u00c9DIOS DECLARA\u00c7\u00c3O NUTRICIONAL-VALORES NUTRICIONAIS <\/span><\/span><br \/>\n<span style=\"vertical-align: inherit\"><span style=\"vertical-align: inherit\">M\u00c9DIOS<\/span><\/span><\/th>\n<th width=\"22%\">POR\/ PER\/ POUR<br \/>\n100G<\/th>\n<th width=\"22%\"><span style=\"vertical-align: inherit\"><span style=\"vertical-align: inherit\">%DR* <\/span><\/span><br \/>\n<span style=\"vertical-align: inherit\"><span style=\"vertical-align: inherit\">%RI* <\/span><\/span><br \/>\n<span style=\"vertical-align: inherit\"><span style=\"vertical-align: inherit\">%AR*<\/span><\/span><\/th>\n<\/tr>\n<\/tbody>\n<\/table>\n<\/td>\n<\/tr>\n<tr>\n<td>\n<table id=\"main\" width=\"100%\" cellspacing=\"0\" cellpadding=\"0\">\n<tbody>\n<tr>\n<td valign=\"top\" height=\"30\">\n<table border=\"0\" width=\"100%\" cellspacing=\"0\" cellpadding=\"0\">\n<tbody>\n<tr>\n<td width=\"43%\" height=\"18\">Energia\/ Energy\/ \u00c9nergie<\/td>\n<td align=\"center\" width=\"22%\" height=\"18\"><span style=\"vertical-align: inherit\"><span style=\"vertical-align: inherit\">1501 Kj \/ 354 Kcal<\/span><\/span><\/td>\n<td align=\"center\" width=\"22%\" height=\"18\">18%<\/td>\n<\/tr>\n<\/tbody>\n<\/table>\n<\/td>\n<\/tr>\n<tr>\n<td bgcolor=\"#f6f6f6\" height=\"40\">\n<table border=\"0\" width=\"100%\" cellspacing=\"0\" cellpadding=\"0\">\n<tbody>\n<tr>\n<td width=\"43%\">\n<table border=\"0\" width=\"100%\" cellspacing=\"0\" cellpadding=\"0\">\n<tbody>\n<tr>\n<td>L\u00edpidos\/ Fat\/ Graisses<\/td>\n<\/tr>\n<tr>\n<td>dos quais \u00e1cidos gordos saturados\/ of which saturates\/ dont acides gras satur\u00e9s<\/td>\n<\/tr>\n<\/tbody>\n<\/table>\n<\/td>\n<td width=\"22%\">\n<table border=\"0\" width=\"100%\" cellspacing=\"0\" cellpadding=\"0\">\n<tbody>\n<tr>\n<td align=\"center\" height=\"20\"><span style=\"vertical-align: inherit\"><span style=\"vertical-align: inherit\">1,8g<\/span><\/span><\/td>\n<\/tr>\n<tr>\n<td align=\"center\"><span style=\"vertical-align: inherit\"><span style=\"vertical-align: inherit\">0,4 g<\/span><\/span><\/td>\n<\/tr>\n<\/tbody>\n<\/table>\n<\/td>\n<td align=\"center\" width=\"22%\">\n<table border=\"0\" width=\"100%\" cellspacing=\"0\" cellpadding=\"0\">\n<tbody>\n<tr>\n<td align=\"center\" height=\"20\">3%<\/td>\n<\/tr>\n<tr>\n<td align=\"center\">2%<\/td>\n<\/tr>\n<\/tbody>\n<\/table>\n<\/td>\n<\/tr>\n<\/tbody>\n<\/table>\n<\/td>\n<\/tr>\n<tr>\n<td height=\"50\">\n<table border=\"0\" width=\"100%\" cellspacing=\"0\" cellpadding=\"0\">\n<tbody>\n<tr>\n<td width=\"43%\">\n<table border=\"0\" width=\"100%\" cellspacing=\"0\" cellpadding=\"0\">\n<tbody>\n<tr>\n<td>Hidratos de Carbono\/ Carbohydrate\/ Glucides<\/td>\n<\/tr>\n<tr>\n<td>dos quais a\u00e7\u00facares\/ of which sugars\/ dont sucres<\/td>\n<\/tr>\n<\/tbody>\n<\/table>\n<\/td>\n<td width=\"22%\">\n<table border=\"0\" width=\"100%\" cellspacing=\"0\" cellpadding=\"0\">\n<tbody>\n<tr>\n<td align=\"center\"><span style=\"vertical-align: inherit\"><span style=\"vertical-align: inherit\">71 g<\/span><\/span><\/td>\n<\/tr>\n<tr>\n<td align=\"center\"><span style=\"vertical-align: inherit\"><span style=\"vertical-align: inherit\">5,0 g<\/span><\/span><\/td>\n<\/tr>\n<\/tbody>\n<\/table>\n<\/td>\n<td width=\"22%\">\n<table border=\"0\" width=\"100%\" cellspacing=\"0\" cellpadding=\"0\">\n<tbody>\n<tr>\n<td align=\"center\">27%<\/td>\n<\/tr>\n<tr>\n<td align=\"center\">6%<\/td>\n<\/tr>\n<\/tbody>\n<\/table>\n<\/td>\n<\/tr>\n<\/tbody>\n<\/table>\n<\/td>\n<\/tr>\n<tr>\n<td bgcolor=\"#f6f6f6\">\n<table border=\"0\" width=\"100%\" cellspacing=\"0\" cellpadding=\"0\">\n<tbody>\n<tr>\n<td width=\"43%\"><span style=\"vertical-align: inherit\"><span style=\"vertical-align: inherit\">Fibra\/ Fibra\/ Fibra Alimentar<\/span><\/span><\/td>\n<td align=\"center\" width=\"22%\"><span style=\"vertical-align: inherit\"><span style=\"vertical-align: inherit\">2,9 g<\/span><\/span><\/td>\n<td align=\"center\" width=\"22%\">&#8212;<\/td>\n<\/tr>\n<\/tbody>\n<\/table>\n<\/td>\n<\/tr>\n<tr>\n<td>\n<table border=\"0\" width=\"100%\" cellspacing=\"0\" cellpadding=\"0\">\n<tbody>\n<tr>\n<td width=\"43%\">Prote\u00ednas\/ Protein\/ Prot\u00e9ines<\/td>\n<td align=\"center\" width=\"22%\"><span style=\"vertical-align: inherit\"><span style=\"vertical-align: inherit\">12 g<\/span><\/span><\/td>\n<td align=\"center\" width=\"22%\">24%<\/td>\n<\/tr>\n<\/tbody>\n<\/table>\n<\/td>\n<\/tr>\n<tr>\n<td bgcolor=\"#f6f6f6\">\n<table border=\"0\" width=\"100%\" cellspacing=\"0\" cellpadding=\"0\">\n<tbody>\n<tr>\n<td width=\"43%\"><span style=\"vertical-align: inherit\"><span style=\"vertical-align: inherit\">Sal\/ Sal\/ Sal<\/span><\/span><\/td>\n<td align=\"center\" width=\"22%\"><span style=\"vertical-align: inherit\"><span style=\"vertical-align: inherit\">0,025 g<\/span><\/span><\/td>\n<td align=\"center\" width=\"22%\">0.40%<\/td>\n<\/tr>\n<\/tbody>\n<\/table>\n<\/td>\n<\/tr>\n<\/tbody>\n<\/table>\n<\/td>\n<\/tr>\n<\/tbody>\n<\/table>\n<p>Sugest\u00e3o de receita<\/p>\n<h5>Esparguete \u00e1 carbonara<\/h5>\n<p><strong>Ingredientes:<\/strong><\/p>\n<ul>\n<li>400 g <strong>Massa Esparguete Milaneza<\/strong><\/li>\n<li>50 g manteiga<\/li>\n<li>1 c. sopa de azeite<\/li>\n<li>125 g Bacon cortado em cubos<\/li>\n<li>4 Ovos<\/li>\n<li>2 c. sopa de nata l\u00edquida<\/li>\n<li>1 c. sopa de queijo parmes\u00e3o ralado<\/li>\n<li>1 c. sopa de queijo curado ralado<\/li>\n<li>Sal e pimenta q.b.<\/li>\n<\/ul>\n<p><strong>Prepara\u00e7\u00e3o:<\/strong><\/p>\n<p>Cozer a massa.<\/p>\n<p>Alourar numa frigideira com azeite e manteiga o bacon.<\/p>\n<p>Bater os ovos numa tigela e juntar uma pitada de sal e pimenta, as natas e o queijo.<\/p>\n<p>Escorrer a massa e deitar numa terrina juntamente com os ovos e misturar energicamente.<\/p>\n<p>Regar com o bacon e o molho bem quente e servir de imediato<\/p>\n<p>Bom apetite!<\/p>\n<p>Veja mais em <a href=\"https:\/\/www.ateti.pt\/loja\/categoria\/mercearia\/arrozemassas\/\">Arroz e Massas<\/a><\/p>\n","protected":false},"excerpt":{"rendered":"<p><span style=\"vertical-align: inherit\"><span style=\"vertical-align: inherit\">2,38\u20ac\/kg<\/span><\/span><\/p>\n","protected":false},"featured_media":62986,"comment_status":"closed","ping_status":"closed","template":"","meta":{"_themeisle_gutenberg_block_has_review":false},"product_brand":[],"product_cat":[187,891,132],"product_tag":[],"woo-feed-brand":[],"class_list":{"0":"post-14308","1":"product","2":"type-product","3":"status-publish","4":"has-post-thumbnail","6":"product_cat-arrozemassas","7":"product_cat-iva-zero","8":"product_cat-mercearia","9":"ts_product_brand-milaneza","11":"first","12":"instock","13":"taxable","14":"shipping-taxable","15":"purchasable","16":"product-type-simple"},"_links":{"self":[{"href":"https:\/\/www.ateti.pt\/loja\/wp-json\/wp\/v2\/product\/14308","targetHints":{"allow":["GET"]}}],"collection":[{"href":"https:\/\/www.ateti.pt\/loja\/wp-json\/wp\/v2\/product"}],"about":[{"href":"https:\/\/www.ateti.pt\/loja\/wp-json\/wp\/v2\/types\/product"}],"replies":[{"embeddable":true,"href":"https:\/\/www.ateti.pt\/loja\/wp-json\/wp\/v2\/comments?post=14308"}],"wp:featuredmedia":[{"embeddable":true,"href":"https:\/\/www.ateti.pt\/loja\/wp-json\/wp\/v2\/media\/62986"}],"wp:attachment":[{"href":"https:\/\/www.ateti.pt\/loja\/wp-json\/wp\/v2\/media?parent=14308"}],"wp:term":[{"taxonomy":"product_brand","embeddable":true,"href":"https:\/\/www.ateti.pt\/loja\/wp-json\/wp\/v2\/product_brand?post=14308"},{"taxonomy":"product_cat","embeddable":true,"href":"https:\/\/www.ateti.pt\/loja\/wp-json\/wp\/v2\/product_cat?post=14308"},{"taxonomy":"product_tag","embeddable":true,"href":"https:\/\/www.ateti.pt\/loja\/wp-json\/wp\/v2\/product_tag?post=14308"},{"taxonomy":"woo-feed-brand","embeddable":true,"href":"https:\/\/www.ateti.pt\/loja\/wp-json\/wp\/v2\/woo-feed-brand?post=14308"}],"curies":[{"name":"wp","href":"https:\/\/api.w.org\/{rel}","templated":true}]}}