{"id":14286,"date":"2020-04-06T10:07:09","date_gmt":"2020-04-06T09:07:09","guid":{"rendered":"https:\/\/www.ateti.pt\/loja\/?post_type=product&#038;p=14286"},"modified":"2026-02-07T09:09:33","modified_gmt":"2026-02-07T09:09:33","slug":"sal-fino-250gr-vatel","status":"publish","type":"product","link":"https:\/\/www.ateti.pt\/loja\/produto\/sal-fino-250gr-vatel\/","title":{"rendered":"Sal Fino 250g Vatel"},"content":{"rendered":"<h5>Sal Fino Vatel<\/h5>\n<p>Sabia que&#8230;<\/p>\n<p>O sal sempre acompanhou o desenvolvimento da humanidade e durante muitos anos foi considerado como um precioso bem que ajudou a conservar os alimentos, sendo inclusivamente referenciado como o \u201couro branco\u201d.<\/p>\n<p>Sugest\u00e3o de receita<\/p>\n<h5>Coscor\u00f5es<\/h5>\n<p><strong>Ingredientes:<\/strong><\/p>\n<p>500g Farinha com fermento<\/p>\n<p>3 Ovos<\/p>\n<p>1 Sumo e raspa de laranja<\/p>\n<p>60 g Manteiga Derretida<\/p>\n<p>50 g A\u00e7\u00facar<\/p>\n<p>1 C\u00e1lice de \u00e1gua ardente<\/p>\n<p>Sal Fino Vatel q.b<\/p>\n<p>1 c\/caf\u00e9\u00a0Bicarbonato Alimentar Vatel<\/p>\n<p>A\u00e7\u00facar e canela q.b<\/p>\n<p>\u00d3leo para fritar q.b<\/p>\n<p><strong>Prepara\u00e7\u00e3o:<\/strong><\/p>\n<p>Colocar a farinha numa tigela e fazer uma cova no meio.<\/p>\n<p>Acrescentar os ingredientes, ovos, manteiga derretida, a\u00e7\u00facar, \u00e1gua ardente, sumo e raspa de laranja, Sal Marinho Tradicional Vatel\u00a0e o\u00a0Bicarbonato de S\u00f3dio\u00a0e misturar todos muito bem.<\/p>\n<p>Depois, verter para uma mesa o preparado e amassar muito bem com as m\u00e3os.<\/p>\n<p>Colocar de novo na tigela, tapar com pel\u00edcula e deixar a levedar perto do fog\u00e3o durante 1 hora.<\/p>\n<p>No fim desse tempo levar o \u00f3leo aquecer numa frigideira larga.<\/p>\n<p>Estender bocados de massa muito fina, cortar em tiras com a largura de 3 dedos e levar a fritar no \u00f3leo quente.<\/p>\n<p>No fim, passar pela mistura de a\u00e7\u00facar e canela.<\/p>\n<p>Bom apetite!<\/p>\n<p>Veja mais em<a href=\"https:\/\/www.ateti.pt\/loja\/categoria\/mercearia\/temperos-e-molhos\/\"> Temperos e Molhos<\/a><\/p>\n<p>Quantidade: 250g<\/p>\n","protected":false},"excerpt":{"rendered":"<p>2.76\u20ac\/kg<\/p>\n","protected":false},"featured_media":57129,"comment_status":"closed","ping_status":"closed","template":"","meta":{"_themeisle_gutenberg_block_has_review":false},"product_brand":[],"product_cat":[132,174],"product_tag":[],"woo-feed-brand":[],"class_list":{"0":"post-14286","1":"product","2":"type-product","3":"status-publish","4":"has-post-thumbnail","6":"product_cat-mercearia","7":"product_cat-temperos-e-molhos","8":"ts_product_brand-vatel","10":"first","11":"instock","12":"taxable","13":"shipping-taxable","14":"purchasable","15":"product-type-simple"},"_links":{"self":[{"href":"https:\/\/www.ateti.pt\/loja\/wp-json\/wp\/v2\/product\/14286","targetHints":{"allow":["GET"]}}],"collection":[{"href":"https:\/\/www.ateti.pt\/loja\/wp-json\/wp\/v2\/product"}],"about":[{"href":"https:\/\/www.ateti.pt\/loja\/wp-json\/wp\/v2\/types\/product"}],"replies":[{"embeddable":true,"href":"https:\/\/www.ateti.pt\/loja\/wp-json\/wp\/v2\/comments?post=14286"}],"wp:featuredmedia":[{"embeddable":true,"href":"https:\/\/www.ateti.pt\/loja\/wp-json\/wp\/v2\/media\/57129"}],"wp:attachment":[{"href":"https:\/\/www.ateti.pt\/loja\/wp-json\/wp\/v2\/media?parent=14286"}],"wp:term":[{"taxonomy":"product_brand","embeddable":true,"href":"https:\/\/www.ateti.pt\/loja\/wp-json\/wp\/v2\/product_brand?post=14286"},{"taxonomy":"product_cat","embeddable":true,"href":"https:\/\/www.ateti.pt\/loja\/wp-json\/wp\/v2\/product_cat?post=14286"},{"taxonomy":"product_tag","embeddable":true,"href":"https:\/\/www.ateti.pt\/loja\/wp-json\/wp\/v2\/product_tag?post=14286"},{"taxonomy":"woo-feed-brand","embeddable":true,"href":"https:\/\/www.ateti.pt\/loja\/wp-json\/wp\/v2\/woo-feed-brand?post=14286"}],"curies":[{"name":"wp","href":"https:\/\/api.w.org\/{rel}","templated":true}]}}