{"id":14205,"date":"2025-12-30T06:33:24","date_gmt":"2025-12-30T06:33:24","guid":{"rendered":"https:\/\/www.ateti.pt\/loja\/?post_type=product&#038;p=14205"},"modified":"2026-04-21T16:20:30","modified_gmt":"2026-04-21T15:20:30","slug":"mistura-de-frutos-secos-e-fruta-desidratada-1kg-masterchef","status":"publish","type":"product","link":"https:\/\/www.ateti.pt\/loja\/produto\/mistura-de-frutos-secos-e-fruta-desidratada-1kg-masterchef\/","title":{"rendered":"Mistura de Frutos Secos e Fruta Desidratada 1kg Masterchef"},"content":{"rendered":"<p><strong>Mistura de Frutos Secos e Fruta Desidratada<\/strong><\/p>\n<h5>Descri\u00e7\u00e3o:<\/h5>\n<p>O melhor combina\u00e7\u00e3o e mistura num cocktail de frutos secos, para saborear como snack e aperitivo para toda a fam\u00edlia.<\/p>\n<h5>Ingredientes:<\/h5>\n<p>Amendoim frito com sal , milho frito com sal , fava frita com sal, caju frito com sal, am\u00eandoa frita com sal, \u00f3leo vegetal de girassol e sal.<\/p>\n<h5>Alergias ou Intoler\u00e2ncias:<\/h5>\n<p>Pode conter vest\u00edgios de outros FRUTOS DE CASCA RIJA, GLUTEN, SOJA, LACTOSE e DERIVADOS.<\/p>\n<h5>Condi\u00e7\u00f5es especiais de conserva\u00e7\u00e3o<\/h5>\n<p>Conservar em local seco e fresco. Proteger da luz solar. Manter a embalagem fechada ap\u00f3s cada utiliza\u00e7\u00e3o.<\/p>\n<p>Quantidade: 250g<\/p>\n<p>Encontre aqui mais <a href=\"https:\/\/www.ateti.pt\/loja\/categoria\/frutas-e-legumes\/frutossecos\/granel\/\">frutos secos a granel<\/a>.<\/p>\n","protected":false},"excerpt":{"rendered":"<p>15.79\u20ac\/KG<\/p>\n","protected":false},"featured_media":77910,"comment_status":"closed","ping_status":"closed","template":"","meta":{"_themeisle_gutenberg_block_has_review":false},"product_brand":[],"product_cat":[206,197,198],"product_tag":[],"woo-feed-brand":[],"class_list":{"0":"post-14205","1":"product","2":"type-product","3":"status-publish","4":"has-post-thumbnail","6":"product_cat-aperitivos","7":"product_cat-frutossecos","8":"product_cat-granel","9":"ts_product_brand-ate-ti","11":"first","12":"instock","13":"taxable","14":"shipping-taxable","15":"purchasable","16":"product-type-simple"},"_links":{"self":[{"href":"https:\/\/www.ateti.pt\/loja\/wp-json\/wp\/v2\/product\/14205","targetHints":{"allow":["GET"]}}],"collection":[{"href":"https:\/\/www.ateti.pt\/loja\/wp-json\/wp\/v2\/product"}],"about":[{"href":"https:\/\/www.ateti.pt\/loja\/wp-json\/wp\/v2\/types\/product"}],"replies":[{"embeddable":true,"href":"https:\/\/www.ateti.pt\/loja\/wp-json\/wp\/v2\/comments?post=14205"}],"wp:featuredmedia":[{"embeddable":true,"href":"https:\/\/www.ateti.pt\/loja\/wp-json\/wp\/v2\/media\/77910"}],"wp:attachment":[{"href":"https:\/\/www.ateti.pt\/loja\/wp-json\/wp\/v2\/media?parent=14205"}],"wp:term":[{"taxonomy":"product_brand","embeddable":true,"href":"https:\/\/www.ateti.pt\/loja\/wp-json\/wp\/v2\/product_brand?post=14205"},{"taxonomy":"product_cat","embeddable":true,"href":"https:\/\/www.ateti.pt\/loja\/wp-json\/wp\/v2\/product_cat?post=14205"},{"taxonomy":"product_tag","embeddable":true,"href":"https:\/\/www.ateti.pt\/loja\/wp-json\/wp\/v2\/product_tag?post=14205"},{"taxonomy":"woo-feed-brand","embeddable":true,"href":"https:\/\/www.ateti.pt\/loja\/wp-json\/wp\/v2\/woo-feed-brand?post=14205"}],"curies":[{"name":"wp","href":"https:\/\/api.w.org\/{rel}","templated":true}]}}