{"id":14192,"date":"2020-03-31T17:56:22","date_gmt":"2020-03-31T16:56:22","guid":{"rendered":"https:\/\/www.ateti.pt\/loja\/?post_type=product&#038;p=14192"},"modified":"2024-12-02T12:22:48","modified_gmt":"2024-12-02T12:22:48","slug":"rolo-industrial-joker-2x350m","status":"publish","type":"product","link":"https:\/\/www.ateti.pt\/loja\/produto\/rolo-industrial-joker-2x350m\/","title":{"rendered":"Rolo de Papel Multiusos Industrial Pack 2x400m Joker"},"content":{"rendered":"<h5>Rolo Industrial Joker<\/h5>\n<p>Quantidade: 2x400m<\/p>\n<p>Aqui encontra todos os produtos que precisa para manter a sua higiene. Aos melhores pre\u00e7os. Encomende j\u00e1 para a sua empresa, neg\u00f3cio, escrit\u00f3rio.<\/p>\n<p>Compre online no supermercado At\u00e9 Ti.<\/p>\n<p class=\"Standard\">Veja mais em <a href=\"https:\/\/www.ateti.pt\/loja\/categoria\/ate-ti-negocios\/\">At\u00e9 Ti Neg\u00f3cios<\/a><\/p>\n","protected":false},"excerpt":{"rendered":"<p>0.036\u20ac\/MT<\/p>\n","protected":false},"featured_media":60614,"comment_status":"closed","ping_status":"closed","template":"","meta":{"_themeisle_gutenberg_block_has_review":false},"product_brand":[],"product_cat":[192,250,190,193,683,543],"product_tag":[],"woo-feed-brand":[],"class_list":{"0":"post-14192","1":"product","2":"type-product","3":"status-publish","4":"has-post-thumbnail","6":"product_cat-acessorios-de-cozinha-casa-de-banho","7":"product_cat-ate-ti-negocios","8":"product_cat-desinfetantes-e-limpeza","9":"product_cat-grandes-formatos","10":"product_cat-higiene-higiene-e-limpeza-office","11":"product_cat-limpeza-higiene","12":"ts_product_brand-joker","14":"first","15":"instock","16":"taxable","17":"shipping-taxable","18":"purchasable","19":"product-type-simple"},"_links":{"self":[{"href":"https:\/\/www.ateti.pt\/loja\/wp-json\/wp\/v2\/product\/14192","targetHints":{"allow":["GET"]}}],"collection":[{"href":"https:\/\/www.ateti.pt\/loja\/wp-json\/wp\/v2\/product"}],"about":[{"href":"https:\/\/www.ateti.pt\/loja\/wp-json\/wp\/v2\/types\/product"}],"replies":[{"embeddable":true,"href":"https:\/\/www.ateti.pt\/loja\/wp-json\/wp\/v2\/comments?post=14192"}],"wp:featuredmedia":[{"embeddable":true,"href":"https:\/\/www.ateti.pt\/loja\/wp-json\/wp\/v2\/media\/60614"}],"wp:attachment":[{"href":"https:\/\/www.ateti.pt\/loja\/wp-json\/wp\/v2\/media?parent=14192"}],"wp:term":[{"taxonomy":"product_brand","embeddable":true,"href":"https:\/\/www.ateti.pt\/loja\/wp-json\/wp\/v2\/product_brand?post=14192"},{"taxonomy":"product_cat","embeddable":true,"href":"https:\/\/www.ateti.pt\/loja\/wp-json\/wp\/v2\/product_cat?post=14192"},{"taxonomy":"product_tag","embeddable":true,"href":"https:\/\/www.ateti.pt\/loja\/wp-json\/wp\/v2\/product_tag?post=14192"},{"taxonomy":"woo-feed-brand","embeddable":true,"href":"https:\/\/www.ateti.pt\/loja\/wp-json\/wp\/v2\/woo-feed-brand?post=14192"}],"curies":[{"name":"wp","href":"https:\/\/api.w.org\/{rel}","templated":true}]}}