{"id":14182,"date":"2021-06-01T17:22:45","date_gmt":"2021-06-01T16:22:45","guid":{"rendered":"https:\/\/www.ateti.pt\/loja\/?post_type=product&#038;p=14182"},"modified":"2026-03-26T14:52:09","modified_gmt":"2026-03-26T14:52:09","slug":"rolo-papel-aluminio-profissional-30cm","status":"publish","type":"product","link":"https:\/\/www.ateti.pt\/loja\/produto\/rolo-papel-aluminio-profissional-30cm\/","title":{"rendered":"Papel Alum\u00ednio Profissional 30cm x 200m"},"content":{"rendered":"<h5>Papel Alum\u00ednio Profissional<\/h5>\n<p>Embalagens de alum\u00ednio ou pl\u00e1stico para restaurantes, para take away e entregas ao domic\u00edlio. Embalagens resistentes, pr\u00e1ticas e perfeitas para transportar refei\u00e7\u00f5es.<br \/>\nV\u00e1rios modelos e capacidades no supermercado online At\u00e9 Ti.<\/p>\n<p><strong>Tamanho:<\/strong> 30cm x 200m<\/p>\n<p><strong>Quantidade: 1 <\/strong>un.<\/p>\n<p>Veja mais em <a href=\"https:\/\/www.ateti.pt\/loja\/categoria\/office\/\">Office<\/a><\/p>\n","protected":false},"excerpt":{"rendered":"<p>0.07\u20ac\/metro<\/p>\n","protected":false},"featured_media":31517,"comment_status":"closed","ping_status":"closed","template":"","meta":{"_themeisle_gutenberg_block_has_review":false},"product_brand":[],"product_cat":[192,250,190,682,193,543],"product_tag":[],"woo-feed-brand":[],"class_list":{"0":"post-14182","1":"product","2":"type-product","3":"status-publish","4":"has-post-thumbnail","6":"product_cat-acessorios-de-cozinha-casa-de-banho","7":"product_cat-ate-ti-negocios","8":"product_cat-desinfetantes-e-limpeza","9":"product_cat-embalagens-take-away","10":"product_cat-grandes-formatos","11":"product_cat-limpeza-higiene","12":"ts_product_brand-ate-ti","14":"first","15":"instock","16":"taxable","17":"shipping-taxable","18":"purchasable","19":"product-type-simple"},"_links":{"self":[{"href":"https:\/\/www.ateti.pt\/loja\/wp-json\/wp\/v2\/product\/14182","targetHints":{"allow":["GET"]}}],"collection":[{"href":"https:\/\/www.ateti.pt\/loja\/wp-json\/wp\/v2\/product"}],"about":[{"href":"https:\/\/www.ateti.pt\/loja\/wp-json\/wp\/v2\/types\/product"}],"replies":[{"embeddable":true,"href":"https:\/\/www.ateti.pt\/loja\/wp-json\/wp\/v2\/comments?post=14182"}],"wp:featuredmedia":[{"embeddable":true,"href":"https:\/\/www.ateti.pt\/loja\/wp-json\/wp\/v2\/media\/31517"}],"wp:attachment":[{"href":"https:\/\/www.ateti.pt\/loja\/wp-json\/wp\/v2\/media?parent=14182"}],"wp:term":[{"taxonomy":"product_brand","embeddable":true,"href":"https:\/\/www.ateti.pt\/loja\/wp-json\/wp\/v2\/product_brand?post=14182"},{"taxonomy":"product_cat","embeddable":true,"href":"https:\/\/www.ateti.pt\/loja\/wp-json\/wp\/v2\/product_cat?post=14182"},{"taxonomy":"product_tag","embeddable":true,"href":"https:\/\/www.ateti.pt\/loja\/wp-json\/wp\/v2\/product_tag?post=14182"},{"taxonomy":"woo-feed-brand","embeddable":true,"href":"https:\/\/www.ateti.pt\/loja\/wp-json\/wp\/v2\/woo-feed-brand?post=14182"}],"curies":[{"name":"wp","href":"https:\/\/api.w.org\/{rel}","templated":true}]}}