{"id":14135,"date":"2020-03-30T22:06:56","date_gmt":"2020-03-30T21:06:56","guid":{"rendered":"https:\/\/www.ateti.pt\/loja\/?post_type=product&#038;p=14135"},"modified":"2026-03-25T12:50:43","modified_gmt":"2026-03-25T12:50:43","slug":"farinha-fina-kg-branca-de-neve","status":"publish","type":"product","link":"https:\/\/www.ateti.pt\/loja\/produto\/farinha-fina-kg-branca-de-neve\/","title":{"rendered":"Farinha Fina 1Kg Branca de Neve"},"content":{"rendered":"<p><strong>Farinha Fina Branca de Neve<\/strong><\/p>\n<p>Quantidade: 1Kg<\/p>\n<p>A Farinha Branca de Neve Fina \u00e9 uma farinha de trigo auto-levedante especialmente indicada para a confec\u00e7\u00e3o de bolos, bolinhos, queques, biscoitos, bem como para todas as prepara\u00e7\u00f5es culin\u00e1rias em que se pretenda um resultado leve e fofo.<\/p>\n<p>Ingredientes: farinha de trigo, fermento (levedantes: fosfato monoc\u00e1lcico e bicarbonato de s\u00f3dio, e farinha de arroz).<\/p>\n<p>Cont\u00e9m gl\u00faten.<\/p>\n<p>Conservar em local seco, fresco e afastado da luz.<\/p>\n<table>\n<tbody>\n<tr>\n<td><strong>Valores Nutricionais M\u00e9dios<\/strong><\/td>\n<td><strong>Por 100g de produto\u00a0<\/strong><\/td>\n<\/tr>\n<tr>\n<td>energia (kJ\/kcal)<\/td>\n<td>1461\/349<\/td>\n<\/tr>\n<tr>\n<td>l\u00edpidos (g)<\/td>\n<td>1,2<\/td>\n<\/tr>\n<tr>\n<td>\u00a0 \u00a0 dos quais saturados (g)<\/td>\n<td>0,4<\/td>\n<\/tr>\n<tr>\n<td>hidratos de carbono (g)<\/td>\n<td>74<\/td>\n<\/tr>\n<tr>\n<td>\u00a0 \u00a0 dos quais a\u00e7\u00facares (g)<\/td>\n<td>2,7<\/td>\n<\/tr>\n<tr>\n<td>fibra (g)<\/td>\n<td>2,6<\/td>\n<\/tr>\n<tr>\n<td>prote\u00ednas (g)<\/td>\n<td>9,0<\/td>\n<\/tr>\n<tr>\n<td>sal (g)<\/td>\n<td>0,90<\/td>\n<\/tr>\n<\/tbody>\n<\/table>\n<p>Sugest\u00e3o de receita<\/p>\n<p>Queques<\/p>\n<p><strong>Ingredientes:<\/strong><\/p>\n<p>125g de Farinha<br \/>\n125g de a\u00e7\u00facar<br \/>\n125 g de margarina<br \/>\n3 ovos<br \/>\n1 pitada de sal<br \/>\n60 g de am\u00eandoas mo\u00eddas<br \/>\n1 colher de sopa de leite<br \/>\nOp\u00e7\u00e3o &#8211; Forminhas de papel<\/p>\n<p><strong>Prepara\u00e7\u00e3o:<\/strong><\/p>\n<ol>\n<li>\n<div class=\"html-content\">Junte com a ajuda de uma colher a farinha com o a\u00e7\u00facar e os ovos amassando bem. Aos poucos acrescente a margarina derretida mas n\u00e3o quente, o sal, a \u00e1gua e as am\u00eandoas. Deixe a massa a repousar cerca de 1 hora no frigor\u00edfico.<\/div>\n<\/li>\n<li>\n<div class=\"step ff-montserrat bg-color-light-1\">Encha forminhas de queques previamente untadas de margarina. Ou tamb\u00e9m pode colocar em forminhas de papel, para facilitar o manuseamento.<\/div>\n<\/li>\n<li>\n<div class=\"step ff-montserrat bg-color-light-1\">Leve a cozer em forno quente cerca de 15 a 20 minutos. Desenforme e deixe arrefecer sobre uma rede.<\/div>\n<\/li>\n<\/ol>\n<p>Veja mais em<a href=\"https:\/\/www.ateti.pt\/loja\/categoria\/mercearia\/farinhaeacucares\/\"> Farinhas e A\u00e7\u00facares<\/a><\/p>\n","protected":false},"excerpt":{"rendered":"<p>1.69\u20ac\/KG<\/p>\n","protected":false},"featured_media":57250,"comment_status":"closed","ping_status":"closed","template":"","meta":{"_themeisle_gutenberg_block_has_review":false},"product_brand":[],"product_cat":[188,132],"product_tag":[],"woo-feed-brand":[],"class_list":{"0":"post-14135","1":"product","2":"type-product","3":"status-publish","4":"has-post-thumbnail","6":"product_cat-farinhaeacucares","7":"product_cat-mercearia","8":"ts_product_brand-branca-de-neve","10":"first","11":"instock","12":"taxable","13":"shipping-taxable","14":"purchasable","15":"product-type-simple"},"_links":{"self":[{"href":"https:\/\/www.ateti.pt\/loja\/wp-json\/wp\/v2\/product\/14135","targetHints":{"allow":["GET"]}}],"collection":[{"href":"https:\/\/www.ateti.pt\/loja\/wp-json\/wp\/v2\/product"}],"about":[{"href":"https:\/\/www.ateti.pt\/loja\/wp-json\/wp\/v2\/types\/product"}],"replies":[{"embeddable":true,"href":"https:\/\/www.ateti.pt\/loja\/wp-json\/wp\/v2\/comments?post=14135"}],"wp:featuredmedia":[{"embeddable":true,"href":"https:\/\/www.ateti.pt\/loja\/wp-json\/wp\/v2\/media\/57250"}],"wp:attachment":[{"href":"https:\/\/www.ateti.pt\/loja\/wp-json\/wp\/v2\/media?parent=14135"}],"wp:term":[{"taxonomy":"product_brand","embeddable":true,"href":"https:\/\/www.ateti.pt\/loja\/wp-json\/wp\/v2\/product_brand?post=14135"},{"taxonomy":"product_cat","embeddable":true,"href":"https:\/\/www.ateti.pt\/loja\/wp-json\/wp\/v2\/product_cat?post=14135"},{"taxonomy":"product_tag","embeddable":true,"href":"https:\/\/www.ateti.pt\/loja\/wp-json\/wp\/v2\/product_tag?post=14135"},{"taxonomy":"woo-feed-brand","embeddable":true,"href":"https:\/\/www.ateti.pt\/loja\/wp-json\/wp\/v2\/woo-feed-brand?post=14135"}],"curies":[{"name":"wp","href":"https:\/\/api.w.org\/{rel}","templated":true}]}}