{"id":14132,"date":"2020-03-30T21:57:11","date_gmt":"2020-03-30T20:57:11","guid":{"rendered":"https:\/\/www.ateti.pt\/loja\/?post_type=product&#038;p=14132"},"modified":"2025-07-29T21:34:13","modified_gmt":"2025-07-29T20:34:13","slug":"vinagre-500ml-v-tiinto-peninsular","status":"publish","type":"product","link":"https:\/\/www.ateti.pt\/loja\/produto\/vinagre-500ml-v-tiinto-peninsular\/","title":{"rendered":"Vinagre Vinho Tinto Peninsular 500mL"},"content":{"rendered":"<p><strong>Vinagre Vinho Tinto Peninsular<\/strong><\/p>\n<p>Quantidade: 500mL<\/p>\n<p>Sugest\u00e3o de receita<\/p>\n<h5>Molho Vinagrete<\/h5>\n<p><strong>Ingredientes:<\/strong><\/p>\n<ul>\n<li><span class=\"p-ingredient\" tabindex=\"0\">2 cebolas grandes cortadas em cubos<\/span><\/li>\n<li><span class=\"p-ingredient\" tabindex=\"0\">2 tomates sem semente e cortados em cubos<\/span><\/li>\n<li><span class=\"p-ingredient\" tabindex=\"0\">1\/2 piment\u00e3o verde cortado em cubos<\/span><\/li>\n<li><span class=\"p-ingredient\" tabindex=\"0\">1\/2 x\u00edcara (ch\u00e1) de vinagre<\/span><\/li>\n<li><span class=\"p-ingredient\" tabindex=\"0\">1 x\u00edcara (ch\u00e1) de azeite<\/span><\/li>\n<li><span class=\"p-ingredient\" tabindex=\"0\">1 colher (sobremesa) rasa de a\u00e7\u00facar<\/span><\/li>\n<li><span class=\"p-ingredient\" tabindex=\"0\">Sal a gosto<\/span><\/li>\n<\/ul>\n<p><strong>Prepara\u00e7\u00e3o:<\/strong><\/p>\n<ol>\n<li><span tabindex=\"0\">Em um recipiente com tampa misture todos os ingredientes<\/span><\/li>\n<li><span tabindex=\"0\">Deixe na geladeira por duas horas<\/span><\/li>\n<li><span tabindex=\"0\">Dica: O a\u00e7\u00facar \u00e9 pra suavizar o sabor, tirando a acidez do vinagre.<\/span><\/li>\n<\/ol>\n<p>Bom apetite!<\/p>\n<p>Veja mais em <a href=\"https:\/\/www.ateti.pt\/loja\/categoria\/mercearia\/temperos-e-molhos\/\">Temperos e Molhos<\/a><\/p>\n<p>&nbsp;<\/p>\n","protected":false},"excerpt":{"rendered":"<p>1.98\u20ac\/LT<\/p>\n","protected":false},"featured_media":60741,"comment_status":"closed","ping_status":"closed","template":"","meta":{"_themeisle_gutenberg_block_has_review":false},"product_brand":[],"product_cat":[132,174],"product_tag":[],"woo-feed-brand":[],"class_list":{"0":"post-14132","1":"product","2":"type-product","3":"status-publish","4":"has-post-thumbnail","6":"product_cat-mercearia","7":"product_cat-temperos-e-molhos","8":"ts_product_brand-peninsular","10":"first","11":"instock","12":"taxable","13":"shipping-taxable","14":"purchasable","15":"product-type-simple"},"_links":{"self":[{"href":"https:\/\/www.ateti.pt\/loja\/wp-json\/wp\/v2\/product\/14132","targetHints":{"allow":["GET"]}}],"collection":[{"href":"https:\/\/www.ateti.pt\/loja\/wp-json\/wp\/v2\/product"}],"about":[{"href":"https:\/\/www.ateti.pt\/loja\/wp-json\/wp\/v2\/types\/product"}],"replies":[{"embeddable":true,"href":"https:\/\/www.ateti.pt\/loja\/wp-json\/wp\/v2\/comments?post=14132"}],"wp:featuredmedia":[{"embeddable":true,"href":"https:\/\/www.ateti.pt\/loja\/wp-json\/wp\/v2\/media\/60741"}],"wp:attachment":[{"href":"https:\/\/www.ateti.pt\/loja\/wp-json\/wp\/v2\/media?parent=14132"}],"wp:term":[{"taxonomy":"product_brand","embeddable":true,"href":"https:\/\/www.ateti.pt\/loja\/wp-json\/wp\/v2\/product_brand?post=14132"},{"taxonomy":"product_cat","embeddable":true,"href":"https:\/\/www.ateti.pt\/loja\/wp-json\/wp\/v2\/product_cat?post=14132"},{"taxonomy":"product_tag","embeddable":true,"href":"https:\/\/www.ateti.pt\/loja\/wp-json\/wp\/v2\/product_tag?post=14132"},{"taxonomy":"woo-feed-brand","embeddable":true,"href":"https:\/\/www.ateti.pt\/loja\/wp-json\/wp\/v2\/woo-feed-brand?post=14132"}],"curies":[{"name":"wp","href":"https:\/\/api.w.org\/{rel}","templated":true}]}}